{"id":9871,"date":"2023-06-23T10:09:58","date_gmt":"2023-06-23T08:09:58","guid":{"rendered":"https:\/\/iufor.palencia.uva.es\/?page_id=9871"},"modified":"2026-01-26T16:27:22","modified_gmt":"2026-01-26T14:27:22","slug":"erc-en-el-iufor","status":"publish","type":"page","link":"https:\/\/www.programador.online\/uifor\/unete-al-iufor\/erc-en-el-iufor\/","title":{"rendered":"ERC en el iuFOR"},"content":{"rendered":"<div class=\"fusion-fullwidth fullwidth-box fusion-builder-row-1 fusion-flex-container nonhundred-percent-fullwidth non-hundred-percent-height-scrolling\" style=\"--awb-border-color:var(--awb-color1);--awb-border-style:dotted;--awb-border-radius-top-left:0px;--awb-border-radius-top-right:0px;--awb-border-radius-bottom-right:0px;--awb-border-radius-bottom-left:0px;--awb-padding-right:0px;--awb-flex-wrap:wrap;\" ><div class=\"fusion-builder-row fusion-row fusion-flex-align-items-flex-start fusion-flex-content-wrap\" style=\"max-width:1289.6px;margin-left: calc(-4% \/ 2 );margin-right: calc(-4% \/ 2 );\"><div class=\"fusion-layout-column fusion_builder_column fusion-builder-column-0 fusion_builder_column_1_1 1_1 fusion-flex-column\" style=\"--awb-bg-size:cover;--awb-width-large:100%;--awb-margin-top-large:0px;--awb-spacing-right-large:1.92%;--awb-margin-bottom-large:20px;--awb-spacing-left-large:1.92%;--awb-width-medium:100%;--awb-order-medium:0;--awb-spacing-right-medium:1.92%;--awb-spacing-left-medium:1.92%;--awb-width-small:100%;--awb-order-small:0;--awb-spacing-right-small:1.92%;--awb-spacing-left-small:1.92%;\"><div class=\"fusion-column-wrapper fusion-column-has-shadow fusion-flex-justify-content-flex-start fusion-content-layout-column\"><div class=\"fusion-text fusion-text-1\"><p style=\"color: var(--awb-custom_color_3);\">En el iuFOR promovemos activamente la participaci\u00f3n en el renombrado <b><a href=\"https:\/\/erc.europa.eu\/homepage\" target=\"_blank\" rel=\"noopener noreferrer\">programa ERC de la Uni\u00f3n Europea<\/a><\/b>. Por esta raz\u00f3n, ofrecemos condiciones laborales estables a investigadores e investigadoras, j\u00f3venes y seniors, que logren obtener esta prestigiosa beca. Nuestro compromiso es brindar un entorno de trabajo excepcional para aquellos que deseen llevar a cabo investigaciones de vanguardia y contribuir al avance del conocimiento cient\u00edfico en el \u00e1mbito forestal.<\/p>\n<p style=\"color: var(--awb-custom_color_3);\">El programa de European Research Council (ERC) est\u00e1 comprometido con la ciencia b\u00e1sica y ofrece financiaci\u00f3n a investigadores excelentes y sus equipos, promoviendo la innovaci\u00f3n basada en la excelencia cient\u00edfica.<\/p>\n<p style=\"color: var(--awb-custom_color_3);\">El iuFOR te ofrece formaci\u00f3n y mentor\u00edas realizadas por expertos y expertas en la evaluaci\u00f3n de propuestas de ERC, para ayudarte a analizar tu CV y dirigir tu solicitud. Adem\u00e1s, t<span style=\"color: var(--awb-custom_color_3); background-color: rgba(0, 0, 0, 0);\">e brindamos nuestro apoyo en los procesos de redacci\u00f3n y revisi\u00f3n de tu propuesta, en colaboraci\u00f3n con las expertas externas, personas que ya han conseguido una ERC y el resto de miembros del iuFOR.<\/span><\/p>\n<p style=\"color: var(--awb-custom_color_3);\">La Universidad de Valladolid cuenta adem\u00e1s con la Oficina de Proyectos Europeos de la Universidad de Valladolid (OPEUVa) que ofrece apoyo a los investigadores en la preparaci\u00f3n, gesti\u00f3n, negociaci\u00f3n y justificaci\u00f3n de proyectos internacionales, desde la idea inicial del proyecto hasta su finalizaci\u00f3n.<\/p>\n<p style=\"color: var(--awb-custom_color_3);\">\n<\/div><\/div><\/div><div class=\"fusion-layout-column fusion_builder_column fusion-builder-column-1 fusion_builder_column_1_2 1_2 fusion-flex-column\" style=\"--awb-bg-size:cover;--awb-width-large:50%;--awb-margin-top-large:0px;--awb-spacing-right-large:3.84%;--awb-margin-bottom-large:20px;--awb-spacing-left-large:3.84%;--awb-width-medium:50%;--awb-order-medium:0;--awb-spacing-right-medium:3.84%;--awb-spacing-left-medium:3.84%;--awb-width-small:100%;--awb-order-small:0;--awb-spacing-right-small:1.92%;--awb-spacing-left-small:1.92%;\"><div class=\"fusion-column-wrapper fusion-column-has-shadow fusion-flex-justify-content-flex-start fusion-content-layout-column\"><div class=\"fusion-title title fusion-title-1 fusion-sep-none fusion-title-text fusion-title-size-two\" style=\"--awb-text-color:var(--awb-custom_color_3);--awb-margin-top:30px;--awb-margin-bottom:30px;--awb-font-size:1.6rem;\"><h2 class=\"fusion-title-heading title-heading-left fusion-responsive-typography-calculated\" style=\"margin:0;font-size:1em;--fontSize:32;line-height:var(--awb-typography1-line-height);\">MENTORING &gt; Te acompa\u00f1amos en el proceso de solicitud de tu beca<\/h2><\/div><div class=\"fusion-text fusion-text-2\"><p style=\"color: var(--awb-custom_color_3);\"><b><span style=\"color: var(--awb-color8);\">Existen las siguientes categor\u00edas de beca:<\/span><\/b><\/p>\n<p style=\"color: var(--awb-custom_color_3);\"><b>ERC Starting Grants<\/b>: 1.5 millones de euros por 5 a\u00f1os, para investigadores con entre 2 y 7 a\u00f1os de experiencia.<\/p>\n<p style=\"color: var(--awb-custom_color_3);\"><b>ERC Consolidator Grants:<\/b> (2 millones de euros por 5 a\u00f1os, para investigadores con entre 7-12 a\u00f1os de experiencia post-doctoral.<\/p>\n<p style=\"color: var(--awb-custom_color_3);\"><b>ERC Advanced Grants:<\/b> 2.5 millones de euros por 5 a\u00f1os, para investigadores senior ya establecidos.<\/p>\n<\/div><\/div><\/div><div class=\"fusion-layout-column fusion_builder_column fusion-builder-column-2 fusion_builder_column_1_2 1_2 fusion-flex-column\" style=\"--awb-bg-size:cover;--awb-width-large:50%;--awb-margin-top-large:0px;--awb-spacing-right-large:3.84%;--awb-margin-bottom-large:20px;--awb-spacing-left-large:3.84%;--awb-width-medium:50%;--awb-order-medium:0;--awb-spacing-right-medium:3.84%;--awb-spacing-left-medium:3.84%;--awb-width-small:100%;--awb-order-small:0;--awb-spacing-right-small:1.92%;--awb-spacing-left-small:1.92%;\"><div class=\"fusion-column-wrapper fusion-column-has-shadow fusion-flex-justify-content-flex-start fusion-content-layout-column\"><div class=\"fusion-title title fusion-title-2 fusion-sep-none fusion-title-text fusion-title-size-two\" style=\"--awb-text-color:var(--awb-custom_color_3);--awb-margin-top:30px;--awb-margin-bottom:30px;--awb-font-size:1.6rem;\"><h2 class=\"fusion-title-heading title-heading-left fusion-responsive-typography-calculated\" style=\"margin:0;font-size:1em;--fontSize:32;line-height:var(--awb-typography1-line-height);\">APOYO A LA INVESTIGACI\u00d3N &gt; Te ayudamos en el proceso de solicitud de tu beca<\/h2><\/div><div class=\"fusion-text fusion-text-3\"><p><b style=\"color: rgb(0, 151, 70);\">Una vez conseguida la beca te ofrecemos:<\/b><\/p>\n<p style=\"color: var(--awb-custom_color_3);\">&#8211; Estabilizaci\u00f3n laboral en un entorno \u00f3ptimo para desarrollar tu investigaci\u00f3n.<\/p>\n<p style=\"color: var(--awb-custom_color_3);\">&#8211; Apoyo en temas administrativos y financieros.<\/p>\n<p style=\"color: var(--awb-custom_color_3);\">&#8211; Asesoramiento en temas de comunicaci\u00f3n, impacto y acceso abierto.<\/p>\n<\/div><\/div><\/div><div class=\"fusion-layout-column fusion_builder_column fusion-builder-column-3 fusion_builder_column_1_1 1_1 fusion-flex-column\" style=\"--awb-bg-size:cover;--awb-width-large:100%;--awb-margin-top-large:0px;--awb-spacing-right-large:1.92%;--awb-margin-bottom-large:20px;--awb-spacing-left-large:1.92%;--awb-width-medium:100%;--awb-order-medium:0;--awb-spacing-right-medium:1.92%;--awb-spacing-left-medium:1.92%;--awb-width-small:100%;--awb-order-small:0;--awb-spacing-right-small:1.92%;--awb-spacing-left-small:1.92%;\"><div class=\"fusion-column-wrapper fusion-column-has-shadow fusion-flex-justify-content-flex-start fusion-content-layout-column\"><div class=\"fusion-title title fusion-title-3 fusion-sep-none fusion-title-text fusion-title-size-two\" style=\"--awb-text-color:var(--awb-custom_color_3);--awb-margin-top:30px;--awb-margin-bottom:30px;--awb-font-size:1.6rem;\"><h2 class=\"fusion-title-heading title-heading-left fusion-responsive-typography-calculated\" style=\"margin:0;font-size:1em;--fontSize:32;line-height:var(--awb-typography1-line-height);\">VIDEOS explicativos &gt; European Research Council<\/h2><\/div><\/div><\/div><div class=\"fusion-layout-column fusion_builder_column fusion-builder-column-4 fusion_builder_column_1_3 1_3 fusion-flex-column\" style=\"--awb-bg-size:cover;--awb-width-large:33.333333333333%;--awb-margin-top-large:0px;--awb-spacing-right-large:5.76%;--awb-margin-bottom-large:20px;--awb-spacing-left-large:5.76%;--awb-width-medium:33.333333333333%;--awb-order-medium:0;--awb-spacing-right-medium:5.76%;--awb-spacing-left-medium:5.76%;--awb-width-small:100%;--awb-order-small:0;--awb-spacing-right-small:1.92%;--awb-spacing-left-small:1.92%;\"><div class=\"fusion-column-wrapper fusion-column-has-shadow fusion-flex-justify-content-flex-start fusion-content-layout-column\"><div class=\"fusion-video fusion-youtube\" style=\"--awb-max-width:600px;--awb-max-height:360px;\"><div class=\"video-shortcode\"><div class=\"fluid-width-video-wrapper\" style=\"padding-top:60%;\" ><iframe title=\"YouTube video player 1\" src=\"https:\/\/www.youtube.com\/embed\/9-eybNg1pd4?wmode=transparent&autoplay=0&oida=1\" width=\"600\" height=\"360\" allowfullscreen allow=\"autoplay; clipboard-write; encrypted-media; gyroscope; picture-in-picture;\"><\/iframe><\/div><\/div><\/div><\/div><\/div><div class=\"fusion-layout-column fusion_builder_column fusion-builder-column-5 fusion_builder_column_1_3 1_3 fusion-flex-column\" style=\"--awb-bg-size:cover;--awb-width-large:33.333333333333%;--awb-margin-top-large:0px;--awb-spacing-right-large:5.76%;--awb-margin-bottom-large:20px;--awb-spacing-left-large:5.76%;--awb-width-medium:33.333333333333%;--awb-order-medium:0;--awb-spacing-right-medium:5.76%;--awb-spacing-left-medium:5.76%;--awb-width-small:100%;--awb-order-small:0;--awb-spacing-right-small:1.92%;--awb-spacing-left-small:1.92%;\"><div class=\"fusion-column-wrapper fusion-column-has-shadow fusion-flex-justify-content-flex-start fusion-content-layout-column\"><div class=\"fusion-video fusion-youtube\" style=\"--awb-max-width:600px;--awb-max-height:360px;\"><div class=\"video-shortcode\"><div class=\"fluid-width-video-wrapper\" style=\"padding-top:60%;\" ><iframe title=\"YouTube video player 2\" src=\"https:\/\/www.youtube.com\/embed\/JkQxhCk8nAM?wmode=transparent&autoplay=0&oida=1\" width=\"600\" height=\"360\" allowfullscreen allow=\"autoplay; clipboard-write; encrypted-media; gyroscope; picture-in-picture;\"><\/iframe><\/div><\/div><\/div><\/div><\/div><div class=\"fusion-layout-column fusion_builder_column fusion-builder-column-6 fusion_builder_column_1_3 1_3 fusion-flex-column\" style=\"--awb-bg-size:cover;--awb-width-large:33.333333333333%;--awb-margin-top-large:0px;--awb-spacing-right-large:5.76%;--awb-margin-bottom-large:20px;--awb-spacing-left-large:5.76%;--awb-width-medium:33.333333333333%;--awb-order-medium:0;--awb-spacing-right-medium:5.76%;--awb-spacing-left-medium:5.76%;--awb-width-small:100%;--awb-order-small:0;--awb-spacing-right-small:1.92%;--awb-spacing-left-small:1.92%;\"><div class=\"fusion-column-wrapper fusion-column-has-shadow fusion-flex-justify-content-flex-start fusion-content-layout-column\"><div class=\"fusion-video fusion-youtube\" style=\"--awb-max-width:600px;--awb-max-height:360px;\"><div class=\"video-shortcode\"><div class=\"fluid-width-video-wrapper\" style=\"padding-top:60%;\" ><iframe title=\"YouTube video player 3\" src=\"https:\/\/www.youtube.com\/embed\/DLpTnRUiJ9s?wmode=transparent&autoplay=0&oida=1\" width=\"600\" height=\"360\" allowfullscreen allow=\"autoplay; clipboard-write; encrypted-media; gyroscope; picture-in-picture;\"><\/iframe><\/div><\/div><\/div><\/div><\/div><\/div><\/div>\n","protected":false},"excerpt":{"rendered":"","protected":false},"author":2,"featured_media":0,"parent":7146,"menu_order":0,"comment_status":"closed","ping_status":"closed","template":"","meta":{"_acf_changed":false,"footnotes":""},"class_list":["post-9871","page","type-page","status-publish","hentry"],"acf":[],"yoast_head":"<!-- This site is optimized with the Yoast SEO plugin v27.4 - https:\/\/yoast.com\/product\/yoast-seo-wordpress\/ -->\n<title>ERC en el iuFOR - IUFOR<\/title>\n<meta name=\"robots\" content=\"index, follow, max-snippet:-1, max-image-preview:large, max-video-preview:-1\" \/>\n<link rel=\"canonical\" href=\"https:\/\/www.programador.online\/uifor\/unete-al-iufor\/erc-en-el-iufor\/\" \/>\n<meta property=\"og:locale\" content=\"es_ES\" \/>\n<meta property=\"og:type\" content=\"article\" \/>\n<meta property=\"og:title\" content=\"ERC en el iuFOR - IUFOR\" \/>\n<meta property=\"og:url\" content=\"https:\/\/www.programador.online\/uifor\/unete-al-iufor\/erc-en-el-iufor\/\" \/>\n<meta property=\"og:site_name\" content=\"IUFOR\" \/>\n<meta property=\"article:modified_time\" content=\"2026-01-26T14:27:22+00:00\" \/>\n<meta name=\"twitter:card\" content=\"summary_large_image\" \/>\n<meta name=\"twitter:label1\" content=\"Tiempo de lectura\" \/>\n\t<meta name=\"twitter:data1\" content=\"2 minutos\" \/>\n<script type=\"application\/ld+json\" class=\"yoast-schema-graph\">{\"@context\":\"https:\\\/\\\/schema.org\",\"@graph\":[{\"@type\":\"WebPage\",\"@id\":\"https:\\\/\\\/www.programador.online\\\/uifor\\\/unete-al-iufor\\\/erc-en-el-iufor\\\/\",\"url\":\"https:\\\/\\\/www.programador.online\\\/uifor\\\/unete-al-iufor\\\/erc-en-el-iufor\\\/\",\"name\":\"ERC en el iuFOR - IUFOR\",\"isPartOf\":{\"@id\":\"https:\\\/\\\/www.programador.online\\\/uifor\\\/#website\"},\"datePublished\":\"2023-06-23T08:09:58+00:00\",\"dateModified\":\"2026-01-26T14:27:22+00:00\",\"breadcrumb\":{\"@id\":\"https:\\\/\\\/www.programador.online\\\/uifor\\\/unete-al-iufor\\\/erc-en-el-iufor\\\/#breadcrumb\"},\"inLanguage\":\"es\",\"potentialAction\":[{\"@type\":\"ReadAction\",\"target\":[\"https:\\\/\\\/www.programador.online\\\/uifor\\\/unete-al-iufor\\\/erc-en-el-iufor\\\/\"]}]},{\"@type\":\"BreadcrumbList\",\"@id\":\"https:\\\/\\\/www.programador.online\\\/uifor\\\/unete-al-iufor\\\/erc-en-el-iufor\\\/#breadcrumb\",\"itemListElement\":[{\"@type\":\"ListItem\",\"position\":1,\"name\":\"Home\",\"item\":\"https:\\\/\\\/www.programador.online\\\/uifor\\\/\"},{\"@type\":\"ListItem\",\"position\":2,\"name\":\"\u00danete al iuFOR\",\"item\":\"https:\\\/\\\/www.programador.online\\\/uifor\\\/unete-al-iufor\\\/\"},{\"@type\":\"ListItem\",\"position\":3,\"name\":\"ERC en el iuFOR\"}]},{\"@type\":\"WebSite\",\"@id\":\"https:\\\/\\\/www.programador.online\\\/uifor\\\/#website\",\"url\":\"https:\\\/\\\/www.programador.online\\\/uifor\\\/\",\"name\":\"IUFOR\",\"description\":\"Instituto Universitario de Investigaci\u00f3n en Gesti\u00f3n Forestal Sostenible\",\"potentialAction\":[{\"@type\":\"SearchAction\",\"target\":{\"@type\":\"EntryPoint\",\"urlTemplate\":\"https:\\\/\\\/www.programador.online\\\/uifor\\\/?s={search_term_string}\"},\"query-input\":{\"@type\":\"PropertyValueSpecification\",\"valueRequired\":true,\"valueName\":\"search_term_string\"}}],\"inLanguage\":\"es\"}]}<\/script>\n<!-- \/ Yoast SEO plugin. -->","yoast_head_json":{"title":"ERC en el iuFOR - IUFOR","robots":{"index":"index","follow":"follow","max-snippet":"max-snippet:-1","max-image-preview":"max-image-preview:large","max-video-preview":"max-video-preview:-1"},"canonical":"https:\/\/www.programador.online\/uifor\/unete-al-iufor\/erc-en-el-iufor\/","og_locale":"es_ES","og_type":"article","og_title":"ERC en el iuFOR - IUFOR","og_url":"https:\/\/www.programador.online\/uifor\/unete-al-iufor\/erc-en-el-iufor\/","og_site_name":"IUFOR","article_modified_time":"2026-01-26T14:27:22+00:00","twitter_card":"summary_large_image","twitter_misc":{"Tiempo de lectura":"2 minutos"},"schema":{"@context":"https:\/\/schema.org","@graph":[{"@type":"WebPage","@id":"https:\/\/www.programador.online\/uifor\/unete-al-iufor\/erc-en-el-iufor\/","url":"https:\/\/www.programador.online\/uifor\/unete-al-iufor\/erc-en-el-iufor\/","name":"ERC en el iuFOR - IUFOR","isPartOf":{"@id":"https:\/\/www.programador.online\/uifor\/#website"},"datePublished":"2023-06-23T08:09:58+00:00","dateModified":"2026-01-26T14:27:22+00:00","breadcrumb":{"@id":"https:\/\/www.programador.online\/uifor\/unete-al-iufor\/erc-en-el-iufor\/#breadcrumb"},"inLanguage":"es","potentialAction":[{"@type":"ReadAction","target":["https:\/\/www.programador.online\/uifor\/unete-al-iufor\/erc-en-el-iufor\/"]}]},{"@type":"BreadcrumbList","@id":"https:\/\/www.programador.online\/uifor\/unete-al-iufor\/erc-en-el-iufor\/#breadcrumb","itemListElement":[{"@type":"ListItem","position":1,"name":"Home","item":"https:\/\/www.programador.online\/uifor\/"},{"@type":"ListItem","position":2,"name":"\u00danete al iuFOR","item":"https:\/\/www.programador.online\/uifor\/unete-al-iufor\/"},{"@type":"ListItem","position":3,"name":"ERC en el iuFOR"}]},{"@type":"WebSite","@id":"https:\/\/www.programador.online\/uifor\/#website","url":"https:\/\/www.programador.online\/uifor\/","name":"IUFOR","description":"Instituto Universitario de Investigaci\u00f3n en Gesti\u00f3n Forestal Sostenible","potentialAction":[{"@type":"SearchAction","target":{"@type":"EntryPoint","urlTemplate":"https:\/\/www.programador.online\/uifor\/?s={search_term_string}"},"query-input":{"@type":"PropertyValueSpecification","valueRequired":true,"valueName":"search_term_string"}}],"inLanguage":"es"}]}},"_links":{"self":[{"href":"https:\/\/www.programador.online\/uifor\/wp-json\/wp\/v2\/pages\/9871","targetHints":{"allow":["GET"]}}],"collection":[{"href":"https:\/\/www.programador.online\/uifor\/wp-json\/wp\/v2\/pages"}],"about":[{"href":"https:\/\/www.programador.online\/uifor\/wp-json\/wp\/v2\/types\/page"}],"author":[{"embeddable":true,"href":"https:\/\/www.programador.online\/uifor\/wp-json\/wp\/v2\/users\/2"}],"replies":[{"embeddable":true,"href":"https:\/\/www.programador.online\/uifor\/wp-json\/wp\/v2\/comments?post=9871"}],"version-history":[{"count":9,"href":"https:\/\/www.programador.online\/uifor\/wp-json\/wp\/v2\/pages\/9871\/revisions"}],"predecessor-version":[{"id":16329,"href":"https:\/\/www.programador.online\/uifor\/wp-json\/wp\/v2\/pages\/9871\/revisions\/16329"}],"up":[{"embeddable":true,"href":"https:\/\/www.programador.online\/uifor\/wp-json\/wp\/v2\/pages\/7146"}],"wp:attachment":[{"href":"https:\/\/www.programador.online\/uifor\/wp-json\/wp\/v2\/media?parent=9871"}],"curies":[{"name":"wp","href":"https:\/\/api.w.org\/{rel}","templated":true}]}}