{"id":9136,"date":"2023-06-06T12:10:03","date_gmt":"2023-06-06T10:10:03","guid":{"rendered":"https:\/\/iufor.palencia.uva.es\/?page_id=9136"},"modified":"2026-03-25T10:38:59","modified_gmt":"2026-03-25T08:38:59","slug":"doctorado","status":"publish","type":"page","link":"https:\/\/www.programador.online\/uifor\/formacion\/doctorado\/","title":{"rendered":"Doctorado"},"content":{"rendered":"<div class=\"fusion-fullwidth fullwidth-box fusion-builder-row-1 fusion-flex-container has-pattern-background has-mask-background nonhundred-percent-fullwidth non-hundred-percent-height-scrolling\" style=\"--awb-border-radius-top-left:0px;--awb-border-radius-top-right:0px;--awb-border-radius-bottom-right:0px;--awb-border-radius-bottom-left:0px;--awb-flex-wrap:wrap;\" ><div class=\"fusion-builder-row fusion-row fusion-flex-align-items-flex-start fusion-flex-content-wrap\" style=\"max-width:1289.6px;margin-left: calc(-4% \/ 2 );margin-right: calc(-4% \/ 2 );\"><div class=\"fusion-layout-column fusion_builder_column fusion-builder-column-0 fusion_builder_column_1_2 1_2 fusion-flex-column\" style=\"--awb-bg-size:cover;--awb-width-large:50%;--awb-margin-top-large:0px;--awb-spacing-right-large:3.84%;--awb-margin-bottom-large:20px;--awb-spacing-left-large:3.84%;--awb-width-medium:50%;--awb-order-medium:0;--awb-spacing-right-medium:3.84%;--awb-spacing-left-medium:3.84%;--awb-width-small:100%;--awb-order-small:0;--awb-spacing-right-small:1.92%;--awb-spacing-left-small:1.92%;\"><div class=\"fusion-column-wrapper fusion-column-has-shadow fusion-flex-justify-content-flex-start fusion-content-layout-column\"><div class=\"fusion-text fusion-text-1\" style=\"--awb-text-color:var(--awb-custom_color_3);\"><p>El iuFOR coordina este programa para formar profesionales capaces de generar nuevo conocimiento para la gesti\u00f3n forestal sostenible.<\/p>\n<p>Para completar el doctorado se debe presentar y defender la tesis doctoral: un trabajo original de investigaci\u00f3n, en este caso dentro del \u00e1mbito de la ciencia forestal, que debe ser defendido en sesi\u00f3n p\u00fablica por el\/la candidato\/a a doctor\/a ante un tribunal, de acuerdo con la <a href=\"https:\/\/esduva.uva.es\/la-escuela\/normativa\/\" target=\"_blank\" rel=\"noopener noreferrer\">normativa <\/a>espa\u00f1ola de doctorado. Su presentaci\u00f3n y defensa permite la obtenci\u00f3n del t\u00edtulo de Doctor y capacita como trabajador aut\u00f3nomo en el \u00e1mbito de I+D+i.<\/p>\n<\/div><div class=\"fusion-text fusion-text-2\" style=\"--awb-text-color:var(--awb-custom_color_3);\"><p>Existen dos modalidades de tesis doctorales:<\/p>\n<\/div><div class=\"fusion-title title fusion-title-1 fusion-sep-none fusion-title-text fusion-title-size-two\" style=\"--awb-text-color:var(--awb-custom_color_3);--awb-margin-top:30px;--awb-margin-bottom:30px;--awb-font-size:1.6rem;\"><h2 class=\"fusion-title-heading title-heading-left fusion-responsive-typography-calculated\" style=\"margin:0;font-size:1em;--fontSize:32;line-height:var(--awb-typography1-line-height);\">MODALIDADES DE TESIS DOCTORALES<\/h2><\/div><div class=\"fusion-text fusion-text-3\" style=\"--awb-text-color:var(--awb-custom_color_3);\"><p>Modalidad ordinaria: La tesis deber\u00e1 incluir \u00edndice, introducci\u00f3n, un cuerpo formado por cap\u00edtulos bien diferenciados, conclusiones y bibliograf\u00eda. Para acreditar la calidad de la tesis se debe presentar, al menos, una aportaci\u00f3n cient\u00edfica relacionada con la misma publicada durante el per\u00edodo de matr\u00edcula en el Programa de Doctorado.<\/p>\n<p>Modalidad por compendio de publicaciones: La tesis tendr\u00e1 un m\u00ednimo de tres art\u00edculos cient\u00edficos elaborados por el doctorando aceptados o publicados dentro del per\u00edodo de matr\u00edcula en el Programa de Doctorado. Debe incluir \u00edndice, introducci\u00f3n amplia, un cuerpo con los distintos art\u00edculos completos, conclusiones y bibliograf\u00eda.<\/p>\n<p>Los\/as doctorandos\/as pueden optar a realizar una <a href=\"https:\/\/esduva.uva.es\/doctorandos\/doctorado-internacional-y-cotutelas\/\" target=\"_blank\" rel=\"noopener noreferrer\">Tesis en Cotutela Internacional,<\/a> <a href=\"https:\/\/esduva.uva.es\/doctorandos\/doctorado-internacional-y-cotutelas\/\" target=\"_blank\" rel=\"noopener noreferrer\">Tesis con menci\u00f3n de Doctorado Internacional<\/a> o <a href=\"https:\/\/esduva.uva.es\/doctorandos\/doctorado-industrial\/\" target=\"_blank\" rel=\"noopener noreferrer\">Tesis con menci\u00f3n Doctorado Industrial<\/a>.<\/p>\n<\/div><div class=\"fusion-title title fusion-title-2 fusion-sep-none fusion-title-text fusion-title-size-two\" style=\"--awb-text-color:var(--awb-custom_color_3);--awb-margin-top:30px;--awb-margin-bottom:30px;--awb-font-size:1.6rem;\"><h2 class=\"fusion-title-heading title-heading-left fusion-responsive-typography-calculated\" style=\"margin:0;font-size:1em;--fontSize:32;line-height:var(--awb-typography1-line-height);\">PROGRAMA<\/h2><\/div><div class=\"fusion-text fusion-text-4\" style=\"--awb-text-color:var(--awb-custom_color_3);\"><p>Durante el desarrollo de la tesis se deben realizar una serie de actividades formativas (cursos, seminarios, asistencias a congresos, etc.) que ser\u00e1n registradas en un documento de actividades del doctorado (<a href=\"https:\/\/esduva.uva.es\/doctorandos\/gestion-academica\/documento-de-actividades-del-doctorado\/\" target=\"_blank\" rel=\"noopener noreferrer\">DAD<\/a>), que ser\u00e1 valorado en el momento de la defensa de la tesis doctoral. Tanto el propio Programa de Doctorado en Conservaci\u00f3n y Usos Sostenible de Sistemas Forestales como la <a href=\"https:\/\/esduva.uva.es\/\" target=\"_blank\" rel=\"noopener noreferrer\">Escuela de Doctorado de la UVa<\/a> promueven estas actividades formativas a lo largo del curso acad\u00e9mico.<\/p>\n<p>La Universidad de Valladolid mantiene un repositorio documental de acceso abierto (<a href=\"https:\/\/uvadoc.uva.es\/\" target=\"_blank\" rel=\"noopener noreferrer\">UVaDoc<\/a>) para que las tesis doctorales y otros trabajos de investigaci\u00f3n puedan estar accesibles para los investigadores de todo el mundo.<\/p>\n<\/div><\/div><\/div><div class=\"fusion-layout-column fusion_builder_column fusion-builder-column-1 fusion_builder_column_1_2 1_2 fusion-flex-column\" style=\"--awb-bg-size:cover;--awb-width-large:50%;--awb-margin-top-large:0px;--awb-spacing-right-large:3.84%;--awb-margin-bottom-large:20px;--awb-spacing-left-large:3.84%;--awb-width-medium:50%;--awb-order-medium:0;--awb-spacing-right-medium:3.84%;--awb-spacing-left-medium:3.84%;--awb-width-small:100%;--awb-order-small:0;--awb-spacing-right-small:1.92%;--awb-spacing-left-small:1.92%;\"><div class=\"fusion-column-wrapper fusion-column-has-shadow fusion-flex-justify-content-flex-start fusion-content-layout-column\"><div class=\"fusion-image-element \" style=\"--awb-aspect-ratio:16 \/ 9;--awb-caption-title-font-family:var(--h2_typography-font-family);--awb-caption-title-font-weight:var(--h2_typography-font-weight);--awb-caption-title-font-style:var(--h2_typography-font-style);--awb-caption-title-size:var(--h2_typography-font-size);--awb-caption-title-transform:var(--h2_typography-text-transform);--awb-caption-title-line-height:var(--h2_typography-line-height);--awb-caption-title-letter-spacing:var(--h2_typography-letter-spacing);\"><span class=\" fusion-imageframe imageframe-none imageframe-1 hover-type-none has-aspect-ratio\"><img fetchpriority=\"high\" fetchpriority=\"high\" decoding=\"async\" width=\"300\" height=\"200\" title=\"DOCTORADO_PIC 02\" src=\"https:\/\/www.programador.online\/uifor\/wp-content\/uploads\/2025\/11\/DOCTORADO_PIC-02-300x200.jpg\" class=\"img-responsive wp-image-15661 img-with-aspect-ratio\" data-parent-fit=\"cover\" data-parent-container=\".fusion-image-element\" alt srcset=\"https:\/\/www.programador.online\/uifor\/wp-content\/uploads\/2025\/11\/DOCTORADO_PIC-02-200x133.jpg 200w, https:\/\/www.programador.online\/uifor\/wp-content\/uploads\/2025\/11\/DOCTORADO_PIC-02-400x266.jpg 400w, https:\/\/www.programador.online\/uifor\/wp-content\/uploads\/2025\/11\/DOCTORADO_PIC-02-600x399.jpg 600w, https:\/\/www.programador.online\/uifor\/wp-content\/uploads\/2025\/11\/DOCTORADO_PIC-02-800x532.jpg 800w, https:\/\/www.programador.online\/uifor\/wp-content\/uploads\/2025\/11\/DOCTORADO_PIC-02-1200x799.jpg 1200w, https:\/\/www.programador.online\/uifor\/wp-content\/uploads\/2025\/11\/DOCTORADO_PIC-02.jpg 1737w\" sizes=\"(max-width: 640px) 100vw, 600px\" \/><\/span><\/div><div class=\"fusion-image-element \" style=\"--awb-aspect-ratio:16 \/ 9;--awb-margin-top:30px;--awb-caption-title-font-family:var(--h2_typography-font-family);--awb-caption-title-font-weight:var(--h2_typography-font-weight);--awb-caption-title-font-style:var(--h2_typography-font-style);--awb-caption-title-size:var(--h2_typography-font-size);--awb-caption-title-transform:var(--h2_typography-text-transform);--awb-caption-title-line-height:var(--h2_typography-line-height);--awb-caption-title-letter-spacing:var(--h2_typography-letter-spacing);\"><span class=\" fusion-imageframe imageframe-none imageframe-2 hover-type-none has-aspect-ratio\"><img decoding=\"async\" width=\"300\" height=\"200\" title=\"DOCTORADO_PIC\" src=\"https:\/\/www.programador.online\/uifor\/wp-content\/uploads\/2025\/11\/DOCTORADO_PIC-300x200.jpg\" class=\"img-responsive wp-image-15662 img-with-aspect-ratio\" data-parent-fit=\"cover\" data-parent-container=\".fusion-image-element\" alt srcset=\"https:\/\/www.programador.online\/uifor\/wp-content\/uploads\/2025\/11\/DOCTORADO_PIC-200x133.jpg 200w, https:\/\/www.programador.online\/uifor\/wp-content\/uploads\/2025\/11\/DOCTORADO_PIC-400x266.jpg 400w, https:\/\/www.programador.online\/uifor\/wp-content\/uploads\/2025\/11\/DOCTORADO_PIC-600x400.jpg 600w, https:\/\/www.programador.online\/uifor\/wp-content\/uploads\/2025\/11\/DOCTORADO_PIC-800x533.jpg 800w, https:\/\/www.programador.online\/uifor\/wp-content\/uploads\/2025\/11\/DOCTORADO_PIC-1200x799.jpg 1200w, https:\/\/www.programador.online\/uifor\/wp-content\/uploads\/2025\/11\/DOCTORADO_PIC.jpg 1742w\" sizes=\"(max-width: 640px) 100vw, 600px\" \/><\/span><\/div><div style=\"text-align:left;\"><a class=\"fusion-button button-flat button-large button-custom fusion-button-default button-1 fusion-button-default-span fusion-button-default-type fusion-has-button-gradient\" style=\"--button_accent_color:var(--awb-color8);--button_border_color:var(--awb-color8);--button_accent_hover_color:var(--awb-color1);--button_border_hover_color:var(--awb-color1);--button_border_width-top:1px;--button_border_width-right:1px;--button_border_width-bottom:1px;--button_border_width-left:1px;--button_gradient_top_color:var(--awb-custom_color_1);--button_gradient_bottom_color:var(--awb-color3);--button_gradient_top_color_hover:var(--awb-color4);--button_gradient_bottom_color_hover:var(--awb-color4);--button_margin-top:30px;\" target=\"_self\" href=\"https:\/\/doctorado-sistemas-forestales.uva.es\/\"><span class=\"fusion-button-icon-divider button-icon-divider-left\"><i class=\"fa-angle-right fas awb-button__icon awb-button__icon--default\" aria-hidden=\"true\"><\/i><\/span><span class=\"fusion-button-text awb-button__text awb-button__text--default fusion-button-text-left\">M\u00c1S INFORMACI\u00d3N<\/span><\/a><\/div><\/div><\/div><div class=\"fusion-layout-column fusion_builder_column fusion-builder-column-2 fusion_builder_column_1_2 1_2 fusion-flex-column\" style=\"--awb-bg-size:cover;--awb-width-large:50%;--awb-margin-top-large:0px;--awb-spacing-right-large:3.84%;--awb-margin-bottom-large:20px;--awb-spacing-left-large:3.84%;--awb-width-medium:50%;--awb-order-medium:0;--awb-spacing-right-medium:3.84%;--awb-spacing-left-medium:3.84%;--awb-width-small:100%;--awb-order-small:0;--awb-spacing-right-small:1.92%;--awb-spacing-left-small:1.92%;\"><div class=\"fusion-column-wrapper fusion-column-has-shadow fusion-flex-justify-content-flex-start fusion-content-layout-column\"><div class=\"fusion-text fusion-text-5\"><p><span style=\"color: var(--awb-custom_color_3);\">COORDINADOR<\/span> &gt; <a href=\"mailto:pmpinto@uva.es\"><b>Pablo Mart\u00edn Pinto<\/b><\/a><\/p>\n<\/div><\/div><\/div><\/div><\/div>\n","protected":false},"excerpt":{"rendered":"","protected":false},"author":2,"featured_media":0,"parent":7212,"menu_order":0,"comment_status":"closed","ping_status":"closed","template":"","meta":{"_acf_changed":false,"footnotes":""},"class_list":["post-9136","page","type-page","status-publish","hentry"],"acf":[],"yoast_head":"<!-- This site is optimized with the Yoast SEO plugin v27.4 - https:\/\/yoast.com\/product\/yoast-seo-wordpress\/ -->\n<title>Doctorado - IUFOR<\/title>\n<meta name=\"robots\" content=\"index, follow, max-snippet:-1, max-image-preview:large, max-video-preview:-1\" \/>\n<link rel=\"canonical\" href=\"https:\/\/www.programador.online\/uifor\/formacion\/doctorado\/\" \/>\n<meta property=\"og:locale\" content=\"es_ES\" \/>\n<meta property=\"og:type\" content=\"article\" \/>\n<meta property=\"og:title\" content=\"Doctorado - IUFOR\" \/>\n<meta property=\"og:url\" content=\"https:\/\/www.programador.online\/uifor\/formacion\/doctorado\/\" \/>\n<meta property=\"og:site_name\" content=\"IUFOR\" \/>\n<meta property=\"article:modified_time\" content=\"2026-03-25T08:38:59+00:00\" \/>\n<meta name=\"twitter:card\" content=\"summary_large_image\" \/>\n<meta name=\"twitter:label1\" content=\"Tiempo de lectura\" \/>\n\t<meta name=\"twitter:data1\" content=\"2 minutos\" \/>\n<script type=\"application\/ld+json\" class=\"yoast-schema-graph\">{\"@context\":\"https:\\\/\\\/schema.org\",\"@graph\":[{\"@type\":\"WebPage\",\"@id\":\"https:\\\/\\\/www.programador.online\\\/uifor\\\/formacion\\\/doctorado\\\/\",\"url\":\"https:\\\/\\\/www.programador.online\\\/uifor\\\/formacion\\\/doctorado\\\/\",\"name\":\"Doctorado - IUFOR\",\"isPartOf\":{\"@id\":\"https:\\\/\\\/www.programador.online\\\/uifor\\\/#website\"},\"datePublished\":\"2023-06-06T10:10:03+00:00\",\"dateModified\":\"2026-03-25T08:38:59+00:00\",\"breadcrumb\":{\"@id\":\"https:\\\/\\\/www.programador.online\\\/uifor\\\/formacion\\\/doctorado\\\/#breadcrumb\"},\"inLanguage\":\"es\",\"potentialAction\":[{\"@type\":\"ReadAction\",\"target\":[\"https:\\\/\\\/www.programador.online\\\/uifor\\\/formacion\\\/doctorado\\\/\"]}]},{\"@type\":\"BreadcrumbList\",\"@id\":\"https:\\\/\\\/www.programador.online\\\/uifor\\\/formacion\\\/doctorado\\\/#breadcrumb\",\"itemListElement\":[{\"@type\":\"ListItem\",\"position\":1,\"name\":\"Home\",\"item\":\"https:\\\/\\\/www.programador.online\\\/uifor\\\/\"},{\"@type\":\"ListItem\",\"position\":2,\"name\":\"Formaci\u00f3n\",\"item\":\"https:\\\/\\\/www.programador.online\\\/uifor\\\/formacion\\\/\"},{\"@type\":\"ListItem\",\"position\":3,\"name\":\"Doctorado\"}]},{\"@type\":\"WebSite\",\"@id\":\"https:\\\/\\\/www.programador.online\\\/uifor\\\/#website\",\"url\":\"https:\\\/\\\/www.programador.online\\\/uifor\\\/\",\"name\":\"IUFOR\",\"description\":\"Instituto Universitario de Investigaci\u00f3n en Gesti\u00f3n Forestal Sostenible\",\"potentialAction\":[{\"@type\":\"SearchAction\",\"target\":{\"@type\":\"EntryPoint\",\"urlTemplate\":\"https:\\\/\\\/www.programador.online\\\/uifor\\\/?s={search_term_string}\"},\"query-input\":{\"@type\":\"PropertyValueSpecification\",\"valueRequired\":true,\"valueName\":\"search_term_string\"}}],\"inLanguage\":\"es\"}]}<\/script>\n<!-- \/ Yoast SEO plugin. -->","yoast_head_json":{"title":"Doctorado - IUFOR","robots":{"index":"index","follow":"follow","max-snippet":"max-snippet:-1","max-image-preview":"max-image-preview:large","max-video-preview":"max-video-preview:-1"},"canonical":"https:\/\/www.programador.online\/uifor\/formacion\/doctorado\/","og_locale":"es_ES","og_type":"article","og_title":"Doctorado - IUFOR","og_url":"https:\/\/www.programador.online\/uifor\/formacion\/doctorado\/","og_site_name":"IUFOR","article_modified_time":"2026-03-25T08:38:59+00:00","twitter_card":"summary_large_image","twitter_misc":{"Tiempo de lectura":"2 minutos"},"schema":{"@context":"https:\/\/schema.org","@graph":[{"@type":"WebPage","@id":"https:\/\/www.programador.online\/uifor\/formacion\/doctorado\/","url":"https:\/\/www.programador.online\/uifor\/formacion\/doctorado\/","name":"Doctorado - IUFOR","isPartOf":{"@id":"https:\/\/www.programador.online\/uifor\/#website"},"datePublished":"2023-06-06T10:10:03+00:00","dateModified":"2026-03-25T08:38:59+00:00","breadcrumb":{"@id":"https:\/\/www.programador.online\/uifor\/formacion\/doctorado\/#breadcrumb"},"inLanguage":"es","potentialAction":[{"@type":"ReadAction","target":["https:\/\/www.programador.online\/uifor\/formacion\/doctorado\/"]}]},{"@type":"BreadcrumbList","@id":"https:\/\/www.programador.online\/uifor\/formacion\/doctorado\/#breadcrumb","itemListElement":[{"@type":"ListItem","position":1,"name":"Home","item":"https:\/\/www.programador.online\/uifor\/"},{"@type":"ListItem","position":2,"name":"Formaci\u00f3n","item":"https:\/\/www.programador.online\/uifor\/formacion\/"},{"@type":"ListItem","position":3,"name":"Doctorado"}]},{"@type":"WebSite","@id":"https:\/\/www.programador.online\/uifor\/#website","url":"https:\/\/www.programador.online\/uifor\/","name":"IUFOR","description":"Instituto Universitario de Investigaci\u00f3n en Gesti\u00f3n Forestal Sostenible","potentialAction":[{"@type":"SearchAction","target":{"@type":"EntryPoint","urlTemplate":"https:\/\/www.programador.online\/uifor\/?s={search_term_string}"},"query-input":{"@type":"PropertyValueSpecification","valueRequired":true,"valueName":"search_term_string"}}],"inLanguage":"es"}]}},"_links":{"self":[{"href":"https:\/\/www.programador.online\/uifor\/wp-json\/wp\/v2\/pages\/9136","targetHints":{"allow":["GET"]}}],"collection":[{"href":"https:\/\/www.programador.online\/uifor\/wp-json\/wp\/v2\/pages"}],"about":[{"href":"https:\/\/www.programador.online\/uifor\/wp-json\/wp\/v2\/types\/page"}],"author":[{"embeddable":true,"href":"https:\/\/www.programador.online\/uifor\/wp-json\/wp\/v2\/users\/2"}],"replies":[{"embeddable":true,"href":"https:\/\/www.programador.online\/uifor\/wp-json\/wp\/v2\/comments?post=9136"}],"version-history":[{"count":46,"href":"https:\/\/www.programador.online\/uifor\/wp-json\/wp\/v2\/pages\/9136\/revisions"}],"predecessor-version":[{"id":16931,"href":"https:\/\/www.programador.online\/uifor\/wp-json\/wp\/v2\/pages\/9136\/revisions\/16931"}],"up":[{"embeddable":true,"href":"https:\/\/www.programador.online\/uifor\/wp-json\/wp\/v2\/pages\/7212"}],"wp:attachment":[{"href":"https:\/\/www.programador.online\/uifor\/wp-json\/wp\/v2\/media?parent=9136"}],"curies":[{"name":"wp","href":"https:\/\/api.w.org\/{rel}","templated":true}]}}