{"id":7372,"date":"2023-03-16T11:07:54","date_gmt":"2023-03-16T09:07:54","guid":{"rendered":"https:\/\/iufor.palencia.uva.es\/?page_id=7372"},"modified":"2026-01-29T14:00:33","modified_gmt":"2026-01-29T12:00:33","slug":"microcredenciales","status":"publish","type":"page","link":"https:\/\/www.programador.online\/uifor\/formacion\/microcredenciales\/","title":{"rendered":"Microcredenciales"},"content":{"rendered":"<p><div class=\"fusion-fullwidth fullwidth-box fusion-builder-row-1 fusion-flex-container has-pattern-background has-mask-background nonhundred-percent-fullwidth non-hundred-percent-height-scrolling\" style=\"--awb-border-radius-top-left:0px;--awb-border-radius-top-right:0px;--awb-border-radius-bottom-right:0px;--awb-border-radius-bottom-left:0px;--awb-flex-wrap:wrap;\" ><div class=\"fusion-builder-row fusion-row fusion-flex-align-items-flex-start fusion-flex-content-wrap\" style=\"max-width:1289.6px;margin-left: calc(-4% \/ 2 );margin-right: calc(-4% \/ 2 );\"><div class=\"fusion-layout-column fusion_builder_column fusion-builder-column-0 fusion_builder_column_1_1 1_1 fusion-flex-column\" style=\"--awb-bg-size:cover;--awb-width-large:100%;--awb-margin-top-large:0px;--awb-spacing-right-large:1.92%;--awb-margin-bottom-large:0px;--awb-spacing-left-large:1.92%;--awb-width-medium:100%;--awb-order-medium:0;--awb-spacing-right-medium:1.92%;--awb-spacing-left-medium:1.92%;--awb-width-small:100%;--awb-order-small:0;--awb-spacing-right-small:1.92%;--awb-spacing-left-small:1.92%;\"><div class=\"fusion-column-wrapper fusion-column-has-shadow fusion-flex-justify-content-flex-start fusion-content-layout-column\"><div class=\"fusion-title title fusion-title-1 fusion-sep-none fusion-title-text fusion-title-size-two\" style=\"--awb-text-color:var(--awb-custom_color_3);--awb-margin-top:30px;--awb-margin-bottom:30px;--awb-font-size:1.6rem;\"><h2 class=\"fusion-title-heading title-heading-left fusion-responsive-typography-calculated\" style=\"margin:0;font-size:1em;--fontSize:32;line-height:var(--awb-typography1-line-height);\">Experiencias de aprendizaje breve<\/h2><\/div><\/div><\/div><div class=\"fusion-layout-column fusion_builder_column fusion-builder-column-1 fusion_builder_column_1_1 1_1 fusion-flex-column\" style=\"--awb-bg-size:cover;--awb-width-large:100%;--awb-margin-top-large:0px;--awb-spacing-right-large:1.92%;--awb-margin-bottom-large:20px;--awb-spacing-left-large:1.92%;--awb-width-medium:100%;--awb-order-medium:0;--awb-spacing-right-medium:1.92%;--awb-spacing-left-medium:1.92%;--awb-width-small:100%;--awb-order-small:0;--awb-spacing-right-small:1.92%;--awb-spacing-left-small:1.92%;\"><div class=\"fusion-column-wrapper fusion-column-has-shadow fusion-flex-justify-content-flex-start fusion-content-layout-column\"><div class=\"fusion-text fusion-text-1\"><p style=\"color: #2b2a29;\">Una microcredencial es una experiencia de aprendizaje breve, cuya fiabilidad est\u00e1 respaldada por procedimientos transparentes de calidad y que se crean con el objetivo de ofrecer conocimientos, capacidades y competencias espec\u00edficos. Entiende qu\u00e9 son y c\u00f3mo funcionan las microcredenciales <a href=\"https:\/\/www.programador.online\/uifor\/wp-content\/uploads\/2026\/01\/MICROCREDENCIALES_Informe.pdf\" target=\"_blank\" rel=\"noopener noreferrer\">AQU\u00cd<\/a>.<\/p>\n<\/div><\/div><\/div><\/div><\/div><div class=\"fusion-fullwidth fullwidth-box fusion-builder-row-2 fusion-flex-container has-pattern-background has-mask-background nonhundred-percent-fullwidth non-hundred-percent-height-scrolling\" style=\"--awb-border-radius-top-left:0px;--awb-border-radius-top-right:0px;--awb-border-radius-bottom-right:0px;--awb-border-radius-bottom-left:0px;--awb-flex-wrap:wrap;\" ><div class=\"fusion-builder-row fusion-row fusion-flex-align-items-flex-start fusion-flex-content-wrap\" style=\"max-width:1289.6px;margin-left: calc(-4% \/ 2 );margin-right: calc(-4% \/ 2 );\"><div class=\"fusion-layout-column fusion_builder_column fusion-builder-column-2 fusion_builder_column_2_3 2_3 fusion-flex-column\" style=\"--awb-bg-size:cover;--awb-width-large:66.666666666667%;--awb-margin-top-large:0px;--awb-spacing-right-large:2.88%;--awb-margin-bottom-large:20px;--awb-spacing-left-large:2.88%;--awb-width-medium:66.666666666667%;--awb-order-medium:0;--awb-spacing-right-medium:2.88%;--awb-spacing-left-medium:2.88%;--awb-width-small:100%;--awb-order-small:0;--awb-spacing-right-small:1.92%;--awb-spacing-left-small:1.92%;\"><div class=\"fusion-column-wrapper fusion-column-has-shadow fusion-flex-justify-content-flex-start fusion-content-layout-column\"><div class=\"fusion-title title fusion-title-2 fusion-sep-none fusion-title-text fusion-title-size-two\" style=\"--awb-text-color:var(--awb-color4);--awb-margin-top:30px;--awb-font-size:3rem;\"><h2 class=\"fusion-title-heading title-heading-left fusion-responsive-typography-calculated\" style=\"font-family:&quot;Zilla Slab&quot;;font-style:normal;font-weight:300;margin:0;font-size:1em;--fontSize:60;line-height:var(--awb-typography1-line-height);\">GeoData<\/h2><\/div><\/div><\/div><div class=\"fusion-layout-column fusion_builder_column fusion-builder-column-3 fusion_builder_column_1_1 1_1 fusion-flex-column\" style=\"--awb-bg-size:cover;--awb-width-large:100%;--awb-margin-top-large:0px;--awb-spacing-right-large:1.92%;--awb-margin-bottom-large:20px;--awb-spacing-left-large:1.92%;--awb-width-medium:100%;--awb-order-medium:0;--awb-spacing-right-medium:1.92%;--awb-spacing-left-medium:1.92%;--awb-width-small:100%;--awb-order-small:0;--awb-spacing-right-small:1.92%;--awb-spacing-left-small:1.92%;\"><div class=\"fusion-column-wrapper fusion-column-has-shadow fusion-flex-justify-content-flex-start fusion-content-layout-column\"><div class=\"fusion-title title fusion-title-3 fusion-sep-none fusion-title-text fusion-title-size-two\" style=\"--awb-text-color:var(--awb-custom_color_3);--awb-margin-bottom:30px;--awb-font-size:1.6rem;\"><h2 class=\"fusion-title-heading title-heading-left fusion-responsive-typography-calculated\" style=\"margin:0;font-size:1em;--fontSize:32;line-height:var(--awb-typography1-line-height);\">Descubre el poder de los datos forestales con nuestro curso de an\u00e1lisis geoespacial<\/h2><\/div><\/div><\/div><div class=\"fusion-layout-column fusion_builder_column fusion-builder-column-4 fusion_builder_column_1_2 1_2 fusion-flex-column\" style=\"--awb-bg-size:cover;--awb-width-large:50%;--awb-margin-top-large:0px;--awb-spacing-right-large:3.84%;--awb-margin-bottom-large:0px;--awb-spacing-left-large:3.84%;--awb-width-medium:50%;--awb-order-medium:0;--awb-spacing-right-medium:3.84%;--awb-spacing-left-medium:3.84%;--awb-width-small:100%;--awb-order-small:0;--awb-spacing-right-small:1.92%;--awb-spacing-left-small:1.92%;\"><div class=\"fusion-column-wrapper fusion-column-has-shadow fusion-flex-justify-content-flex-start fusion-content-layout-column\"><div class=\"fusion-image-element \" style=\"text-align:center;--awb-caption-title-font-family:var(--h2_typography-font-family);--awb-caption-title-font-weight:var(--h2_typography-font-weight);--awb-caption-title-font-style:var(--h2_typography-font-style);--awb-caption-title-size:var(--h2_typography-font-size);--awb-caption-title-transform:var(--h2_typography-text-transform);--awb-caption-title-line-height:var(--h2_typography-line-height);--awb-caption-title-letter-spacing:var(--h2_typography-letter-spacing);\"><span class=\" fusion-imageframe imageframe-none imageframe-1 hover-type-none\"><img fetchpriority=\"high\" fetchpriority=\"high\" decoding=\"async\" width=\"1200\" height=\"729\" title=\"Geodata\" src=\"https:\/\/www.programador.online\/uifor\/wp-content\/uploads\/2026\/01\/Geodata-1200x729.webp\" alt class=\"img-responsive wp-image-16131\" srcset=\"https:\/\/www.programador.online\/uifor\/wp-content\/uploads\/2026\/01\/Geodata-200x122.webp 200w, https:\/\/www.programador.online\/uifor\/wp-content\/uploads\/2026\/01\/Geodata-300x182.webp 300w, https:\/\/www.programador.online\/uifor\/wp-content\/uploads\/2026\/01\/Geodata-400x243.webp 400w, https:\/\/www.programador.online\/uifor\/wp-content\/uploads\/2026\/01\/Geodata-600x365.webp 600w, https:\/\/www.programador.online\/uifor\/wp-content\/uploads\/2026\/01\/Geodata-768x467.webp 768w, https:\/\/www.programador.online\/uifor\/wp-content\/uploads\/2026\/01\/Geodata-800x486.webp 800w, https:\/\/www.programador.online\/uifor\/wp-content\/uploads\/2026\/01\/Geodata-1024x622.webp 1024w, https:\/\/www.programador.online\/uifor\/wp-content\/uploads\/2026\/01\/Geodata-1200x729.webp 1200w, https:\/\/www.programador.online\/uifor\/wp-content\/uploads\/2026\/01\/Geodata-1536x934.webp 1536w, https:\/\/www.programador.online\/uifor\/wp-content\/uploads\/2026\/01\/Geodata.webp 1800w\" sizes=\"(max-width: 640px) 100vw, 600px\" \/><\/span><\/div><div class=\"fusion-separator fusion-full-width-sep\" style=\"align-self: center;margin-left: auto;margin-right: auto;margin-top:25px;width:100%;\"><\/div><div style=\"text-align:center;\"><a class=\"fusion-button button-flat button-large button-custom fusion-button-default button-1 fusion-button-default-span fusion-button-default-type fusion-has-button-gradient\" style=\"--button_accent_color:var(--awb-color8);--button_border_color:var(--awb-color8);--button_accent_hover_color:var(--awb-color1);--button_border_hover_color:var(--awb-color1);--button_border_width-top:1px;--button_border_width-right:1px;--button_border_width-bottom:1px;--button_border_width-left:1px;--button_gradient_top_color:var(--awb-custom_color_1);--button_gradient_bottom_color:var(--awb-color3);--button_gradient_top_color_hover:var(--awb-color4);--button_gradient_bottom_color_hover:var(--awb-color4);\" target=\"_self\" href=\"https:\/\/geodata.uva.es\/\"><span class=\"fusion-button-text awb-button__text awb-button__text--default fusion-button-text-right\">M\u00e1s informaci\u00f3n<\/span><span class=\"fusion-button-icon-divider button-icon-divider-right\"><i class=\"fa-download fas awb-button__icon awb-button__icon--default\" aria-hidden=\"true\"><\/i><\/span><\/a><\/div><\/div><\/div><div class=\"fusion-layout-column fusion_builder_column fusion-builder-column-5 fusion_builder_column_1_2 1_2 fusion-flex-column\" style=\"--awb-bg-size:cover;--awb-width-large:50%;--awb-margin-top-large:0px;--awb-spacing-right-large:3.84%;--awb-margin-bottom-large:20px;--awb-spacing-left-large:3.84%;--awb-width-medium:50%;--awb-order-medium:0;--awb-spacing-right-medium:3.84%;--awb-spacing-left-medium:3.84%;--awb-width-small:100%;--awb-order-small:0;--awb-spacing-right-small:1.92%;--awb-spacing-left-small:1.92%;\"><div class=\"fusion-column-wrapper fusion-column-has-shadow fusion-flex-justify-content-flex-start fusion-content-layout-column\"><div class=\"fusion-text fusion-text-2\"><p><span style=\"background-color: rgba(0, 0, 0, 0); color: var(--awb-custom_color_3);\">Con esta microcredencial, ofrecida por la Universidad de Valladolid y creada y dirigida por el iuFOR, adquirir\u00e1s habilidades en los campos de la gesti\u00f3n, modelizaci\u00f3n y visualizaci\u00f3n de datos, inventario LiDAR o an\u00e1lisis de datos espaciales, todo ello enfocado al uso de datos ambientales. As\u00ed, estar\u00e1s capacitado para utilizar multitud de nuevas herramientas y softwares muy \u00fatiles para la gesti\u00f3n sostenible de los ecosistemas. Encuentra toda la informaci\u00f3n AQU\u00cd.<\/span><\/p>\n<p style=\"color: var(--awb-custom_color_3);\">La microcredencial tiene una duraci\u00f3n de 2 semestres (1 curso), en modalidad virtual y posibilidad de pr\u00e1cticas presenciales. Est\u00e1 constituida por 4 asignaturas obligatorias y 2 optativas independientes:<\/p>\n<p style=\"color: var(--awb-custom_color_3);\">&nbsp;&#8211; Gesti\u00f3n y visualizaci\u00f3n de datos <span style=\"color: #009746;\">(3 ECTS)<\/span><\/p>\n<p style=\"color: var(--awb-custom_color_3);\">&nbsp;&#8211; Inventario LiDAR de servicios ecosist\u00e9micos <span style=\"color: #009746;\">(3 ECTS)<\/span><\/p>\n<p style=\"color: var(--awb-custom_color_3);\">&nbsp;&#8211; An\u00e1lisis de datos espaciales <span style=\"color: #009746;\">(3 ECTS)<\/span><\/p>\n<p style=\"color: var(--awb-custom_color_3);\">&nbsp;&#8211; Modelizaci\u00f3n y simulaci\u00f3n de servicios ecosist\u00e9micos <span style=\"color: #009746;\">(3 ECTS)<\/span><\/p>\n<p style=\"color: var(--awb-custom_color_3);\">&nbsp;&#8211; OPTATIVAS (a elegir 1 entre):<\/p>\n<ul>\n<li style=\"color: var(--awb-custom_color_3);\"><span style=\"color: #009746;\">Opci\u00f3n 1:<\/span> Proyecto integrador<\/li>\n<li style=\"color: var(--awb-custom_color_3);\"><span style=\"color: #009746;\">Opci\u00f3n 2:<\/span> Pr\u00e1ctica integrada<\/li>\n<\/ul>\n<\/div><\/div><\/div><\/div><\/div><\/p>\n","protected":false},"excerpt":{"rendered":"","protected":false},"author":2,"featured_media":0,"parent":7212,"menu_order":0,"comment_status":"closed","ping_status":"closed","template":"","meta":{"_acf_changed":false,"footnotes":""},"class_list":["post-7372","page","type-page","status-publish","hentry"],"acf":[],"yoast_head":"<!-- This site is optimized with the Yoast SEO plugin v27.4 - https:\/\/yoast.com\/product\/yoast-seo-wordpress\/ -->\n<title>Microcredenciales - IUFOR<\/title>\n<meta name=\"robots\" content=\"index, follow, max-snippet:-1, max-image-preview:large, max-video-preview:-1\" \/>\n<link rel=\"canonical\" href=\"https:\/\/www.programador.online\/uifor\/formacion\/microcredenciales\/\" \/>\n<meta property=\"og:locale\" content=\"es_ES\" \/>\n<meta property=\"og:type\" content=\"article\" \/>\n<meta property=\"og:title\" content=\"Microcredenciales - IUFOR\" \/>\n<meta property=\"og:url\" content=\"https:\/\/www.programador.online\/uifor\/formacion\/microcredenciales\/\" \/>\n<meta property=\"og:site_name\" content=\"IUFOR\" \/>\n<meta property=\"article:modified_time\" content=\"2026-01-29T12:00:33+00:00\" \/>\n<meta name=\"twitter:card\" content=\"summary_large_image\" \/>\n<meta name=\"twitter:label1\" content=\"Tiempo de lectura\" \/>\n\t<meta name=\"twitter:data1\" content=\"2 minutos\" \/>\n<script type=\"application\/ld+json\" class=\"yoast-schema-graph\">{\"@context\":\"https:\\\/\\\/schema.org\",\"@graph\":[{\"@type\":\"WebPage\",\"@id\":\"https:\\\/\\\/www.programador.online\\\/uifor\\\/formacion\\\/microcredenciales\\\/\",\"url\":\"https:\\\/\\\/www.programador.online\\\/uifor\\\/formacion\\\/microcredenciales\\\/\",\"name\":\"Microcredenciales - IUFOR\",\"isPartOf\":{\"@id\":\"https:\\\/\\\/www.programador.online\\\/uifor\\\/#website\"},\"datePublished\":\"2023-03-16T09:07:54+00:00\",\"dateModified\":\"2026-01-29T12:00:33+00:00\",\"breadcrumb\":{\"@id\":\"https:\\\/\\\/www.programador.online\\\/uifor\\\/formacion\\\/microcredenciales\\\/#breadcrumb\"},\"inLanguage\":\"es\",\"potentialAction\":[{\"@type\":\"ReadAction\",\"target\":[\"https:\\\/\\\/www.programador.online\\\/uifor\\\/formacion\\\/microcredenciales\\\/\"]}]},{\"@type\":\"BreadcrumbList\",\"@id\":\"https:\\\/\\\/www.programador.online\\\/uifor\\\/formacion\\\/microcredenciales\\\/#breadcrumb\",\"itemListElement\":[{\"@type\":\"ListItem\",\"position\":1,\"name\":\"Home\",\"item\":\"https:\\\/\\\/www.programador.online\\\/uifor\\\/\"},{\"@type\":\"ListItem\",\"position\":2,\"name\":\"Formaci\u00f3n\",\"item\":\"https:\\\/\\\/www.programador.online\\\/uifor\\\/formacion\\\/\"},{\"@type\":\"ListItem\",\"position\":3,\"name\":\"Microcredenciales\"}]},{\"@type\":\"WebSite\",\"@id\":\"https:\\\/\\\/www.programador.online\\\/uifor\\\/#website\",\"url\":\"https:\\\/\\\/www.programador.online\\\/uifor\\\/\",\"name\":\"IUFOR\",\"description\":\"Instituto Universitario de Investigaci\u00f3n en Gesti\u00f3n Forestal Sostenible\",\"potentialAction\":[{\"@type\":\"SearchAction\",\"target\":{\"@type\":\"EntryPoint\",\"urlTemplate\":\"https:\\\/\\\/www.programador.online\\\/uifor\\\/?s={search_term_string}\"},\"query-input\":{\"@type\":\"PropertyValueSpecification\",\"valueRequired\":true,\"valueName\":\"search_term_string\"}}],\"inLanguage\":\"es\"}]}<\/script>\n<!-- \/ Yoast SEO plugin. -->","yoast_head_json":{"title":"Microcredenciales - IUFOR","robots":{"index":"index","follow":"follow","max-snippet":"max-snippet:-1","max-image-preview":"max-image-preview:large","max-video-preview":"max-video-preview:-1"},"canonical":"https:\/\/www.programador.online\/uifor\/formacion\/microcredenciales\/","og_locale":"es_ES","og_type":"article","og_title":"Microcredenciales - IUFOR","og_url":"https:\/\/www.programador.online\/uifor\/formacion\/microcredenciales\/","og_site_name":"IUFOR","article_modified_time":"2026-01-29T12:00:33+00:00","twitter_card":"summary_large_image","twitter_misc":{"Tiempo de lectura":"2 minutos"},"schema":{"@context":"https:\/\/schema.org","@graph":[{"@type":"WebPage","@id":"https:\/\/www.programador.online\/uifor\/formacion\/microcredenciales\/","url":"https:\/\/www.programador.online\/uifor\/formacion\/microcredenciales\/","name":"Microcredenciales - IUFOR","isPartOf":{"@id":"https:\/\/www.programador.online\/uifor\/#website"},"datePublished":"2023-03-16T09:07:54+00:00","dateModified":"2026-01-29T12:00:33+00:00","breadcrumb":{"@id":"https:\/\/www.programador.online\/uifor\/formacion\/microcredenciales\/#breadcrumb"},"inLanguage":"es","potentialAction":[{"@type":"ReadAction","target":["https:\/\/www.programador.online\/uifor\/formacion\/microcredenciales\/"]}]},{"@type":"BreadcrumbList","@id":"https:\/\/www.programador.online\/uifor\/formacion\/microcredenciales\/#breadcrumb","itemListElement":[{"@type":"ListItem","position":1,"name":"Home","item":"https:\/\/www.programador.online\/uifor\/"},{"@type":"ListItem","position":2,"name":"Formaci\u00f3n","item":"https:\/\/www.programador.online\/uifor\/formacion\/"},{"@type":"ListItem","position":3,"name":"Microcredenciales"}]},{"@type":"WebSite","@id":"https:\/\/www.programador.online\/uifor\/#website","url":"https:\/\/www.programador.online\/uifor\/","name":"IUFOR","description":"Instituto Universitario de Investigaci\u00f3n en Gesti\u00f3n Forestal Sostenible","potentialAction":[{"@type":"SearchAction","target":{"@type":"EntryPoint","urlTemplate":"https:\/\/www.programador.online\/uifor\/?s={search_term_string}"},"query-input":{"@type":"PropertyValueSpecification","valueRequired":true,"valueName":"search_term_string"}}],"inLanguage":"es"}]}},"_links":{"self":[{"href":"https:\/\/www.programador.online\/uifor\/wp-json\/wp\/v2\/pages\/7372","targetHints":{"allow":["GET"]}}],"collection":[{"href":"https:\/\/www.programador.online\/uifor\/wp-json\/wp\/v2\/pages"}],"about":[{"href":"https:\/\/www.programador.online\/uifor\/wp-json\/wp\/v2\/types\/page"}],"author":[{"embeddable":true,"href":"https:\/\/www.programador.online\/uifor\/wp-json\/wp\/v2\/users\/2"}],"replies":[{"embeddable":true,"href":"https:\/\/www.programador.online\/uifor\/wp-json\/wp\/v2\/comments?post=7372"}],"version-history":[{"count":23,"href":"https:\/\/www.programador.online\/uifor\/wp-json\/wp\/v2\/pages\/7372\/revisions"}],"predecessor-version":[{"id":16450,"href":"https:\/\/www.programador.online\/uifor\/wp-json\/wp\/v2\/pages\/7372\/revisions\/16450"}],"up":[{"embeddable":true,"href":"https:\/\/www.programador.online\/uifor\/wp-json\/wp\/v2\/pages\/7212"}],"wp:attachment":[{"href":"https:\/\/www.programador.online\/uifor\/wp-json\/wp\/v2\/media?parent=7372"}],"curies":[{"name":"wp","href":"https:\/\/api.w.org\/{rel}","templated":true}]}}