{"id":7332,"date":"2023-03-16T10:33:31","date_gmt":"2023-03-16T08:33:31","guid":{"rendered":"https:\/\/iufor.palencia.uva.es\/?page_id=7332"},"modified":"2026-03-24T18:26:37","modified_gmt":"2026-03-24T16:26:37","slug":"msca-en-el-iufor","status":"publish","type":"page","link":"https:\/\/www.programador.online\/uifor\/unete-al-iufor\/msca-en-el-iufor\/","title":{"rendered":"MSCA en el iuFOR"},"content":{"rendered":"<p><div class=\"fusion-fullwidth fullwidth-box fusion-builder-row-1 fusion-flex-container has-pattern-background has-mask-background nonhundred-percent-fullwidth non-hundred-percent-height-scrolling\" style=\"--awb-border-radius-top-left:0px;--awb-border-radius-top-right:0px;--awb-border-radius-bottom-right:0px;--awb-border-radius-bottom-left:0px;--awb-flex-wrap:wrap;\" ><div class=\"fusion-builder-row fusion-row fusion-flex-align-items-flex-start fusion-flex-content-wrap\" style=\"max-width:1289.6px;margin-left: calc(-4% \/ 2 );margin-right: calc(-4% \/ 2 );\"><div class=\"fusion-layout-column fusion_builder_column fusion-builder-column-0 fusion_builder_column_1_1 1_1 fusion-flex-column\" style=\"--awb-bg-size:cover;--awb-width-large:100%;--awb-margin-top-large:0px;--awb-spacing-right-large:1.92%;--awb-margin-bottom-large:20px;--awb-spacing-left-large:1.92%;--awb-width-medium:100%;--awb-order-medium:0;--awb-spacing-right-medium:1.92%;--awb-spacing-left-medium:1.92%;--awb-width-small:100%;--awb-order-small:0;--awb-spacing-right-small:1.92%;--awb-spacing-left-small:1.92%;\"><div class=\"fusion-column-wrapper fusion-column-has-shadow fusion-flex-justify-content-flex-start fusion-content-layout-column\"><div class=\"fusion-title title fusion-title-1 fusion-sep-none fusion-title-text fusion-title-size-two\"><h2 class=\"fusion-title-heading title-heading-left fusion-responsive-typography-calculated\" style=\"margin:0;--fontSize:45;line-height:var(--awb-typography1-line-height);\"><span style=\"color: #00bf62;\">\u00bfPlaneando tu pr\u00f3ximo proyecto post doctoral?<\/span><\/h2><\/div><div class=\"fusion-text fusion-text-1\" style=\"--awb-text-color:var(--awb-custom_color_3);\"><p>En el iuFOR impulsamos el crecimiento profesional y el \u00e9xito de investigadores e investigadoras proporcionando orientaci\u00f3n y asistencia personalizada a cient\u00edficas y cient\u00edficos que opten a becas postdoctorales MSCA en nuestro instituto. Nuestro compromiso es brindar un entorno de trabajo excepcional para aquellos que deseen llevar a cabo investigaciones de vanguardia y contribuir al avance del conocimiento cient\u00edfico en el \u00e1mbito forestal.<\/p>\n<p>Te ofrecemos formaci\u00f3n y mentor\u00edas con expertos en la preparaci\u00f3n y evaluaci\u00f3n de estas propuestas, as\u00ed como servicios personalizados para ayudarte a desarrollar una solicitud competitiva en los tres aspectos fundamentales de las convocatorias MSCA: Excelencia, Impacto e Implementaci\u00f3n.<\/p>\n<p>Fomentamos el contacto con investigadores y colaboradores a nivel internacional para aumentar el intercambio de ideas, la innovaci\u00f3n y la excelencia cient\u00edfica. Adem\u00e1s, tendr\u00e1s asistencia administrativa y financiera, as\u00ed como asesoramiento en comunicaci\u00f3n, divulgaci\u00f3n y transferencias, impacto y acceso abierto.<\/p>\n<p>El iuFOR te ofrece la posibilidad de estabilizaci\u00f3n en un entorno de trabajo agradable y de excelencia cient\u00edfica en el \u00e1mbito de la ciencia forestal y la conservaci\u00f3n de los ecosistemas.<\/p>\n<p>La Universidad de Valladolid cuenta adem\u00e1s con la Oficina de Proyectos Europeos de la Universidad de Valladolid (OPEUVa) que ofrece apoyo a los investigadores en la preparaci\u00f3n, gesti\u00f3n, negociaci\u00f3n y justificaci\u00f3n de proyectos internacionales, desde la idea inicial del proyecto hasta su finalizaci\u00f3n.<\/p>\n<p>Para m\u00e1s informaci\u00f3n sobre estas convocatorias: <a href=\"https:\/\/marie-sklodowska-curie-actions.ec.europa.eu\/actions\/postdoctoral-fellowships\" target=\"_blank\" rel=\"noopener noreferrer\">MSCA Postdoctoral Fellowships<\/a><\/p>\n<\/div><\/div><\/div><div class=\"fusion-layout-column fusion_builder_column fusion-builder-column-1 fusion_builder_column_1_1 1_1 fusion-flex-column\" style=\"--awb-bg-size:cover;--awb-width-large:100%;--awb-margin-top-large:0px;--awb-spacing-right-large:1.92%;--awb-margin-bottom-large:20px;--awb-spacing-left-large:1.92%;--awb-width-medium:100%;--awb-order-medium:0;--awb-spacing-right-medium:1.92%;--awb-spacing-left-medium:1.92%;--awb-width-small:100%;--awb-order-small:0;--awb-spacing-right-small:1.92%;--awb-spacing-left-small:1.92%;\"><div class=\"fusion-column-wrapper fusion-column-has-shadow fusion-flex-justify-content-flex-start fusion-content-layout-column\"><div style=\"text-align:center;\"><a class=\"fusion-button button-flat button-large button-custom fusion-button-default button-1 fusion-button-default-span fusion-button-default-type fusion-has-button-gradient\" style=\"--button_accent_color:var(--awb-color8);--button_border_color:var(--awb-color8);--button_accent_hover_color:var(--awb-color1);--button_border_hover_color:var(--awb-color1);--button_border_width-top:1px;--button_border_width-right:1px;--button_border_width-bottom:1px;--button_border_width-left:1px;--button_gradient_top_color:var(--awb-custom_color_1);--button_gradient_bottom_color:var(--awb-color3);--button_gradient_top_color_hover:var(--awb-color4);--button_gradient_bottom_color_hover:var(--awb-color4);--button_margin-top:0px;--button_margin-bottom:40px;\" target=\"_self\" href=\"http:\/\/iufor.palencia.uva.es\/wp-content\/uploads\/2023\/06\/PlanEstrategico_iuFOR_23-26.pdf\"><span class=\"fusion-button-text awb-button__text awb-button__text--default fusion-button-text-right\">ESQCR\u00cdBENOS AQU\u00cd<\/span><span class=\"fusion-button-icon-divider button-icon-divider-right\"><i class=\"fa-envelope fas awb-button__icon awb-button__icon--default\" aria-hidden=\"true\"><\/i><\/span><\/a><\/div><\/div><\/div><\/div><\/div><div class=\"fusion-fullwidth fullwidth-box fusion-builder-row-2 fusion-flex-container nonhundred-percent-fullwidth non-hundred-percent-height-scrolling\" style=\"--awb-border-radius-top-left:0px;--awb-border-radius-top-right:0px;--awb-border-radius-bottom-right:0px;--awb-border-radius-bottom-left:0px;--awb-margin-top:26px;--awb-flex-wrap:wrap;\" ><div class=\"fusion-builder-row fusion-row fusion-flex-align-items-flex-start fusion-flex-content-wrap\" style=\"max-width:1289.6px;margin-left: calc(-4% \/ 2 );margin-right: calc(-4% \/ 2 );\"><div class=\"fusion-layout-column fusion_builder_column fusion-builder-column-2 fusion_builder_column_1_1 1_1 fusion-flex-column\" style=\"--awb-bg-size:cover;--awb-width-large:100%;--awb-margin-top-large:0px;--awb-spacing-right-large:1.92%;--awb-margin-bottom-large:20px;--awb-spacing-left-large:1.92%;--awb-width-medium:100%;--awb-order-medium:0;--awb-spacing-right-medium:1.92%;--awb-spacing-left-medium:1.92%;--awb-width-small:100%;--awb-order-small:0;--awb-spacing-right-small:1.92%;--awb-spacing-left-small:1.92%;\"><div class=\"fusion-column-wrapper fusion-column-has-shadow fusion-flex-justify-content-flex-start fusion-content-layout-column\"><div class=\"fusion-testimonials classic awb-speech-bubble-hide fusion-testimonials-1\" style=\"--awb-textcolor:var(--awb-color8);--awb-backgroundcolor:#ffffff;--awb-testimonial-border-style:solid;--awb-testimonial-border-color:var(--awb-color3);--awb-navigation-size:12px;--awb-border-top-left-radius:0px;--awb-border-top-right-radius:0px;--awb-border-bottom-left-radius:0px;--awb-border-bottom-right-radius:0px;--testimonial-border-width-top:0px;--testimonial-border-width-right:0px;--testimonial-border-width-bottom:0px;--testimonial-border-width-left:0px;\" data-random=\"0\" data-speed=\"4000\"><div class=\"reviews\"><div class=\"review active-testimonial alignment-left avatar-image\" style=\"--awb-avatar-size:155px;\"><blockquote><div class=\"awb-quote\"><div class=\"awb-quote-content\">\n<p><span style=\"color: #2b2a29;\">Mi proyecto, TUCAS (Tree Urban Cooling Capacity through Analysis and Simulations), busca mejorar la simulaci\u00f3n de la capacidad de enfriamiento del arbolado urbano y contribuir a una planificaci\u00f3n urbana m\u00e1s adaptada al cambio clim\u00e1tico. Para ello, integra inteligencia artificial, datos LiDAR y modelizaci\u00f3n de la morfolog\u00eda vegetal.<\/span><\/p>\n<p><span style=\"color: #2b2a29;\">Mi experiencia como investigador postdoctoral Marie Sk\u0142odowska-Curie en la Universidad de Valladolid est\u00e1 siendo muy enriquecedora. Desde mi llegada, la universidad me ha brindado el apoyo log\u00edstico que he necesitado, y he encontrado un entorno acad\u00e9mico muy favorable para desarrollar mi trabajo. Mi tutor ha mostrado un inter\u00e9s constante por apoyarme y me ha ayudado a definir un plan de desarrollo de carrera que incluye docencia, publicaci\u00f3n cient\u00edfica y participaci\u00f3n en eventos acad\u00e9micos.<\/span><\/p>\n<p><span style=\"color: #2b2a29;\">Asimismo, la Fundaci\u00f3n de la Universidad me ha acompa\u00f1ado de forma muy eficaz en los procesos de reporting y en la interacci\u00f3n con la estructura de gesti\u00f3n de las acciones Marie Curie. A ello se suma el apoyo del personal cient\u00edfico del Grupo SMART &#8211; iuFOR, que me ha brindado un espacio de discusi\u00f3n muy valioso para intercambiar ideas y avanzar en el proyecto, y la ayuda del equipo administrativo de iuFOR, que me ha facilitado la gesti\u00f3n log\u00edstica para la adquisici\u00f3n de equipos de computaci\u00f3n y muestreo.<\/span><\/p>\n<\/div><\/div><\/blockquote><div class=\"author\"><span class=\"testimonial-thumbnail\"><img fetchpriority=\"high\" decoding=\"async\" class=\"testimonial-image\" src=\"https:\/\/www.programador.online\/uifor\/wp-content\/uploads\/2026\/03\/Wilson-Lara-Henao.jpeg\" width=\"1600\" height=\"1066\" \/><\/span><span class=\"company-name\"><strong>Wilson Lara Henao<\/strong><span>, <\/span><span>MSCA-IF-EF-ST del programa Horizonte 2020<\/span><\/span><\/div><\/div><div class=\"review alignment-left avatar-image\" style=\"--awb-avatar-size:155px;\"><blockquote><div class=\"awb-quote\"><div class=\"awb-quote-content\"><span style=\"color: #2b2a29;\">Realizar el programa de la Uni\u00f3n Europea MSCA-IF-EF-ST (<a style=\"color: #2b2a29;\" href=\"https:\/\/marie-sklodowska-curie-actions.ec.europa.eu\/actions\/postdoctoral-fellowships\" target=\"_blank\" rel=\"noopener\">Postdoctoral Fellowships<\/a>) en el iuFOR est\u00e1 siendo una experiencia enriquecedora que est\u00e1 contribuyendo significativamente a mi carrera cient\u00edfica.<\/span><\/p>\n<p><span style=\"color: #2b2a29;\">El iuFOR es reconocido internacionalmente por su excelencia en investigaci\u00f3n forestal y su compromiso con la conservaci\u00f3n de los recursos naturales. Al pertenecer a este instituto, tengo acceso a una red de investigadores experimentados y expertos en el campo de la ciencia forestal. Puedo colaborar con ellos, compartir ideas y recibir retroalimentaci\u00f3n constructiva, lo cual es fundamental para mejorar mi proyecto y fortalecer el enfoque de mi investigaci\u00f3n.<\/span><\/p>\n<p><span style=\"color: #2b2a29;\">En el laboratorio puedo trabajar con tecnolog\u00eda de vanguardia y utilizar herramientas especializadas para llevar a cabo mi investigaci\u00f3n. Adem\u00e1s, estoy rodeado de un equipo multidisciplinario de investigadores con diferentes antecedentes acad\u00e9micos y experiencia en diversos aspectos de la investigaci\u00f3n forestal. Esta colaboraci\u00f3n me permite ampliar mis conocimientos y habilidades, y adquirir una perspectiva m\u00e1s amplia sobre los desaf\u00edos y oportunidades en este campo de estudio.<\/span><\/p>\n<p><span style=\"color: #2b2a29;\">Todo ello est\u00e1 siendo\u00a0una experiencia fundamental para consolidar mi carrera cient\u00edfica.<\/span><\/div><\/div><\/blockquote><div class=\"author\"><span class=\"testimonial-thumbnail\"><img decoding=\"async\" class=\"testimonial-image\" src=\"https:\/\/www.programador.online\/uifor\/wp-content\/uploads\/2026\/01\/iuFOR_Jonatan-Nino-Sanchez.jpg\" width=\"2443\" height=\"1832\" \/><\/span><span class=\"company-name\"><strong>Jonatan Ni\u00f1o<\/strong><span>, <\/span><span>MSCA-IF-EF-ST del programa Horizonte 2020<\/span><\/span><\/div><\/div><div class=\"review avatar-image\" style=\"--awb-avatar-size:155px;\"><blockquote><div class=\"awb-quote awb-testimonial-icon\"><i class=\"awb-t-icon-left fa-comment-alt far\"><\/i><div class=\"awb-quote-content\"><span style=\"color: #2b2a29;\">Llegu\u00e9 al iuFOR en Junio de 2018 tras haber conseguido financiaci\u00f3n para un proyecto MSCA-IF-CAR del programa Horizonte 2020 (<a style=\"color: #2b2a29;\" href=\"https:\/\/knowledge4policy.ec.europa.eu\/projects-activities\/car-msca-career-restart-car-panel-marie-sk%C5%82odowska-curie-actions-msca_en\" target=\"_blank\" rel=\"noopener\">Career Restart Panel \/ Individual Fellowships action<\/a>).<\/span><\/p>\n<p><span style=\"color: #2b2a29;\">En dicho proyecto propon\u00eda analizar el efecto que ha tenido el proceso de revegetaci\u00f3n natural de antiguos cultivos abandonados en el interior de la Pen\u00ednsula Ib\u00e9rica en t\u00e9rminos de fijaci\u00f3n de carbono atmosf\u00e9rico. El iuFOR, situado en el centro de Castilla y Le\u00f3n, una regi\u00f3n en la que dicho proceso ha sido especialmente marcado, me ofrec\u00eda una base de operaciones inmejorable para realizar el trabajo de campo necesario para el proyecto. El centro tiene, adem\u00e1s, equipamientos de alta calidad para realizar las tareas previstas de laboratorio y gabinete.<\/span><\/p>\n<p><span style=\"color: #2b2a29;\">Desde el primer momento, el equipo de la Oficina de Transferencia de Resultados de la Investigaci\u00f3n (OTRI) de la Universidad de Valladolid me asesor\u00f3 de manera extraordinaria en el dise\u00f1o inicial del proyecto, lo que aument\u00f3 de forma significativa sus posibilidades de aceptaci\u00f3n en una convocatoria extraordinariamente compleja y competitiva.<\/span><\/p>\n<p><span style=\"color: #2b2a29;\">Una vez en el iuFOR cont\u00e9 con todo el apoyo por parte de mi supervisor y del personal t\u00e9cnico e investigador del instituto, y recib\u00ed una gran cantidad de buenas ideas que sin duda contribuyeron a la finalizaci\u00f3n y al \u00e9xito del proyecto.<\/span><\/div><\/div><\/blockquote><div class=\"author\"><span class=\"testimonial-thumbnail\"><img decoding=\"async\" class=\"testimonial-image\" src=\"https:\/\/www.programador.online\/uifor\/wp-content\/uploads\/2026\/03\/iuFOR_Eduardo-Velazquyez.jpg\" width=\"825\" height=\"619\" \/><\/span><span class=\"company-name\"><strong>Eduardo Vel\u00e1zquez<\/strong><span>, <\/span><span>MSCA-IF-CAR del programa Horizonte 2020<\/span><\/span><\/div><\/div><\/div><div class=\"testimonial-pagination\" id=\"fusion-testimonials-1\"><a href=\"#\" aria-label=\"Testimonial Pagination\"  class=\"activeSlide\"><\/a><a href=\"#\" aria-label=\"Testimonial Pagination\" ><\/a><a href=\"#\" aria-label=\"Testimonial Pagination\" ><\/a><\/div><\/div><\/div><\/div><\/div><\/div><\/p>\n","protected":false},"excerpt":{"rendered":"","protected":false},"author":2,"featured_media":0,"parent":7146,"menu_order":0,"comment_status":"closed","ping_status":"closed","template":"","meta":{"_acf_changed":false,"footnotes":""},"class_list":["post-7332","page","type-page","status-publish","hentry"],"acf":[],"yoast_head":"<!-- This site is optimized with the Yoast SEO plugin v27.4 - https:\/\/yoast.com\/product\/yoast-seo-wordpress\/ -->\n<title>MSCA en el iuFOR - IUFOR<\/title>\n<meta name=\"robots\" content=\"index, follow, max-snippet:-1, max-image-preview:large, max-video-preview:-1\" \/>\n<link rel=\"canonical\" href=\"https:\/\/www.programador.online\/uifor\/unete-al-iufor\/msca-en-el-iufor\/\" \/>\n<meta property=\"og:locale\" content=\"es_ES\" \/>\n<meta property=\"og:type\" content=\"article\" \/>\n<meta property=\"og:title\" content=\"MSCA en el iuFOR - IUFOR\" \/>\n<meta property=\"og:url\" content=\"https:\/\/www.programador.online\/uifor\/unete-al-iufor\/msca-en-el-iufor\/\" \/>\n<meta property=\"og:site_name\" content=\"IUFOR\" \/>\n<meta property=\"article:modified_time\" content=\"2026-03-24T16:26:37+00:00\" \/>\n<meta name=\"twitter:card\" content=\"summary_large_image\" \/>\n<meta name=\"twitter:label1\" content=\"Tiempo de lectura\" \/>\n\t<meta name=\"twitter:data1\" content=\"4 minutos\" \/>\n<script type=\"application\/ld+json\" class=\"yoast-schema-graph\">{\"@context\":\"https:\\\/\\\/schema.org\",\"@graph\":[{\"@type\":\"WebPage\",\"@id\":\"https:\\\/\\\/www.programador.online\\\/uifor\\\/unete-al-iufor\\\/msca-en-el-iufor\\\/\",\"url\":\"https:\\\/\\\/www.programador.online\\\/uifor\\\/unete-al-iufor\\\/msca-en-el-iufor\\\/\",\"name\":\"MSCA en el iuFOR - IUFOR\",\"isPartOf\":{\"@id\":\"https:\\\/\\\/www.programador.online\\\/uifor\\\/#website\"},\"datePublished\":\"2023-03-16T08:33:31+00:00\",\"dateModified\":\"2026-03-24T16:26:37+00:00\",\"breadcrumb\":{\"@id\":\"https:\\\/\\\/www.programador.online\\\/uifor\\\/unete-al-iufor\\\/msca-en-el-iufor\\\/#breadcrumb\"},\"inLanguage\":\"es\",\"potentialAction\":[{\"@type\":\"ReadAction\",\"target\":[\"https:\\\/\\\/www.programador.online\\\/uifor\\\/unete-al-iufor\\\/msca-en-el-iufor\\\/\"]}]},{\"@type\":\"BreadcrumbList\",\"@id\":\"https:\\\/\\\/www.programador.online\\\/uifor\\\/unete-al-iufor\\\/msca-en-el-iufor\\\/#breadcrumb\",\"itemListElement\":[{\"@type\":\"ListItem\",\"position\":1,\"name\":\"Home\",\"item\":\"https:\\\/\\\/www.programador.online\\\/uifor\\\/\"},{\"@type\":\"ListItem\",\"position\":2,\"name\":\"\u00danete al iuFOR\",\"item\":\"https:\\\/\\\/www.programador.online\\\/uifor\\\/unete-al-iufor\\\/\"},{\"@type\":\"ListItem\",\"position\":3,\"name\":\"MSCA en el iuFOR\"}]},{\"@type\":\"WebSite\",\"@id\":\"https:\\\/\\\/www.programador.online\\\/uifor\\\/#website\",\"url\":\"https:\\\/\\\/www.programador.online\\\/uifor\\\/\",\"name\":\"IUFOR\",\"description\":\"Instituto Universitario de Investigaci\u00f3n en Gesti\u00f3n Forestal Sostenible\",\"potentialAction\":[{\"@type\":\"SearchAction\",\"target\":{\"@type\":\"EntryPoint\",\"urlTemplate\":\"https:\\\/\\\/www.programador.online\\\/uifor\\\/?s={search_term_string}\"},\"query-input\":{\"@type\":\"PropertyValueSpecification\",\"valueRequired\":true,\"valueName\":\"search_term_string\"}}],\"inLanguage\":\"es\"}]}<\/script>\n<!-- \/ Yoast SEO plugin. -->","yoast_head_json":{"title":"MSCA en el iuFOR - IUFOR","robots":{"index":"index","follow":"follow","max-snippet":"max-snippet:-1","max-image-preview":"max-image-preview:large","max-video-preview":"max-video-preview:-1"},"canonical":"https:\/\/www.programador.online\/uifor\/unete-al-iufor\/msca-en-el-iufor\/","og_locale":"es_ES","og_type":"article","og_title":"MSCA en el iuFOR - IUFOR","og_url":"https:\/\/www.programador.online\/uifor\/unete-al-iufor\/msca-en-el-iufor\/","og_site_name":"IUFOR","article_modified_time":"2026-03-24T16:26:37+00:00","twitter_card":"summary_large_image","twitter_misc":{"Tiempo de lectura":"4 minutos"},"schema":{"@context":"https:\/\/schema.org","@graph":[{"@type":"WebPage","@id":"https:\/\/www.programador.online\/uifor\/unete-al-iufor\/msca-en-el-iufor\/","url":"https:\/\/www.programador.online\/uifor\/unete-al-iufor\/msca-en-el-iufor\/","name":"MSCA en el iuFOR - IUFOR","isPartOf":{"@id":"https:\/\/www.programador.online\/uifor\/#website"},"datePublished":"2023-03-16T08:33:31+00:00","dateModified":"2026-03-24T16:26:37+00:00","breadcrumb":{"@id":"https:\/\/www.programador.online\/uifor\/unete-al-iufor\/msca-en-el-iufor\/#breadcrumb"},"inLanguage":"es","potentialAction":[{"@type":"ReadAction","target":["https:\/\/www.programador.online\/uifor\/unete-al-iufor\/msca-en-el-iufor\/"]}]},{"@type":"BreadcrumbList","@id":"https:\/\/www.programador.online\/uifor\/unete-al-iufor\/msca-en-el-iufor\/#breadcrumb","itemListElement":[{"@type":"ListItem","position":1,"name":"Home","item":"https:\/\/www.programador.online\/uifor\/"},{"@type":"ListItem","position":2,"name":"\u00danete al iuFOR","item":"https:\/\/www.programador.online\/uifor\/unete-al-iufor\/"},{"@type":"ListItem","position":3,"name":"MSCA en el iuFOR"}]},{"@type":"WebSite","@id":"https:\/\/www.programador.online\/uifor\/#website","url":"https:\/\/www.programador.online\/uifor\/","name":"IUFOR","description":"Instituto Universitario de Investigaci\u00f3n en Gesti\u00f3n Forestal Sostenible","potentialAction":[{"@type":"SearchAction","target":{"@type":"EntryPoint","urlTemplate":"https:\/\/www.programador.online\/uifor\/?s={search_term_string}"},"query-input":{"@type":"PropertyValueSpecification","valueRequired":true,"valueName":"search_term_string"}}],"inLanguage":"es"}]}},"_links":{"self":[{"href":"https:\/\/www.programador.online\/uifor\/wp-json\/wp\/v2\/pages\/7332","targetHints":{"allow":["GET"]}}],"collection":[{"href":"https:\/\/www.programador.online\/uifor\/wp-json\/wp\/v2\/pages"}],"about":[{"href":"https:\/\/www.programador.online\/uifor\/wp-json\/wp\/v2\/types\/page"}],"author":[{"embeddable":true,"href":"https:\/\/www.programador.online\/uifor\/wp-json\/wp\/v2\/users\/2"}],"replies":[{"embeddable":true,"href":"https:\/\/www.programador.online\/uifor\/wp-json\/wp\/v2\/comments?post=7332"}],"version-history":[{"count":11,"href":"https:\/\/www.programador.online\/uifor\/wp-json\/wp\/v2\/pages\/7332\/revisions"}],"predecessor-version":[{"id":16928,"href":"https:\/\/www.programador.online\/uifor\/wp-json\/wp\/v2\/pages\/7332\/revisions\/16928"}],"up":[{"embeddable":true,"href":"https:\/\/www.programador.online\/uifor\/wp-json\/wp\/v2\/pages\/7146"}],"wp:attachment":[{"href":"https:\/\/www.programador.online\/uifor\/wp-json\/wp\/v2\/media?parent=7332"}],"curies":[{"name":"wp","href":"https:\/\/api.w.org\/{rel}","templated":true}]}}