{"id":7322,"date":"2023-03-16T10:31:09","date_gmt":"2023-03-16T08:31:09","guid":{"rendered":"https:\/\/iufor.palencia.uva.es\/?page_id=7322"},"modified":"2026-03-24T18:18:59","modified_gmt":"2026-03-24T16:18:59","slug":"hrs4r","status":"publish","type":"page","link":"https:\/\/www.programador.online\/uifor\/unete-al-iufor\/hrs4r\/","title":{"rendered":"HRS4R"},"content":{"rendered":"<div class=\"fusion-fullwidth fullwidth-box fusion-builder-row-1 fusion-flex-container has-pattern-background has-mask-background nonhundred-percent-fullwidth non-hundred-percent-height-scrolling\" style=\"--awb-border-radius-top-left:0px;--awb-border-radius-top-right:0px;--awb-border-radius-bottom-right:0px;--awb-border-radius-bottom-left:0px;--awb-padding-top:0px;--awb-flex-wrap:wrap;\" ><div class=\"fusion-builder-row fusion-row fusion-flex-align-items-flex-start fusion-flex-content-wrap\" style=\"max-width:1289.6px;margin-left: calc(-4% \/ 2 );margin-right: calc(-4% \/ 2 );\"><div class=\"fusion-layout-column fusion_builder_column fusion-builder-column-0 fusion_builder_column_1_1 1_1 fusion-flex-column\" style=\"--awb-bg-size:cover;--awb-width-large:100%;--awb-margin-top-large:0px;--awb-spacing-right-large:1.92%;--awb-margin-bottom-large:20px;--awb-spacing-left-large:1.92%;--awb-width-medium:100%;--awb-order-medium:0;--awb-spacing-right-medium:1.92%;--awb-spacing-left-medium:1.92%;--awb-width-small:100%;--awb-order-small:0;--awb-spacing-right-small:1.92%;--awb-spacing-left-small:1.92%;\"><div class=\"fusion-column-wrapper fusion-column-has-shadow fusion-flex-justify-content-flex-start fusion-content-layout-column\"><div class=\"fusion-title title fusion-title-1 fusion-sep-none fusion-title-text fusion-title-size-two\" style=\"--awb-text-color:var(--awb-color4);--awb-margin-top:0px;\"><h2 class=\"fusion-title-heading title-heading-left fusion-responsive-typography-calculated\" style=\"font-family:&quot;Zilla Slab&quot;;font-style:normal;font-weight:300;margin:0;--fontSize:45;line-height:var(--awb-typography1-line-height);\">Excelencia en la gesti\u00f3n del talento<\/h2><\/div><div class=\"fusion-text fusion-text-1\" style=\"--awb-text-color:var(--awb-custom_color_3);\"><p>En este<a href=\"https:\/\/investiga.uva.es\/hrs4r\/\"> <b>v\u00eddeo<\/b><\/a> podr\u00e1s ver qu\u00e9 es el HRS4R o pol\u00edtica de contrataci\u00f3n de recursos humanos en investigaci\u00f3n (Human Resource Strategy for Researchers). Esto implica el compromiso de la Universidad de Valladolid en mejorar las estrategias de recursos humanos para investigadores, implementando los principios reflejados en la <b><a href=\"https:\/\/www.programador.online\/uifor\/wp-content\/uploads\/2026\/03\/carta_y_codigo_europeos_del_investigador_cc_en_espanol_-ingles-1.pdf\">Carta Europea del Investigador y C\u00f3digo de conducta para la contrataci\u00f3n de investigadores<\/a><\/b>.<\/p>\n<p>Para asegurar el cumplimiento y el buen funcionamiento de los requerimientos del <b>Sello de Excelencia de Recursos Humanos en Investigaci\u00f3n<\/b> (HRS4R; \u201cHR Excellence in Research\u201d, en ingl\u00e9s) se realizan evaluaciones peri\u00f3dicas para determinar el grado de conocimiento y relevancia que nuestros\/as investigadores\/as tienen y otorgan a las acciones que se vienen llevando a cabo desde la implantaci\u00f3n del Sello de Excelencia en la Universidad (HRS4R en la UVa).<\/p>\n<p>El <b>HR Excellence Award<\/b> proporciona, por parte de la <b>Comisi\u00f3n Europea<\/b>, un reconocimiento de calidad a la instituci\u00f3n que cumple con los Principios de la Carta y C\u00f3digo para Investigadores y que ha identificado sus propias limitaciones y ha proporcionado las acciones futuras adecuadas para mejorar. Para ello, hay un total de <b>4 \u00e1reas principales y 40 principios (recomendaciones)<\/b>, relacionados con la \u00e9tica y profesionalidad, el reclutamiento y selecci\u00f3n de personal, las condiciones de trabajo y sociales, y la formaci\u00f3n y desarrollo.<\/p>\n<p>La <b>Universidad de Valladolid<\/b> comenz\u00f3 este camino buscando asegurar la calidad en la investigaci\u00f3n y la selecci\u00f3n de talento investigador en el a\u00f1o 2017.<\/p>\n<p>Como instituto que forma parte de la Universidad de Valladolid, en el iuFOR nos aseguramos de cumplir todos estos requerimientos, para que nuestros investigadores trabajen en un entorno id\u00f3neo.<\/p>\n<\/div><div class=\"fusion-image-element \" style=\"text-align:center;--awb-margin-top:20px;--awb-caption-title-font-family:var(--h2_typography-font-family);--awb-caption-title-font-weight:var(--h2_typography-font-weight);--awb-caption-title-font-style:var(--h2_typography-font-style);--awb-caption-title-size:var(--h2_typography-font-size);--awb-caption-title-transform:var(--h2_typography-text-transform);--awb-caption-title-line-height:var(--h2_typography-line-height);--awb-caption-title-letter-spacing:var(--h2_typography-letter-spacing);\"><span class=\" fusion-imageframe imageframe-none imageframe-1 hover-type-none\"><img fetchpriority=\"high\" fetchpriority=\"high\" decoding=\"async\" width=\"960\" height=\"720\" title=\"Gannt_diagram_HRS4R-UVa\" src=\"https:\/\/www.programador.online\/uifor\/wp-content\/uploads\/2026\/03\/Gannt_diagram_HRS4R-UVa.png\" alt class=\"img-responsive wp-image-16912\" srcset=\"https:\/\/www.programador.online\/uifor\/wp-content\/uploads\/2026\/03\/Gannt_diagram_HRS4R-UVa-200x150.png 200w, https:\/\/www.programador.online\/uifor\/wp-content\/uploads\/2026\/03\/Gannt_diagram_HRS4R-UVa-400x300.png 400w, https:\/\/www.programador.online\/uifor\/wp-content\/uploads\/2026\/03\/Gannt_diagram_HRS4R-UVa-600x450.png 600w, https:\/\/www.programador.online\/uifor\/wp-content\/uploads\/2026\/03\/Gannt_diagram_HRS4R-UVa-800x600.png 800w, https:\/\/www.programador.online\/uifor\/wp-content\/uploads\/2026\/03\/Gannt_diagram_HRS4R-UVa.png 960w\" sizes=\"(max-width: 640px) 100vw, 960px\" \/><\/span><\/div><\/div><\/div><\/div><\/div>\n","protected":false},"excerpt":{"rendered":"","protected":false},"author":2,"featured_media":0,"parent":7146,"menu_order":0,"comment_status":"closed","ping_status":"closed","template":"","meta":{"_acf_changed":false,"footnotes":""},"class_list":["post-7322","page","type-page","status-publish","hentry"],"acf":[],"yoast_head":"<!-- This site is optimized with the Yoast SEO plugin v27.4 - https:\/\/yoast.com\/product\/yoast-seo-wordpress\/ -->\n<title>HRS4R - IUFOR<\/title>\n<meta name=\"robots\" content=\"index, follow, max-snippet:-1, max-image-preview:large, max-video-preview:-1\" \/>\n<link rel=\"canonical\" href=\"https:\/\/www.programador.online\/uifor\/unete-al-iufor\/hrs4r\/\" \/>\n<meta property=\"og:locale\" content=\"es_ES\" \/>\n<meta property=\"og:type\" content=\"article\" \/>\n<meta property=\"og:title\" content=\"HRS4R - IUFOR\" \/>\n<meta property=\"og:url\" content=\"https:\/\/www.programador.online\/uifor\/unete-al-iufor\/hrs4r\/\" \/>\n<meta property=\"og:site_name\" content=\"IUFOR\" \/>\n<meta property=\"article:modified_time\" content=\"2026-03-24T16:18:59+00:00\" \/>\n<meta name=\"twitter:card\" content=\"summary_large_image\" \/>\n<meta name=\"twitter:label1\" content=\"Tiempo de lectura\" \/>\n\t<meta name=\"twitter:data1\" content=\"2 minutos\" \/>\n<script type=\"application\/ld+json\" class=\"yoast-schema-graph\">{\"@context\":\"https:\\\/\\\/schema.org\",\"@graph\":[{\"@type\":\"WebPage\",\"@id\":\"https:\\\/\\\/www.programador.online\\\/uifor\\\/unete-al-iufor\\\/hrs4r\\\/\",\"url\":\"https:\\\/\\\/www.programador.online\\\/uifor\\\/unete-al-iufor\\\/hrs4r\\\/\",\"name\":\"HRS4R - IUFOR\",\"isPartOf\":{\"@id\":\"https:\\\/\\\/www.programador.online\\\/uifor\\\/#website\"},\"datePublished\":\"2023-03-16T08:31:09+00:00\",\"dateModified\":\"2026-03-24T16:18:59+00:00\",\"breadcrumb\":{\"@id\":\"https:\\\/\\\/www.programador.online\\\/uifor\\\/unete-al-iufor\\\/hrs4r\\\/#breadcrumb\"},\"inLanguage\":\"es\",\"potentialAction\":[{\"@type\":\"ReadAction\",\"target\":[\"https:\\\/\\\/www.programador.online\\\/uifor\\\/unete-al-iufor\\\/hrs4r\\\/\"]}]},{\"@type\":\"BreadcrumbList\",\"@id\":\"https:\\\/\\\/www.programador.online\\\/uifor\\\/unete-al-iufor\\\/hrs4r\\\/#breadcrumb\",\"itemListElement\":[{\"@type\":\"ListItem\",\"position\":1,\"name\":\"Home\",\"item\":\"https:\\\/\\\/www.programador.online\\\/uifor\\\/\"},{\"@type\":\"ListItem\",\"position\":2,\"name\":\"\u00danete al iuFOR\",\"item\":\"https:\\\/\\\/www.programador.online\\\/uifor\\\/unete-al-iufor\\\/\"},{\"@type\":\"ListItem\",\"position\":3,\"name\":\"HRS4R\"}]},{\"@type\":\"WebSite\",\"@id\":\"https:\\\/\\\/www.programador.online\\\/uifor\\\/#website\",\"url\":\"https:\\\/\\\/www.programador.online\\\/uifor\\\/\",\"name\":\"IUFOR\",\"description\":\"Instituto Universitario de Investigaci\u00f3n en Gesti\u00f3n Forestal Sostenible\",\"potentialAction\":[{\"@type\":\"SearchAction\",\"target\":{\"@type\":\"EntryPoint\",\"urlTemplate\":\"https:\\\/\\\/www.programador.online\\\/uifor\\\/?s={search_term_string}\"},\"query-input\":{\"@type\":\"PropertyValueSpecification\",\"valueRequired\":true,\"valueName\":\"search_term_string\"}}],\"inLanguage\":\"es\"}]}<\/script>\n<!-- \/ Yoast SEO plugin. -->","yoast_head_json":{"title":"HRS4R - IUFOR","robots":{"index":"index","follow":"follow","max-snippet":"max-snippet:-1","max-image-preview":"max-image-preview:large","max-video-preview":"max-video-preview:-1"},"canonical":"https:\/\/www.programador.online\/uifor\/unete-al-iufor\/hrs4r\/","og_locale":"es_ES","og_type":"article","og_title":"HRS4R - IUFOR","og_url":"https:\/\/www.programador.online\/uifor\/unete-al-iufor\/hrs4r\/","og_site_name":"IUFOR","article_modified_time":"2026-03-24T16:18:59+00:00","twitter_card":"summary_large_image","twitter_misc":{"Tiempo de lectura":"2 minutos"},"schema":{"@context":"https:\/\/schema.org","@graph":[{"@type":"WebPage","@id":"https:\/\/www.programador.online\/uifor\/unete-al-iufor\/hrs4r\/","url":"https:\/\/www.programador.online\/uifor\/unete-al-iufor\/hrs4r\/","name":"HRS4R - IUFOR","isPartOf":{"@id":"https:\/\/www.programador.online\/uifor\/#website"},"datePublished":"2023-03-16T08:31:09+00:00","dateModified":"2026-03-24T16:18:59+00:00","breadcrumb":{"@id":"https:\/\/www.programador.online\/uifor\/unete-al-iufor\/hrs4r\/#breadcrumb"},"inLanguage":"es","potentialAction":[{"@type":"ReadAction","target":["https:\/\/www.programador.online\/uifor\/unete-al-iufor\/hrs4r\/"]}]},{"@type":"BreadcrumbList","@id":"https:\/\/www.programador.online\/uifor\/unete-al-iufor\/hrs4r\/#breadcrumb","itemListElement":[{"@type":"ListItem","position":1,"name":"Home","item":"https:\/\/www.programador.online\/uifor\/"},{"@type":"ListItem","position":2,"name":"\u00danete al iuFOR","item":"https:\/\/www.programador.online\/uifor\/unete-al-iufor\/"},{"@type":"ListItem","position":3,"name":"HRS4R"}]},{"@type":"WebSite","@id":"https:\/\/www.programador.online\/uifor\/#website","url":"https:\/\/www.programador.online\/uifor\/","name":"IUFOR","description":"Instituto Universitario de Investigaci\u00f3n en Gesti\u00f3n Forestal Sostenible","potentialAction":[{"@type":"SearchAction","target":{"@type":"EntryPoint","urlTemplate":"https:\/\/www.programador.online\/uifor\/?s={search_term_string}"},"query-input":{"@type":"PropertyValueSpecification","valueRequired":true,"valueName":"search_term_string"}}],"inLanguage":"es"}]}},"_links":{"self":[{"href":"https:\/\/www.programador.online\/uifor\/wp-json\/wp\/v2\/pages\/7322","targetHints":{"allow":["GET"]}}],"collection":[{"href":"https:\/\/www.programador.online\/uifor\/wp-json\/wp\/v2\/pages"}],"about":[{"href":"https:\/\/www.programador.online\/uifor\/wp-json\/wp\/v2\/types\/page"}],"author":[{"embeddable":true,"href":"https:\/\/www.programador.online\/uifor\/wp-json\/wp\/v2\/users\/2"}],"replies":[{"embeddable":true,"href":"https:\/\/www.programador.online\/uifor\/wp-json\/wp\/v2\/comments?post=7322"}],"version-history":[{"count":10,"href":"https:\/\/www.programador.online\/uifor\/wp-json\/wp\/v2\/pages\/7322\/revisions"}],"predecessor-version":[{"id":16924,"href":"https:\/\/www.programador.online\/uifor\/wp-json\/wp\/v2\/pages\/7322\/revisions\/16924"}],"up":[{"embeddable":true,"href":"https:\/\/www.programador.online\/uifor\/wp-json\/wp\/v2\/pages\/7146"}],"wp:attachment":[{"href":"https:\/\/www.programador.online\/uifor\/wp-json\/wp\/v2\/media?parent=7322"}],"curies":[{"name":"wp","href":"https:\/\/api.w.org\/{rel}","templated":true}]}}