{"id":16627,"date":"2026-03-06T15:49:22","date_gmt":"2026-03-06T13:49:22","guid":{"rendered":"https:\/\/www.programador.online\/uifor\/?page_id=16627"},"modified":"2026-03-20T16:08:10","modified_gmt":"2026-03-20T14:08:10","slug":"suelos","status":"publish","type":"page","link":"https:\/\/www.programador.online\/uifor\/investigacion\/grupos-de-investigacion\/suelos\/","title":{"rendered":"SUELOS: CALIDAD Y SOSTENIBILIDAD"},"content":{"rendered":"<p><div class=\"fusion-fullwidth fullwidth-box fusion-builder-row-1 fusion-flex-container has-pattern-background has-mask-background nonhundred-percent-fullwidth non-hundred-percent-height-scrolling\" style=\"--awb-border-radius-top-left:0px;--awb-border-radius-top-right:0px;--awb-border-radius-bottom-right:0px;--awb-border-radius-bottom-left:0px;--awb-flex-wrap:wrap;\" ><div class=\"fusion-builder-row fusion-row fusion-flex-align-items-flex-start fusion-flex-content-wrap\" style=\"max-width:1289.6px;margin-left: calc(-4% \/ 2 );margin-right: calc(-4% \/ 2 );\"><div class=\"fusion-layout-column fusion_builder_column fusion-builder-column-0 fusion_builder_column_1_1 1_1 fusion-flex-column\" style=\"--awb-bg-size:cover;--awb-width-large:100%;--awb-margin-top-large:0px;--awb-spacing-right-large:1.92%;--awb-margin-bottom-large:20px;--awb-spacing-left-large:1.92%;--awb-width-medium:100%;--awb-order-medium:0;--awb-spacing-right-medium:1.92%;--awb-spacing-left-medium:1.92%;--awb-width-small:100%;--awb-order-small:0;--awb-spacing-right-small:1.92%;--awb-spacing-left-small:1.92%;\"><div class=\"fusion-column-wrapper fusion-column-has-shadow fusion-flex-justify-content-flex-start fusion-content-layout-column\"><div class=\"fusion-text fusion-text-1\"><p><span style=\"color: #2b2a29;\">El GIR Suelos: Calidad y Sostenibilidad (SQS) est\u00e1 centrado en el estudio del suelo como recurso natural clave para la gesti\u00f3n sostenible de los sistemas agrarios, forestales y enol\u00f3gicos. Su actividad investigadora se orienta a comprender la din\u00e1mica de los procesos ed\u00e1ficos, incluyendo la materia org\u00e1nica, los nutrientes y los efectos del cambio global, con el objetivo de desarrollar estrategias que mejoren la calidad y funcionalidad de los suelos.<\/span><\/p>\n<p><span style=\"color: #2b2a29;\">El grupo combina investigaci\u00f3n, formaci\u00f3n especializada y transferencia de conocimiento, con participaci\u00f3n activa en programas de posgrado y doctorado, as\u00ed como en la difusi\u00f3n cient\u00edfica y t\u00e9cnica. Mantiene adem\u00e1s una estrecha colaboraci\u00f3n con empresas, administraciones e instituciones, contribuyendo a la innovaci\u00f3n y a la aplicaci\u00f3n pr\u00e1ctica del conocimiento en \u00e1mbitos como la gesti\u00f3n sostenible del suelo, la restauraci\u00f3n tras perturbaciones y la mejora de sistemas agr\u00edcolas y forestales.<\/span><\/p>\n<\/div><div class=\"fusion-title title fusion-title-1 fusion-sep-none fusion-title-text fusion-title-size-two\" style=\"--awb-text-color:var(--awb-color4);--awb-margin-top:0px;--awb-margin-bottom:0px;--awb-font-size:1.6rem;\"><h2 class=\"fusion-title-heading title-heading-left fusion-responsive-typography-calculated\" style=\"margin:0;font-size:1em;--fontSize:32;line-height:var(--awb-typography1-line-height);\">L\u00cdNEAS DE INVESTIGACI\u00d3N<\/h2><\/div><div class=\"fusion-text fusion-text-2\" style=\"--awb-text-color:var(--awb-custom_color_3);\"><ul>\n<li>Din\u00e1mica de la materia org\u00e1nica ed\u00e1fica y secuestro de Carbono en los suelos<\/li>\n<li>Efecto del cambio del uso y manejo del suelo en las caracter\u00edsticas ed\u00e1ficas en un escenario de cambio clim\u00e1tico<\/li>\n<li>F\u00f3sforo y nitr\u00f3geno ed\u00e1ficos: formas, din\u00e1mica y evoluci\u00f3n<\/li>\n<li>Influencia de los suelos en viticultura y enolog\u00eda<\/li>\n<li>Repercusi\u00f3n de los incendios en las propiedades de los suelos<\/li>\n<li>Utilizaci\u00f3n de enmiendas en suelos agr\u00edcolas y forestales<\/li>\n<\/ul>\n<\/div><\/div><\/div><\/div><\/div><div class=\"fusion-fullwidth fullwidth-box fusion-builder-row-2 fusion-flex-container has-pattern-background has-mask-background nonhundred-percent-fullwidth non-hundred-percent-height-scrolling\" style=\"--awb-border-radius-top-left:0px;--awb-border-radius-top-right:0px;--awb-border-radius-bottom-right:0px;--awb-border-radius-bottom-left:0px;--awb-flex-wrap:wrap;\" ><div class=\"fusion-builder-row fusion-row fusion-flex-align-items-flex-start fusion-flex-content-wrap\" style=\"max-width:1289.6px;margin-left: calc(-4% \/ 2 );margin-right: calc(-4% \/ 2 );\"><div class=\"fusion-layout-column fusion_builder_column fusion-builder-column-1 fusion_builder_column_1_2 1_2 fusion-flex-column\" style=\"--awb-bg-size:cover;--awb-width-large:50%;--awb-margin-top-large:0px;--awb-spacing-right-large:3.84%;--awb-margin-bottom-large:20px;--awb-spacing-left-large:3.84%;--awb-width-medium:50%;--awb-order-medium:0;--awb-spacing-right-medium:3.84%;--awb-spacing-left-medium:3.84%;--awb-width-small:100%;--awb-order-small:0;--awb-spacing-right-small:1.92%;--awb-spacing-left-small:1.92%;\"><div class=\"fusion-column-wrapper fusion-column-has-shadow fusion-flex-justify-content-flex-start fusion-content-layout-column\"><div class=\"fusion-image-element \" style=\"--awb-aspect-ratio:4 \/ 3;--awb-caption-title-font-family:var(--h2_typography-font-family);--awb-caption-title-font-weight:var(--h2_typography-font-weight);--awb-caption-title-font-style:var(--h2_typography-font-style);--awb-caption-title-size:var(--h2_typography-font-size);--awb-caption-title-transform:var(--h2_typography-text-transform);--awb-caption-title-line-height:var(--h2_typography-line-height);--awb-caption-title-letter-spacing:var(--h2_typography-letter-spacing);\"><span class=\" fusion-imageframe imageframe-none imageframe-1 hover-type-none has-aspect-ratio\"><img fetchpriority=\"high\" fetchpriority=\"high\" decoding=\"async\" width=\"1600\" height=\"720\" title=\"iuFOR_GIR-SUELOS 02\" src=\"https:\/\/www.programador.online\/uifor\/wp-content\/uploads\/2026\/03\/iuFOR_GIR-SUELOS-02.jpeg\" class=\"img-responsive wp-image-16798 img-with-aspect-ratio\" data-parent-fit=\"cover\" data-parent-container=\".fusion-image-element\" alt srcset=\"https:\/\/www.programador.online\/uifor\/wp-content\/uploads\/2026\/03\/iuFOR_GIR-SUELOS-02-200x90.jpeg 200w, https:\/\/www.programador.online\/uifor\/wp-content\/uploads\/2026\/03\/iuFOR_GIR-SUELOS-02-400x180.jpeg 400w, https:\/\/www.programador.online\/uifor\/wp-content\/uploads\/2026\/03\/iuFOR_GIR-SUELOS-02-600x270.jpeg 600w, https:\/\/www.programador.online\/uifor\/wp-content\/uploads\/2026\/03\/iuFOR_GIR-SUELOS-02-800x360.jpeg 800w, https:\/\/www.programador.online\/uifor\/wp-content\/uploads\/2026\/03\/iuFOR_GIR-SUELOS-02-1200x540.jpeg 1200w, https:\/\/www.programador.online\/uifor\/wp-content\/uploads\/2026\/03\/iuFOR_GIR-SUELOS-02.jpeg 1600w\" sizes=\"(max-width: 640px) 100vw, 600px\" \/><\/span><\/div><\/div><\/div><div class=\"fusion-layout-column fusion_builder_column fusion-builder-column-2 fusion_builder_column_1_2 1_2 fusion-flex-column\" style=\"--awb-bg-size:cover;--awb-width-large:50%;--awb-margin-top-large:0px;--awb-spacing-right-large:3.84%;--awb-margin-bottom-large:20px;--awb-spacing-left-large:3.84%;--awb-width-medium:50%;--awb-order-medium:0;--awb-spacing-right-medium:3.84%;--awb-spacing-left-medium:3.84%;--awb-width-small:100%;--awb-order-small:0;--awb-spacing-right-small:1.92%;--awb-spacing-left-small:1.92%;\"><div class=\"fusion-column-wrapper fusion-column-has-shadow fusion-flex-justify-content-flex-start fusion-content-layout-column\"><div class=\"fusion-title title fusion-title-2 fusion-sep-none fusion-title-text fusion-title-size-two\" style=\"--awb-text-color:var(--awb-color4);--awb-margin-top:0px;--awb-margin-bottom:20px;--awb-font-size:1.6rem;\"><h2 class=\"fusion-title-heading title-heading-left fusion-responsive-typography-calculated\" style=\"margin:0;font-size:1em;--fontSize:32;line-height:var(--awb-typography1-line-height);\">MIEMBROS<\/h2><\/div><div class=\"fusion-text fusion-text-3\" style=\"--awb-text-color:var(--awb-custom_color_3);\"><div>Celia Herrero de Aza<\/div>\n<div>Francisco Lafuente \u00c1lvarez<\/div>\n<div>Daphne L\u00f3pez Marcos<\/div>\n<div>Mar\u00eda Mercedes Taboada Castro<\/div>\n<div><span data-fusion-font=\"true\">Mar\u00eda Bel\u00e9n Turri\u00f3n Nieves<a href=\"https:\/\/iufor.palencia.uva.es\/investigadores\/turrion-nieves-maria-belen\/\"> <\/a><\/span><span data-fusion-font=\"true\">(Responsable)<\/span><\/div>\n<div><em>Y colaboradores<\/em><\/div>\n<\/div><div ><a class=\"fusion-button button-flat fusion-button-default-size button-custom fusion-button-default button-1 fusion-button-default-span \" style=\"--button_accent_color:var(--awb-color4);--button_border_color:var(--awb-color4);--button_accent_hover_color:var(--awb-color8);--button_border_hover_color:var(--awb-color8);--button_gradient_top_color:#ffffff;--button_gradient_bottom_color:#ffffff;--button_gradient_top_color_hover:#ffffff;--button_gradient_bottom_color_hover:#ffffff;--button_text_transform:uppercase;--button_padding-right:0px;--button_padding-left:0px;--button_margin-top:10px;\" target=\"_blank\" rel=\"noopener noreferrer\" href=\"https:\/\/portaldelaciencia.uva.es\/grupos\/11051\/detalle\"><i class=\"fa-angle-right fas awb-button__icon awb-button__icon--default button-icon-left\" aria-hidden=\"true\"><\/i><span class=\"fusion-button-text awb-button__text awb-button__text--default\">M\u00e1s informaci\u00f3n<\/span><\/a><\/div><\/div><\/div><\/div><\/div><\/p>\n","protected":false},"excerpt":{"rendered":"","protected":false},"author":6,"featured_media":0,"parent":13482,"menu_order":0,"comment_status":"closed","ping_status":"closed","template":"","meta":{"_acf_changed":false,"footnotes":""},"class_list":["post-16627","page","type-page","status-publish","hentry"],"acf":[],"yoast_head":"<!-- This site is optimized with the Yoast SEO plugin v27.4 - https:\/\/yoast.com\/product\/yoast-seo-wordpress\/ -->\n<title>SUELOS: CALIDAD Y SOSTENIBILIDAD - IUFOR<\/title>\n<meta name=\"robots\" content=\"index, follow, max-snippet:-1, max-image-preview:large, max-video-preview:-1\" \/>\n<link rel=\"canonical\" href=\"https:\/\/www.programador.online\/uifor\/investigacion\/grupos-de-investigacion\/suelos\/\" \/>\n<meta property=\"og:locale\" content=\"es_ES\" \/>\n<meta property=\"og:type\" content=\"article\" \/>\n<meta property=\"og:title\" content=\"SUELOS: CALIDAD Y SOSTENIBILIDAD - IUFOR\" \/>\n<meta property=\"og:url\" content=\"https:\/\/www.programador.online\/uifor\/investigacion\/grupos-de-investigacion\/suelos\/\" \/>\n<meta property=\"og:site_name\" content=\"IUFOR\" \/>\n<meta property=\"article:modified_time\" content=\"2026-03-20T14:08:10+00:00\" \/>\n<meta name=\"twitter:card\" content=\"summary_large_image\" \/>\n<meta name=\"twitter:label1\" content=\"Tiempo de lectura\" \/>\n\t<meta name=\"twitter:data1\" content=\"8 minutos\" \/>\n<script type=\"application\/ld+json\" class=\"yoast-schema-graph\">{\"@context\":\"https:\\\/\\\/schema.org\",\"@graph\":[{\"@type\":\"WebPage\",\"@id\":\"https:\\\/\\\/www.programador.online\\\/uifor\\\/investigacion\\\/grupos-de-investigacion\\\/suelos\\\/\",\"url\":\"https:\\\/\\\/www.programador.online\\\/uifor\\\/investigacion\\\/grupos-de-investigacion\\\/suelos\\\/\",\"name\":\"SUELOS: CALIDAD Y SOSTENIBILIDAD - IUFOR\",\"isPartOf\":{\"@id\":\"https:\\\/\\\/www.programador.online\\\/uifor\\\/#website\"},\"datePublished\":\"2026-03-06T13:49:22+00:00\",\"dateModified\":\"2026-03-20T14:08:10+00:00\",\"breadcrumb\":{\"@id\":\"https:\\\/\\\/www.programador.online\\\/uifor\\\/investigacion\\\/grupos-de-investigacion\\\/suelos\\\/#breadcrumb\"},\"inLanguage\":\"es\",\"potentialAction\":[{\"@type\":\"ReadAction\",\"target\":[\"https:\\\/\\\/www.programador.online\\\/uifor\\\/investigacion\\\/grupos-de-investigacion\\\/suelos\\\/\"]}]},{\"@type\":\"BreadcrumbList\",\"@id\":\"https:\\\/\\\/www.programador.online\\\/uifor\\\/investigacion\\\/grupos-de-investigacion\\\/suelos\\\/#breadcrumb\",\"itemListElement\":[{\"@type\":\"ListItem\",\"position\":1,\"name\":\"Home\",\"item\":\"https:\\\/\\\/www.programador.online\\\/uifor\\\/\"},{\"@type\":\"ListItem\",\"position\":2,\"name\":\"Investigaci\u00f3n\",\"item\":\"https:\\\/\\\/www.programador.online\\\/uifor\\\/investigacion\\\/\"},{\"@type\":\"ListItem\",\"position\":3,\"name\":\"Grupos de investigaci\u00f3n\",\"item\":\"https:\\\/\\\/www.programador.online\\\/uifor\\\/investigacion\\\/grupos-de-investigacion\\\/\"},{\"@type\":\"ListItem\",\"position\":4,\"name\":\"SUELOS: CALIDAD Y SOSTENIBILIDAD\"}]},{\"@type\":\"WebSite\",\"@id\":\"https:\\\/\\\/www.programador.online\\\/uifor\\\/#website\",\"url\":\"https:\\\/\\\/www.programador.online\\\/uifor\\\/\",\"name\":\"IUFOR\",\"description\":\"Instituto Universitario de Investigaci\u00f3n en Gesti\u00f3n Forestal Sostenible\",\"potentialAction\":[{\"@type\":\"SearchAction\",\"target\":{\"@type\":\"EntryPoint\",\"urlTemplate\":\"https:\\\/\\\/www.programador.online\\\/uifor\\\/?s={search_term_string}\"},\"query-input\":{\"@type\":\"PropertyValueSpecification\",\"valueRequired\":true,\"valueName\":\"search_term_string\"}}],\"inLanguage\":\"es\"}]}<\/script>\n<!-- \/ Yoast SEO plugin. -->","yoast_head_json":{"title":"SUELOS: CALIDAD Y SOSTENIBILIDAD - IUFOR","robots":{"index":"index","follow":"follow","max-snippet":"max-snippet:-1","max-image-preview":"max-image-preview:large","max-video-preview":"max-video-preview:-1"},"canonical":"https:\/\/www.programador.online\/uifor\/investigacion\/grupos-de-investigacion\/suelos\/","og_locale":"es_ES","og_type":"article","og_title":"SUELOS: CALIDAD Y SOSTENIBILIDAD - IUFOR","og_url":"https:\/\/www.programador.online\/uifor\/investigacion\/grupos-de-investigacion\/suelos\/","og_site_name":"IUFOR","article_modified_time":"2026-03-20T14:08:10+00:00","twitter_card":"summary_large_image","twitter_misc":{"Tiempo de lectura":"8 minutos"},"schema":{"@context":"https:\/\/schema.org","@graph":[{"@type":"WebPage","@id":"https:\/\/www.programador.online\/uifor\/investigacion\/grupos-de-investigacion\/suelos\/","url":"https:\/\/www.programador.online\/uifor\/investigacion\/grupos-de-investigacion\/suelos\/","name":"SUELOS: CALIDAD Y SOSTENIBILIDAD - IUFOR","isPartOf":{"@id":"https:\/\/www.programador.online\/uifor\/#website"},"datePublished":"2026-03-06T13:49:22+00:00","dateModified":"2026-03-20T14:08:10+00:00","breadcrumb":{"@id":"https:\/\/www.programador.online\/uifor\/investigacion\/grupos-de-investigacion\/suelos\/#breadcrumb"},"inLanguage":"es","potentialAction":[{"@type":"ReadAction","target":["https:\/\/www.programador.online\/uifor\/investigacion\/grupos-de-investigacion\/suelos\/"]}]},{"@type":"BreadcrumbList","@id":"https:\/\/www.programador.online\/uifor\/investigacion\/grupos-de-investigacion\/suelos\/#breadcrumb","itemListElement":[{"@type":"ListItem","position":1,"name":"Home","item":"https:\/\/www.programador.online\/uifor\/"},{"@type":"ListItem","position":2,"name":"Investigaci\u00f3n","item":"https:\/\/www.programador.online\/uifor\/investigacion\/"},{"@type":"ListItem","position":3,"name":"Grupos de investigaci\u00f3n","item":"https:\/\/www.programador.online\/uifor\/investigacion\/grupos-de-investigacion\/"},{"@type":"ListItem","position":4,"name":"SUELOS: CALIDAD Y SOSTENIBILIDAD"}]},{"@type":"WebSite","@id":"https:\/\/www.programador.online\/uifor\/#website","url":"https:\/\/www.programador.online\/uifor\/","name":"IUFOR","description":"Instituto Universitario de Investigaci\u00f3n en Gesti\u00f3n Forestal Sostenible","potentialAction":[{"@type":"SearchAction","target":{"@type":"EntryPoint","urlTemplate":"https:\/\/www.programador.online\/uifor\/?s={search_term_string}"},"query-input":{"@type":"PropertyValueSpecification","valueRequired":true,"valueName":"search_term_string"}}],"inLanguage":"es"}]}},"_links":{"self":[{"href":"https:\/\/www.programador.online\/uifor\/wp-json\/wp\/v2\/pages\/16627","targetHints":{"allow":["GET"]}}],"collection":[{"href":"https:\/\/www.programador.online\/uifor\/wp-json\/wp\/v2\/pages"}],"about":[{"href":"https:\/\/www.programador.online\/uifor\/wp-json\/wp\/v2\/types\/page"}],"author":[{"embeddable":true,"href":"https:\/\/www.programador.online\/uifor\/wp-json\/wp\/v2\/users\/6"}],"replies":[{"embeddable":true,"href":"https:\/\/www.programador.online\/uifor\/wp-json\/wp\/v2\/comments?post=16627"}],"version-history":[{"count":6,"href":"https:\/\/www.programador.online\/uifor\/wp-json\/wp\/v2\/pages\/16627\/revisions"}],"predecessor-version":[{"id":16799,"href":"https:\/\/www.programador.online\/uifor\/wp-json\/wp\/v2\/pages\/16627\/revisions\/16799"}],"up":[{"embeddable":true,"href":"https:\/\/www.programador.online\/uifor\/wp-json\/wp\/v2\/pages\/13482"}],"wp:attachment":[{"href":"https:\/\/www.programador.online\/uifor\/wp-json\/wp\/v2\/media?parent=16627"}],"curies":[{"name":"wp","href":"https:\/\/api.w.org\/{rel}","templated":true}]}}