{"id":16615,"date":"2026-03-06T15:03:44","date_gmt":"2026-03-06T13:03:44","guid":{"rendered":"https:\/\/www.programador.online\/uifor\/?page_id=16615"},"modified":"2026-03-20T17:58:29","modified_gmt":"2026-03-20T15:58:29","slug":"gsic-emic","status":"publish","type":"page","link":"https:\/\/www.programador.online\/uifor\/investigacion\/grupos-de-investigacion\/gsic-emic\/","title":{"rendered":"SISTEMAS INTELIGENTES Y COOPERATIVOS \/ EDUCACI\u00d3N, MEDIOS, INFORM\u00c1TICA Y CULTURA GSIC\/EMIC"},"content":{"rendered":"<p><div class=\"fusion-fullwidth fullwidth-box fusion-builder-row-1 fusion-flex-container has-pattern-background has-mask-background nonhundred-percent-fullwidth non-hundred-percent-height-scrolling\" style=\"--awb-border-radius-top-left:0px;--awb-border-radius-top-right:0px;--awb-border-radius-bottom-right:0px;--awb-border-radius-bottom-left:0px;--awb-flex-wrap:wrap;\" ><div class=\"fusion-builder-row fusion-row fusion-flex-align-items-flex-start fusion-flex-content-wrap\" style=\"max-width:1289.6px;margin-left: calc(-4% \/ 2 );margin-right: calc(-4% \/ 2 );\"><div class=\"fusion-layout-column fusion_builder_column fusion-builder-column-0 fusion_builder_column_1_1 1_1 fusion-flex-column\" style=\"--awb-bg-size:cover;--awb-width-large:100%;--awb-margin-top-large:0px;--awb-spacing-right-large:1.92%;--awb-margin-bottom-large:20px;--awb-spacing-left-large:1.92%;--awb-width-medium:100%;--awb-order-medium:0;--awb-spacing-right-medium:1.92%;--awb-spacing-left-medium:1.92%;--awb-width-small:100%;--awb-order-small:0;--awb-spacing-right-small:1.92%;--awb-spacing-left-small:1.92%;\"><div class=\"fusion-column-wrapper fusion-column-has-shadow fusion-flex-justify-content-flex-start fusion-content-layout-column\"><div class=\"fusion-text fusion-text-1\"><p><span style=\"color: #2b2a29;\">El GIR Sistemas Inteligentes y Cooperativos \/ Educaci\u00f3n, Medios, Inform\u00e1tica y Cultura (GSIC\/EMIC) es un grupo de investigaci\u00f3n reconocido y unidad consolidada que integra perfiles de ingenier\u00eda, inform\u00e1tica y educaci\u00f3n, desarrollando un enfoque transdisciplinar en el \u00e1mbito de la tecnolog\u00eda educativa y los sistemas inteligentes. Su actividad investigadora se centra en el dise\u00f1o y an\u00e1lisis de entornos de aprendizaje avanzados, el aprendizaje colaborativo apoyado por tecnolog\u00eda y el desarrollo de sistemas inteligentes basados en redes neuronales y modelos adaptativos.<\/span><\/p>\n<p><span style=\"color: #2b2a29;\">El grupo lidera y participa en numerosos proyectos de I+D+i a nivel internacional, nacional y regional, combinando investigaci\u00f3n, innovaci\u00f3n docente y desarrollo tecnol\u00f3gico. Destaca por la creaci\u00f3n de herramientas y aplicaciones avanzadas \u2014como sistemas de gamificaci\u00f3n, plataformas de aprendizaje, aplicaciones socio-sem\u00e1nticas y soluciones basadas en datos abiertos\u2014 que contribuyen a la mejora de los procesos educativos y a la transformaci\u00f3n digital de la sociedad.<\/span><\/p>\n<\/div><div class=\"fusion-title title fusion-title-1 fusion-sep-none fusion-title-text fusion-title-size-two\" style=\"--awb-text-color:var(--awb-color4);--awb-margin-top:0px;--awb-margin-bottom:0px;--awb-font-size:1.6rem;\"><h2 class=\"fusion-title-heading title-heading-left fusion-responsive-typography-calculated\" style=\"margin:0;font-size:1em;--fontSize:32;line-height:var(--awb-typography1-line-height);\">L\u00cdNEAS DE INVESTIGACI\u00d3N<\/h2><\/div><div class=\"fusion-text fusion-text-2\" style=\"--awb-text-color:var(--awb-custom_color_3);\"><ul>\n<li>Aprendizaje cooperativo apoyado por ordenador<\/li>\n<li>Middleware y sistemas distribuidos<\/li>\n<li>Sistemas de aprendizaje autom\u00e1tico<\/li>\n<\/ul>\n<\/div><\/div><\/div><\/div><\/div><div class=\"fusion-fullwidth fullwidth-box fusion-builder-row-2 fusion-flex-container has-pattern-background has-mask-background nonhundred-percent-fullwidth non-hundred-percent-height-scrolling\" style=\"--awb-border-radius-top-left:0px;--awb-border-radius-top-right:0px;--awb-border-radius-bottom-right:0px;--awb-border-radius-bottom-left:0px;--awb-flex-wrap:wrap;\" ><div class=\"fusion-builder-row fusion-row fusion-flex-align-items-flex-start fusion-flex-content-wrap\" style=\"max-width:1289.6px;margin-left: calc(-4% \/ 2 );margin-right: calc(-4% \/ 2 );\"><div class=\"fusion-layout-column fusion_builder_column fusion-builder-column-1 fusion_builder_column_1_2 1_2 fusion-flex-column\" style=\"--awb-bg-size:cover;--awb-width-large:50%;--awb-margin-top-large:0px;--awb-spacing-right-large:3.84%;--awb-margin-bottom-large:20px;--awb-spacing-left-large:3.84%;--awb-width-medium:50%;--awb-order-medium:0;--awb-spacing-right-medium:3.84%;--awb-spacing-left-medium:3.84%;--awb-width-small:100%;--awb-order-small:0;--awb-spacing-right-small:1.92%;--awb-spacing-left-small:1.92%;\"><div class=\"fusion-column-wrapper fusion-column-has-shadow fusion-flex-justify-content-flex-start fusion-content-layout-column\"><div class=\"fusion-image-element \" style=\"--awb-aspect-ratio:4 \/ 3;--awb-caption-title-font-family:var(--h2_typography-font-family);--awb-caption-title-font-weight:var(--h2_typography-font-weight);--awb-caption-title-font-style:var(--h2_typography-font-style);--awb-caption-title-size:var(--h2_typography-font-size);--awb-caption-title-transform:var(--h2_typography-text-transform);--awb-caption-title-line-height:var(--h2_typography-line-height);--awb-caption-title-letter-spacing:var(--h2_typography-letter-spacing);\"><span class=\" fusion-imageframe imageframe-none imageframe-1 hover-type-none has-aspect-ratio\"><img fetchpriority=\"high\" fetchpriority=\"high\" decoding=\"async\" width=\"500\" height=\"484\" title=\"iuFOR_GIR Sistemas Inteligentes 02\" src=\"https:\/\/www.programador.online\/uifor\/wp-content\/uploads\/2026\/03\/iuFOR_GIR-Sistemas-Inteligentes-02.jpeg\" class=\"img-responsive wp-image-16834 img-with-aspect-ratio\" data-parent-fit=\"cover\" data-parent-container=\".fusion-image-element\" alt srcset=\"https:\/\/www.programador.online\/uifor\/wp-content\/uploads\/2026\/03\/iuFOR_GIR-Sistemas-Inteligentes-02-200x194.jpeg 200w, https:\/\/www.programador.online\/uifor\/wp-content\/uploads\/2026\/03\/iuFOR_GIR-Sistemas-Inteligentes-02-400x387.jpeg 400w, https:\/\/www.programador.online\/uifor\/wp-content\/uploads\/2026\/03\/iuFOR_GIR-Sistemas-Inteligentes-02.jpeg 500w\" sizes=\"(max-width: 640px) 100vw, 500px\" \/><\/span><\/div><\/div><\/div><div class=\"fusion-layout-column fusion_builder_column fusion-builder-column-2 fusion_builder_column_1_2 1_2 fusion-flex-column\" style=\"--awb-bg-size:cover;--awb-width-large:50%;--awb-margin-top-large:0px;--awb-spacing-right-large:3.84%;--awb-margin-bottom-large:20px;--awb-spacing-left-large:3.84%;--awb-width-medium:50%;--awb-order-medium:0;--awb-spacing-right-medium:3.84%;--awb-spacing-left-medium:3.84%;--awb-width-small:100%;--awb-order-small:0;--awb-spacing-right-small:1.92%;--awb-spacing-left-small:1.92%;\"><div class=\"fusion-column-wrapper fusion-column-has-shadow fusion-flex-justify-content-flex-start fusion-content-layout-column\"><div class=\"fusion-title title fusion-title-2 fusion-sep-none fusion-title-text fusion-title-size-two\" style=\"--awb-text-color:var(--awb-color4);--awb-margin-top:0px;--awb-margin-bottom:20px;--awb-font-size:1.6rem;\"><h2 class=\"fusion-title-heading title-heading-left fusion-responsive-typography-calculated\" style=\"margin:0;font-size:1em;--fontSize:32;line-height:var(--awb-typography1-line-height);\">MIEMBROS<\/h2><\/div><div class=\"fusion-text fusion-text-3\" style=\"--awb-text-color:var(--awb-custom_color_3);\"><div>Juan Ignacio Asensio P\u00e9rez<\/div>\n<div>Miguel Luis Bote Lorenzo<\/div>\n<div>Vanesa Gallego Lema<\/div>\n<div>Sara Garc\u00eda Sastre<\/div>\n<div>Jos\u00e9 Miguel Gim\u00e9nez Garc\u00eda<\/div>\n<div>Eduardo G\u00f3mez S\u00e1nchez<\/div>\n<div>Alejandra Mart\u00ednez Mones<\/div>\n<div>Juan A. Mu\u00f1oz Crist\u00f3bal<\/div>\n<div>Alejandro Ortega Arranz<\/div>\n<div>Luis Pablo Prieto Santos<\/div>\n<div>Mar\u00eda Jes\u00fas Rodr\u00edguez<\/div>\n<div>Bartolom\u00e9 Rubia Avi<\/div>\n<div>Mohamed Saban<\/div>\n<div>Guillermo Vega Gorgojo<\/div>\n<div>Sara Lorena Villagra Sobrino<\/div>\n<div><span data-fusion-font=\"true\">Ioannis Dimitriadis Damoulis\u00a0<\/span><span data-fusion-font=\"true\">(Responsable)<\/span><\/div>\n<div><em>Y colaboradores<\/em><\/div>\n<\/div><div ><a class=\"fusion-button button-flat fusion-button-default-size button-custom fusion-button-default button-1 fusion-button-default-span \" style=\"--button_accent_color:var(--awb-color4);--button_border_color:var(--awb-color4);--button_accent_hover_color:var(--awb-color8);--button_border_hover_color:var(--awb-color8);--button_gradient_top_color:#ffffff;--button_gradient_bottom_color:#ffffff;--button_gradient_top_color_hover:#ffffff;--button_gradient_bottom_color_hover:#ffffff;--button_text_transform:uppercase;--button_padding-right:0px;--button_padding-left:0px;--button_margin-top:10px;\" target=\"_blank\" rel=\"noopener noreferrer\" href=\"https:\/\/portaldelaciencia.uva.es\/grupos\/10930\/detalle\"><i class=\"fa-angle-right fas awb-button__icon awb-button__icon--default button-icon-left\" aria-hidden=\"true\"><\/i><span class=\"fusion-button-text awb-button__text awb-button__text--default\">M\u00e1s informaci\u00f3n<\/span><\/a><\/div><\/div><\/div><\/div><\/div><\/p>\n","protected":false},"excerpt":{"rendered":"","protected":false},"author":6,"featured_media":0,"parent":13482,"menu_order":0,"comment_status":"closed","ping_status":"closed","template":"","meta":{"_acf_changed":false,"footnotes":""},"class_list":["post-16615","page","type-page","status-publish","hentry"],"acf":[],"yoast_head":"<!-- This site is optimized with the Yoast SEO plugin v27.4 - https:\/\/yoast.com\/product\/yoast-seo-wordpress\/ -->\n<title>SISTEMAS INTELIGENTES Y COOPERATIVOS \/ EDUCACI\u00d3N, MEDIOS, INFORM\u00c1TICA Y CULTURA GSIC\/EMIC - IUFOR<\/title>\n<meta name=\"robots\" content=\"index, follow, max-snippet:-1, max-image-preview:large, max-video-preview:-1\" \/>\n<link rel=\"canonical\" href=\"https:\/\/www.programador.online\/uifor\/investigacion\/grupos-de-investigacion\/gsic-emic\/\" \/>\n<meta property=\"og:locale\" content=\"es_ES\" \/>\n<meta property=\"og:type\" content=\"article\" \/>\n<meta property=\"og:title\" content=\"SISTEMAS INTELIGENTES Y COOPERATIVOS \/ EDUCACI\u00d3N, MEDIOS, INFORM\u00c1TICA Y CULTURA GSIC\/EMIC - IUFOR\" \/>\n<meta property=\"og:url\" content=\"https:\/\/www.programador.online\/uifor\/investigacion\/grupos-de-investigacion\/gsic-emic\/\" \/>\n<meta property=\"og:site_name\" content=\"IUFOR\" \/>\n<meta property=\"article:modified_time\" content=\"2026-03-20T15:58:29+00:00\" \/>\n<meta name=\"twitter:card\" content=\"summary_large_image\" \/>\n<meta name=\"twitter:label1\" content=\"Tiempo de lectura\" \/>\n\t<meta name=\"twitter:data1\" content=\"9 minutos\" \/>\n<script type=\"application\/ld+json\" class=\"yoast-schema-graph\">{\"@context\":\"https:\\\/\\\/schema.org\",\"@graph\":[{\"@type\":\"WebPage\",\"@id\":\"https:\\\/\\\/www.programador.online\\\/uifor\\\/investigacion\\\/grupos-de-investigacion\\\/gsic-emic\\\/\",\"url\":\"https:\\\/\\\/www.programador.online\\\/uifor\\\/investigacion\\\/grupos-de-investigacion\\\/gsic-emic\\\/\",\"name\":\"SISTEMAS INTELIGENTES Y COOPERATIVOS \\\/ EDUCACI\u00d3N, MEDIOS, INFORM\u00c1TICA Y CULTURA GSIC\\\/EMIC - IUFOR\",\"isPartOf\":{\"@id\":\"https:\\\/\\\/www.programador.online\\\/uifor\\\/#website\"},\"datePublished\":\"2026-03-06T13:03:44+00:00\",\"dateModified\":\"2026-03-20T15:58:29+00:00\",\"breadcrumb\":{\"@id\":\"https:\\\/\\\/www.programador.online\\\/uifor\\\/investigacion\\\/grupos-de-investigacion\\\/gsic-emic\\\/#breadcrumb\"},\"inLanguage\":\"es\",\"potentialAction\":[{\"@type\":\"ReadAction\",\"target\":[\"https:\\\/\\\/www.programador.online\\\/uifor\\\/investigacion\\\/grupos-de-investigacion\\\/gsic-emic\\\/\"]}]},{\"@type\":\"BreadcrumbList\",\"@id\":\"https:\\\/\\\/www.programador.online\\\/uifor\\\/investigacion\\\/grupos-de-investigacion\\\/gsic-emic\\\/#breadcrumb\",\"itemListElement\":[{\"@type\":\"ListItem\",\"position\":1,\"name\":\"Home\",\"item\":\"https:\\\/\\\/www.programador.online\\\/uifor\\\/\"},{\"@type\":\"ListItem\",\"position\":2,\"name\":\"Investigaci\u00f3n\",\"item\":\"https:\\\/\\\/www.programador.online\\\/uifor\\\/investigacion\\\/\"},{\"@type\":\"ListItem\",\"position\":3,\"name\":\"Grupos de investigaci\u00f3n\",\"item\":\"https:\\\/\\\/www.programador.online\\\/uifor\\\/investigacion\\\/grupos-de-investigacion\\\/\"},{\"@type\":\"ListItem\",\"position\":4,\"name\":\"SISTEMAS INTELIGENTES Y COOPERATIVOS \\\/ EDUCACI\u00d3N, MEDIOS, INFORM\u00c1TICA Y CULTURA GSIC\\\/EMIC\"}]},{\"@type\":\"WebSite\",\"@id\":\"https:\\\/\\\/www.programador.online\\\/uifor\\\/#website\",\"url\":\"https:\\\/\\\/www.programador.online\\\/uifor\\\/\",\"name\":\"IUFOR\",\"description\":\"Instituto Universitario de Investigaci\u00f3n en Gesti\u00f3n Forestal Sostenible\",\"potentialAction\":[{\"@type\":\"SearchAction\",\"target\":{\"@type\":\"EntryPoint\",\"urlTemplate\":\"https:\\\/\\\/www.programador.online\\\/uifor\\\/?s={search_term_string}\"},\"query-input\":{\"@type\":\"PropertyValueSpecification\",\"valueRequired\":true,\"valueName\":\"search_term_string\"}}],\"inLanguage\":\"es\"}]}<\/script>\n<!-- \/ Yoast SEO plugin. -->","yoast_head_json":{"title":"SISTEMAS INTELIGENTES Y COOPERATIVOS \/ EDUCACI\u00d3N, MEDIOS, INFORM\u00c1TICA Y CULTURA GSIC\/EMIC - IUFOR","robots":{"index":"index","follow":"follow","max-snippet":"max-snippet:-1","max-image-preview":"max-image-preview:large","max-video-preview":"max-video-preview:-1"},"canonical":"https:\/\/www.programador.online\/uifor\/investigacion\/grupos-de-investigacion\/gsic-emic\/","og_locale":"es_ES","og_type":"article","og_title":"SISTEMAS INTELIGENTES Y COOPERATIVOS \/ EDUCACI\u00d3N, MEDIOS, INFORM\u00c1TICA Y CULTURA GSIC\/EMIC - IUFOR","og_url":"https:\/\/www.programador.online\/uifor\/investigacion\/grupos-de-investigacion\/gsic-emic\/","og_site_name":"IUFOR","article_modified_time":"2026-03-20T15:58:29+00:00","twitter_card":"summary_large_image","twitter_misc":{"Tiempo de lectura":"9 minutos"},"schema":{"@context":"https:\/\/schema.org","@graph":[{"@type":"WebPage","@id":"https:\/\/www.programador.online\/uifor\/investigacion\/grupos-de-investigacion\/gsic-emic\/","url":"https:\/\/www.programador.online\/uifor\/investigacion\/grupos-de-investigacion\/gsic-emic\/","name":"SISTEMAS INTELIGENTES Y COOPERATIVOS \/ EDUCACI\u00d3N, MEDIOS, INFORM\u00c1TICA Y CULTURA GSIC\/EMIC - IUFOR","isPartOf":{"@id":"https:\/\/www.programador.online\/uifor\/#website"},"datePublished":"2026-03-06T13:03:44+00:00","dateModified":"2026-03-20T15:58:29+00:00","breadcrumb":{"@id":"https:\/\/www.programador.online\/uifor\/investigacion\/grupos-de-investigacion\/gsic-emic\/#breadcrumb"},"inLanguage":"es","potentialAction":[{"@type":"ReadAction","target":["https:\/\/www.programador.online\/uifor\/investigacion\/grupos-de-investigacion\/gsic-emic\/"]}]},{"@type":"BreadcrumbList","@id":"https:\/\/www.programador.online\/uifor\/investigacion\/grupos-de-investigacion\/gsic-emic\/#breadcrumb","itemListElement":[{"@type":"ListItem","position":1,"name":"Home","item":"https:\/\/www.programador.online\/uifor\/"},{"@type":"ListItem","position":2,"name":"Investigaci\u00f3n","item":"https:\/\/www.programador.online\/uifor\/investigacion\/"},{"@type":"ListItem","position":3,"name":"Grupos de investigaci\u00f3n","item":"https:\/\/www.programador.online\/uifor\/investigacion\/grupos-de-investigacion\/"},{"@type":"ListItem","position":4,"name":"SISTEMAS INTELIGENTES Y COOPERATIVOS \/ EDUCACI\u00d3N, MEDIOS, INFORM\u00c1TICA Y CULTURA GSIC\/EMIC"}]},{"@type":"WebSite","@id":"https:\/\/www.programador.online\/uifor\/#website","url":"https:\/\/www.programador.online\/uifor\/","name":"IUFOR","description":"Instituto Universitario de Investigaci\u00f3n en Gesti\u00f3n Forestal Sostenible","potentialAction":[{"@type":"SearchAction","target":{"@type":"EntryPoint","urlTemplate":"https:\/\/www.programador.online\/uifor\/?s={search_term_string}"},"query-input":{"@type":"PropertyValueSpecification","valueRequired":true,"valueName":"search_term_string"}}],"inLanguage":"es"}]}},"_links":{"self":[{"href":"https:\/\/www.programador.online\/uifor\/wp-json\/wp\/v2\/pages\/16615","targetHints":{"allow":["GET"]}}],"collection":[{"href":"https:\/\/www.programador.online\/uifor\/wp-json\/wp\/v2\/pages"}],"about":[{"href":"https:\/\/www.programador.online\/uifor\/wp-json\/wp\/v2\/types\/page"}],"author":[{"embeddable":true,"href":"https:\/\/www.programador.online\/uifor\/wp-json\/wp\/v2\/users\/6"}],"replies":[{"embeddable":true,"href":"https:\/\/www.programador.online\/uifor\/wp-json\/wp\/v2\/comments?post=16615"}],"version-history":[{"count":4,"href":"https:\/\/www.programador.online\/uifor\/wp-json\/wp\/v2\/pages\/16615\/revisions"}],"predecessor-version":[{"id":16835,"href":"https:\/\/www.programador.online\/uifor\/wp-json\/wp\/v2\/pages\/16615\/revisions\/16835"}],"up":[{"embeddable":true,"href":"https:\/\/www.programador.online\/uifor\/wp-json\/wp\/v2\/pages\/13482"}],"wp:attachment":[{"href":"https:\/\/www.programador.online\/uifor\/wp-json\/wp\/v2\/media?parent=16615"}],"curies":[{"name":"wp","href":"https:\/\/api.w.org\/{rel}","templated":true}]}}