{"id":16605,"date":"2026-03-06T14:42:17","date_gmt":"2026-03-06T12:42:17","guid":{"rendered":"https:\/\/www.programador.online\/uifor\/?page_id=16605"},"modified":"2026-03-20T17:54:17","modified_gmt":"2026-03-20T15:54:17","slug":"eytdm","status":"publish","type":"page","link":"https:\/\/www.programador.online\/uifor\/investigacion\/grupos-de-investigacion\/eytdm\/","title":{"rendered":"ESTRUCTURA Y TECNOLOG\u00cdA DE LA MADERA"},"content":{"rendered":"<p><div class=\"fusion-fullwidth fullwidth-box fusion-builder-row-1 fusion-flex-container has-pattern-background has-mask-background nonhundred-percent-fullwidth non-hundred-percent-height-scrolling\" style=\"--awb-border-radius-top-left:0px;--awb-border-radius-top-right:0px;--awb-border-radius-bottom-right:0px;--awb-border-radius-bottom-left:0px;--awb-flex-wrap:wrap;\" ><div class=\"fusion-builder-row fusion-row fusion-flex-align-items-flex-start fusion-flex-content-wrap\" style=\"max-width:1289.6px;margin-left: calc(-4% \/ 2 );margin-right: calc(-4% \/ 2 );\"><div class=\"fusion-layout-column fusion_builder_column fusion-builder-column-0 fusion_builder_column_1_1 1_1 fusion-flex-column\" style=\"--awb-bg-size:cover;--awb-width-large:100%;--awb-margin-top-large:0px;--awb-spacing-right-large:1.92%;--awb-margin-bottom-large:20px;--awb-spacing-left-large:1.92%;--awb-width-medium:100%;--awb-order-medium:0;--awb-spacing-right-medium:1.92%;--awb-spacing-left-medium:1.92%;--awb-width-small:100%;--awb-order-small:0;--awb-spacing-right-small:1.92%;--awb-spacing-left-small:1.92%;\"><div class=\"fusion-column-wrapper fusion-column-has-shadow fusion-flex-justify-content-flex-start fusion-content-layout-column\"><div class=\"fusion-text fusion-text-1\"><p><span style=\"color: #2b2a29;\">El GIR Estructura y Tecnolog\u00eda de la Madera de la Universidad de Valladolid es un grupo de investigaci\u00f3n reconocido de car\u00e1cter multidisciplinar, en el que participan diversos departamentos vinculados a la arquitectura, la ingenier\u00eda estructural y el \u00e1mbito agroforestal, con presencia en los campus de Valladolid y Palencia. A lo largo de los \u00faltimos a\u00f1os, el grupo ha experimentado un crecimiento progresivo y ordenado, adapt\u00e1ndose a la creciente complejidad de los retos abordados en el \u00e1mbito de la madera estructural.<\/span><\/p>\n<p><span style=\"color: #2b2a29;\">El equipo est\u00e1 integrado por profesionales e investigadores con experiencia en construcci\u00f3n y restauraci\u00f3n arquitect\u00f3nica, tecnolog\u00eda de la madera y procesos industriales avanzados, incorporando de forma continua personal investigador en formaci\u00f3n y postdoctoral. Su actividad se centra en el diagn\u00f3stico, la conservaci\u00f3n y la restauraci\u00f3n de estructuras de madera, tanto en patrimonio monumental como en edificaci\u00f3n convencional, contribuyendo a la toma de decisiones t\u00e9cnicas fundamentadas en criterios cient\u00edficos y soluciones innovadoras.<\/span><\/p>\n<\/div><div class=\"fusion-title title fusion-title-1 fusion-sep-none fusion-title-text fusion-title-size-two\" style=\"--awb-text-color:var(--awb-color4);--awb-margin-top:0x;--awb-margin-bottom:0px;--awb-font-size:1.6rem;\"><h2 class=\"fusion-title-heading title-heading-left fusion-responsive-typography-calculated\" style=\"margin:0;font-size:1em;--fontSize:32;line-height:var(--awb-typography1-line-height);\">L\u00cdNEAS DE INVESTIGACI\u00d3N<\/h2><\/div><div class=\"fusion-text fusion-text-2\" style=\"--awb-text-color:var(--awb-custom_color_3);\"><ul>\n<li>EGURALT: Aplicaci\u00f3n y difusi\u00f3n de la innovaci\u00f3n para la promoci\u00f3n de la construcci\u00f3n en altura con madera en el espacio SUDOE.<\/li>\n<li>Caracterizaci\u00f3n no destructiva y diagn\u00f3stico de estructuras de madera en el Patrimonio Cultural mediante t\u00e9cnicas din\u00e1micas.<\/li>\n<li>Fabricaci\u00f3n y caracterizaci\u00f3n de vigas d\u00faos reforzadas de madera de <em>Populus <\/em>sp. y <em>Pinus pinaster<\/em> Ait.<\/li>\n<li>Diagn\u00f3stico y evaluaci\u00f3n del estado de la madera por termograf\u00eda infrarroja (IR).<\/li>\n<li>Evaluaci\u00f3n de la fiabilidad de estructuras de madera en los Bienes de Inter\u00e9s Cultural (BIC) de Castilla-Le\u00f3n mediante t\u00e9cnicas resistogr\u00e1fica.<\/li>\n<li>Desarrollo de una metodolog\u00eda para la evaluaci\u00f3n del estado de los elementos estructurales de madera en el patrimonio hist\u00f3rico cultural espa\u00f1ol.<\/li>\n<li>C\u00e1lculo de elementos mixtos madera-hormig\u00f3n sometidos a flexi\u00f3n con simulaci\u00f3n del comportamiento de los conectores mediante el m\u00e9todo de los elementos finitos.<\/li>\n<li>Tablero tecnol\u00f3gico ligero con material lignocelul\u00f3sico.<\/li>\n<li>Protectores de corcho para plantaciones.<\/li>\n<\/ul>\n<\/div><\/div><\/div><\/div><\/div><div class=\"fusion-fullwidth fullwidth-box fusion-builder-row-2 fusion-flex-container has-pattern-background has-mask-background nonhundred-percent-fullwidth non-hundred-percent-height-scrolling\" style=\"--awb-border-radius-top-left:0px;--awb-border-radius-top-right:0px;--awb-border-radius-bottom-right:0px;--awb-border-radius-bottom-left:0px;--awb-flex-wrap:wrap;\" ><div class=\"fusion-builder-row fusion-row fusion-flex-align-items-flex-start fusion-flex-content-wrap\" style=\"max-width:1289.6px;margin-left: calc(-4% \/ 2 );margin-right: calc(-4% \/ 2 );\"><div class=\"fusion-layout-column fusion_builder_column fusion-builder-column-1 fusion_builder_column_1_2 1_2 fusion-flex-column\" style=\"--awb-bg-size:cover;--awb-width-large:50%;--awb-margin-top-large:0px;--awb-spacing-right-large:3.84%;--awb-margin-bottom-large:20px;--awb-spacing-left-large:3.84%;--awb-width-medium:50%;--awb-order-medium:0;--awb-spacing-right-medium:3.84%;--awb-spacing-left-medium:3.84%;--awb-width-small:100%;--awb-order-small:0;--awb-spacing-right-small:1.92%;--awb-spacing-left-small:1.92%;\"><div class=\"fusion-column-wrapper fusion-column-has-shadow fusion-flex-justify-content-flex-start fusion-content-layout-column\"><div class=\"fusion-image-element \" style=\"--awb-aspect-ratio:4 \/ 3;--awb-caption-title-font-family:var(--h2_typography-font-family);--awb-caption-title-font-weight:var(--h2_typography-font-weight);--awb-caption-title-font-style:var(--h2_typography-font-style);--awb-caption-title-size:var(--h2_typography-font-size);--awb-caption-title-transform:var(--h2_typography-text-transform);--awb-caption-title-line-height:var(--h2_typography-line-height);--awb-caption-title-letter-spacing:var(--h2_typography-letter-spacing);\"><span class=\" fusion-imageframe imageframe-none imageframe-1 hover-type-none has-aspect-ratio\"><img fetchpriority=\"high\" fetchpriority=\"high\" decoding=\"async\" width=\"1500\" height=\"975\" title=\"iuFOR_GIR Estructura Madera\" src=\"https:\/\/www.programador.online\/uifor\/wp-content\/uploads\/2026\/03\/iuFOR_GIR-Estructura-Madera.jpeg\" class=\"img-responsive wp-image-16807 img-with-aspect-ratio\" data-parent-fit=\"cover\" data-parent-container=\".fusion-image-element\" alt srcset=\"https:\/\/www.programador.online\/uifor\/wp-content\/uploads\/2026\/03\/iuFOR_GIR-Estructura-Madera-200x130.jpeg 200w, https:\/\/www.programador.online\/uifor\/wp-content\/uploads\/2026\/03\/iuFOR_GIR-Estructura-Madera-400x260.jpeg 400w, https:\/\/www.programador.online\/uifor\/wp-content\/uploads\/2026\/03\/iuFOR_GIR-Estructura-Madera-600x390.jpeg 600w, https:\/\/www.programador.online\/uifor\/wp-content\/uploads\/2026\/03\/iuFOR_GIR-Estructura-Madera-800x520.jpeg 800w, https:\/\/www.programador.online\/uifor\/wp-content\/uploads\/2026\/03\/iuFOR_GIR-Estructura-Madera-1200x780.jpeg 1200w, https:\/\/www.programador.online\/uifor\/wp-content\/uploads\/2026\/03\/iuFOR_GIR-Estructura-Madera.jpeg 1500w\" sizes=\"(max-width: 640px) 100vw, 600px\" \/><\/span><\/div><div class=\"fusion-separator fusion-full-width-sep\" style=\"align-self: center;margin-left: auto;margin-right: auto;width:100%;\"><div class=\"fusion-separator-border sep-double\" style=\"--awb-height:20px;--awb-amount:20px;border-color:var(--awb-color3);border-top-width:1px;border-bottom-width:1px;\"><\/div><\/div><div class=\"fusion-image-element \" style=\"--awb-aspect-ratio:4 \/ 3;--awb-caption-title-font-family:var(--h2_typography-font-family);--awb-caption-title-font-weight:var(--h2_typography-font-weight);--awb-caption-title-font-style:var(--h2_typography-font-style);--awb-caption-title-size:var(--h2_typography-font-size);--awb-caption-title-transform:var(--h2_typography-text-transform);--awb-caption-title-line-height:var(--h2_typography-line-height);--awb-caption-title-letter-spacing:var(--h2_typography-letter-spacing);\"><span class=\" fusion-imageframe imageframe-none imageframe-2 hover-type-none has-aspect-ratio\"><img decoding=\"async\" width=\"1411\" height=\"850\" title=\"iuFOR_GIR Estructura Madera 02\" src=\"https:\/\/www.programador.online\/uifor\/wp-content\/uploads\/2026\/03\/iuFOR_GIR-Estructura-Madera-02.jpg\" class=\"img-responsive wp-image-16831 img-with-aspect-ratio\" data-parent-fit=\"cover\" data-parent-container=\".fusion-image-element\" alt srcset=\"https:\/\/www.programador.online\/uifor\/wp-content\/uploads\/2026\/03\/iuFOR_GIR-Estructura-Madera-02-200x120.jpg 200w, https:\/\/www.programador.online\/uifor\/wp-content\/uploads\/2026\/03\/iuFOR_GIR-Estructura-Madera-02-400x241.jpg 400w, https:\/\/www.programador.online\/uifor\/wp-content\/uploads\/2026\/03\/iuFOR_GIR-Estructura-Madera-02-600x361.jpg 600w, https:\/\/www.programador.online\/uifor\/wp-content\/uploads\/2026\/03\/iuFOR_GIR-Estructura-Madera-02-800x482.jpg 800w, https:\/\/www.programador.online\/uifor\/wp-content\/uploads\/2026\/03\/iuFOR_GIR-Estructura-Madera-02-1200x723.jpg 1200w, https:\/\/www.programador.online\/uifor\/wp-content\/uploads\/2026\/03\/iuFOR_GIR-Estructura-Madera-02.jpg 1411w\" sizes=\"(max-width: 640px) 100vw, 600px\" \/><\/span><\/div><\/div><\/div><div class=\"fusion-layout-column fusion_builder_column fusion-builder-column-2 fusion_builder_column_1_2 1_2 fusion-flex-column\" style=\"--awb-bg-size:cover;--awb-width-large:50%;--awb-margin-top-large:0px;--awb-spacing-right-large:3.84%;--awb-margin-bottom-large:20px;--awb-spacing-left-large:3.84%;--awb-width-medium:50%;--awb-order-medium:0;--awb-spacing-right-medium:3.84%;--awb-spacing-left-medium:3.84%;--awb-width-small:100%;--awb-order-small:0;--awb-spacing-right-small:1.92%;--awb-spacing-left-small:1.92%;\"><div class=\"fusion-column-wrapper fusion-column-has-shadow fusion-flex-justify-content-flex-start fusion-content-layout-column\"><div class=\"fusion-title title fusion-title-2 fusion-sep-none fusion-title-text fusion-title-size-two\" style=\"--awb-text-color:var(--awb-color4);--awb-margin-top:0px;--awb-margin-bottom:20px;--awb-font-size:1.6rem;\"><h2 class=\"fusion-title-heading title-heading-left fusion-responsive-typography-calculated\" style=\"margin:0;font-size:1em;--fontSize:32;line-height:var(--awb-typography1-line-height);\">MIEMBROS<\/h2><\/div><div class=\"fusion-text fusion-text-3\" style=\"--awb-text-color:var(--awb-custom_color_3);\"><div>Milagros Casado Sanz<\/div>\n<div><span data-fusion-font=\"true\">Gemma Ram\u00f3n Cueto<\/span><\/div>\n<div><span data-fusion-font=\"true\">Jos\u00e9 Antonio Balmori Roiz<\/span><\/div>\n<div><span data-fusion-font=\"true\">Roberto Diego Mart\u00ednez L\u00f3pez<\/span><\/div>\n<div><span data-fusion-font=\"true\">Luis Alfonso Basterra Otero\u00a0<\/span><span data-fusion-font=\"true\">(Responsable)<\/span><\/div>\n<div><em>Y colaboradores<\/em><\/div>\n<\/div><div ><a class=\"fusion-button button-flat fusion-button-default-size button-custom fusion-button-default button-1 fusion-button-default-span \" style=\"--button_accent_color:var(--awb-color4);--button_border_color:var(--awb-color4);--button_accent_hover_color:var(--awb-color8);--button_border_hover_color:var(--awb-color8);--button_gradient_top_color:#ffffff;--button_gradient_bottom_color:#ffffff;--button_gradient_top_color_hover:#ffffff;--button_gradient_bottom_color_hover:#ffffff;--button_text_transform:uppercase;--button_padding-right:0px;--button_padding-left:0px;--button_margin-top:10px;\" target=\"_blank\" rel=\"noopener noreferrer\" href=\"https:\/\/portaldelaciencia.uva.es\/grupos\/10907\/detalle\"><i class=\"fa-angle-right fas awb-button__icon awb-button__icon--default button-icon-left\" aria-hidden=\"true\"><\/i><span class=\"fusion-button-text awb-button__text awb-button__text--default\">M\u00e1s informaci\u00f3n<\/span><\/a><\/div><div ><a class=\"fusion-button button-flat fusion-button-default-size button-custom fusion-button-default button-2 fusion-button-default-span \" style=\"--button_accent_color:var(--awb-color4);--button_border_color:var(--awb-color4);--button_accent_hover_color:var(--awb-color8);--button_border_hover_color:var(--awb-color8);--button_gradient_top_color:#ffffff;--button_gradient_bottom_color:#ffffff;--button_gradient_top_color_hover:#ffffff;--button_gradient_bottom_color_hover:#ffffff;--button_text_transform:uppercase;--button_padding-right:0px;--button_padding-left:0px;--button_margin-top:10px;\" target=\"_blank\" rel=\"noopener noreferrer\" href=\"https:\/\/maderas.uva.es\/\"><i class=\"fa-angle-right fas awb-button__icon awb-button__icon--default button-icon-left\" aria-hidden=\"true\"><\/i><span class=\"fusion-button-text awb-button__text awb-button__text--default\">maderas.uva.es<\/span><\/a><\/div><\/div><\/div><\/div><\/div><\/p>\n","protected":false},"excerpt":{"rendered":"","protected":false},"author":6,"featured_media":0,"parent":13482,"menu_order":0,"comment_status":"closed","ping_status":"closed","template":"","meta":{"_acf_changed":false,"footnotes":""},"class_list":["post-16605","page","type-page","status-publish","hentry"],"acf":[],"yoast_head":"<!-- This site is optimized with the Yoast SEO plugin v27.4 - https:\/\/yoast.com\/product\/yoast-seo-wordpress\/ -->\n<title>ESTRUCTURA Y TECNOLOG\u00cdA DE LA MADERA - IUFOR<\/title>\n<meta name=\"robots\" content=\"index, follow, max-snippet:-1, max-image-preview:large, max-video-preview:-1\" \/>\n<link rel=\"canonical\" href=\"https:\/\/www.programador.online\/uifor\/investigacion\/grupos-de-investigacion\/eytdm\/\" \/>\n<meta property=\"og:locale\" content=\"es_ES\" \/>\n<meta property=\"og:type\" content=\"article\" \/>\n<meta property=\"og:title\" content=\"ESTRUCTURA Y TECNOLOG\u00cdA DE LA MADERA - IUFOR\" \/>\n<meta property=\"og:url\" content=\"https:\/\/www.programador.online\/uifor\/investigacion\/grupos-de-investigacion\/eytdm\/\" \/>\n<meta property=\"og:site_name\" content=\"IUFOR\" \/>\n<meta property=\"article:modified_time\" content=\"2026-03-20T15:54:17+00:00\" \/>\n<meta name=\"twitter:card\" content=\"summary_large_image\" \/>\n<meta name=\"twitter:label1\" content=\"Tiempo de lectura\" \/>\n\t<meta name=\"twitter:data1\" content=\"9 minutos\" \/>\n<script type=\"application\/ld+json\" class=\"yoast-schema-graph\">{\"@context\":\"https:\\\/\\\/schema.org\",\"@graph\":[{\"@type\":\"WebPage\",\"@id\":\"https:\\\/\\\/www.programador.online\\\/uifor\\\/investigacion\\\/grupos-de-investigacion\\\/eytdm\\\/\",\"url\":\"https:\\\/\\\/www.programador.online\\\/uifor\\\/investigacion\\\/grupos-de-investigacion\\\/eytdm\\\/\",\"name\":\"ESTRUCTURA Y TECNOLOG\u00cdA DE LA MADERA - IUFOR\",\"isPartOf\":{\"@id\":\"https:\\\/\\\/www.programador.online\\\/uifor\\\/#website\"},\"datePublished\":\"2026-03-06T12:42:17+00:00\",\"dateModified\":\"2026-03-20T15:54:17+00:00\",\"breadcrumb\":{\"@id\":\"https:\\\/\\\/www.programador.online\\\/uifor\\\/investigacion\\\/grupos-de-investigacion\\\/eytdm\\\/#breadcrumb\"},\"inLanguage\":\"es\",\"potentialAction\":[{\"@type\":\"ReadAction\",\"target\":[\"https:\\\/\\\/www.programador.online\\\/uifor\\\/investigacion\\\/grupos-de-investigacion\\\/eytdm\\\/\"]}]},{\"@type\":\"BreadcrumbList\",\"@id\":\"https:\\\/\\\/www.programador.online\\\/uifor\\\/investigacion\\\/grupos-de-investigacion\\\/eytdm\\\/#breadcrumb\",\"itemListElement\":[{\"@type\":\"ListItem\",\"position\":1,\"name\":\"Home\",\"item\":\"https:\\\/\\\/www.programador.online\\\/uifor\\\/\"},{\"@type\":\"ListItem\",\"position\":2,\"name\":\"Investigaci\u00f3n\",\"item\":\"https:\\\/\\\/www.programador.online\\\/uifor\\\/investigacion\\\/\"},{\"@type\":\"ListItem\",\"position\":3,\"name\":\"Grupos de investigaci\u00f3n\",\"item\":\"https:\\\/\\\/www.programador.online\\\/uifor\\\/investigacion\\\/grupos-de-investigacion\\\/\"},{\"@type\":\"ListItem\",\"position\":4,\"name\":\"ESTRUCTURA Y TECNOLOG\u00cdA DE LA MADERA\"}]},{\"@type\":\"WebSite\",\"@id\":\"https:\\\/\\\/www.programador.online\\\/uifor\\\/#website\",\"url\":\"https:\\\/\\\/www.programador.online\\\/uifor\\\/\",\"name\":\"IUFOR\",\"description\":\"Instituto Universitario de Investigaci\u00f3n en Gesti\u00f3n Forestal Sostenible\",\"potentialAction\":[{\"@type\":\"SearchAction\",\"target\":{\"@type\":\"EntryPoint\",\"urlTemplate\":\"https:\\\/\\\/www.programador.online\\\/uifor\\\/?s={search_term_string}\"},\"query-input\":{\"@type\":\"PropertyValueSpecification\",\"valueRequired\":true,\"valueName\":\"search_term_string\"}}],\"inLanguage\":\"es\"}]}<\/script>\n<!-- \/ Yoast SEO plugin. -->","yoast_head_json":{"title":"ESTRUCTURA Y TECNOLOG\u00cdA DE LA MADERA - IUFOR","robots":{"index":"index","follow":"follow","max-snippet":"max-snippet:-1","max-image-preview":"max-image-preview:large","max-video-preview":"max-video-preview:-1"},"canonical":"https:\/\/www.programador.online\/uifor\/investigacion\/grupos-de-investigacion\/eytdm\/","og_locale":"es_ES","og_type":"article","og_title":"ESTRUCTURA Y TECNOLOG\u00cdA DE LA MADERA - IUFOR","og_url":"https:\/\/www.programador.online\/uifor\/investigacion\/grupos-de-investigacion\/eytdm\/","og_site_name":"IUFOR","article_modified_time":"2026-03-20T15:54:17+00:00","twitter_card":"summary_large_image","twitter_misc":{"Tiempo de lectura":"9 minutos"},"schema":{"@context":"https:\/\/schema.org","@graph":[{"@type":"WebPage","@id":"https:\/\/www.programador.online\/uifor\/investigacion\/grupos-de-investigacion\/eytdm\/","url":"https:\/\/www.programador.online\/uifor\/investigacion\/grupos-de-investigacion\/eytdm\/","name":"ESTRUCTURA Y TECNOLOG\u00cdA DE LA MADERA - IUFOR","isPartOf":{"@id":"https:\/\/www.programador.online\/uifor\/#website"},"datePublished":"2026-03-06T12:42:17+00:00","dateModified":"2026-03-20T15:54:17+00:00","breadcrumb":{"@id":"https:\/\/www.programador.online\/uifor\/investigacion\/grupos-de-investigacion\/eytdm\/#breadcrumb"},"inLanguage":"es","potentialAction":[{"@type":"ReadAction","target":["https:\/\/www.programador.online\/uifor\/investigacion\/grupos-de-investigacion\/eytdm\/"]}]},{"@type":"BreadcrumbList","@id":"https:\/\/www.programador.online\/uifor\/investigacion\/grupos-de-investigacion\/eytdm\/#breadcrumb","itemListElement":[{"@type":"ListItem","position":1,"name":"Home","item":"https:\/\/www.programador.online\/uifor\/"},{"@type":"ListItem","position":2,"name":"Investigaci\u00f3n","item":"https:\/\/www.programador.online\/uifor\/investigacion\/"},{"@type":"ListItem","position":3,"name":"Grupos de investigaci\u00f3n","item":"https:\/\/www.programador.online\/uifor\/investigacion\/grupos-de-investigacion\/"},{"@type":"ListItem","position":4,"name":"ESTRUCTURA Y TECNOLOG\u00cdA DE LA MADERA"}]},{"@type":"WebSite","@id":"https:\/\/www.programador.online\/uifor\/#website","url":"https:\/\/www.programador.online\/uifor\/","name":"IUFOR","description":"Instituto Universitario de Investigaci\u00f3n en Gesti\u00f3n Forestal Sostenible","potentialAction":[{"@type":"SearchAction","target":{"@type":"EntryPoint","urlTemplate":"https:\/\/www.programador.online\/uifor\/?s={search_term_string}"},"query-input":{"@type":"PropertyValueSpecification","valueRequired":true,"valueName":"search_term_string"}}],"inLanguage":"es"}]}},"_links":{"self":[{"href":"https:\/\/www.programador.online\/uifor\/wp-json\/wp\/v2\/pages\/16605","targetHints":{"allow":["GET"]}}],"collection":[{"href":"https:\/\/www.programador.online\/uifor\/wp-json\/wp\/v2\/pages"}],"about":[{"href":"https:\/\/www.programador.online\/uifor\/wp-json\/wp\/v2\/types\/page"}],"author":[{"embeddable":true,"href":"https:\/\/www.programador.online\/uifor\/wp-json\/wp\/v2\/users\/6"}],"replies":[{"embeddable":true,"href":"https:\/\/www.programador.online\/uifor\/wp-json\/wp\/v2\/comments?post=16605"}],"version-history":[{"count":5,"href":"https:\/\/www.programador.online\/uifor\/wp-json\/wp\/v2\/pages\/16605\/revisions"}],"predecessor-version":[{"id":16832,"href":"https:\/\/www.programador.online\/uifor\/wp-json\/wp\/v2\/pages\/16605\/revisions\/16832"}],"up":[{"embeddable":true,"href":"https:\/\/www.programador.online\/uifor\/wp-json\/wp\/v2\/pages\/13482"}],"wp:attachment":[{"href":"https:\/\/www.programador.online\/uifor\/wp-json\/wp\/v2\/media?parent=16605"}],"curies":[{"name":"wp","href":"https:\/\/api.w.org\/{rel}","templated":true}]}}