{"id":16571,"date":"2026-03-06T12:31:04","date_gmt":"2026-03-06T10:31:04","guid":{"rendered":"https:\/\/www.programador.online\/uifor\/?page_id=16571"},"modified":"2026-03-06T13:27:27","modified_gmt":"2026-03-06T11:27:27","slug":"globe","status":"publish","type":"page","link":"https:\/\/www.programador.online\/uifor\/investigacion\/grupos-de-investigacion\/globe\/","title":{"rendered":"CAMBIO GLOBAL Y ENFERMEDADES FORESTALES"},"content":{"rendered":"<p><div class=\"fusion-fullwidth fullwidth-box fusion-builder-row-1 fusion-flex-container has-pattern-background has-mask-background nonhundred-percent-fullwidth non-hundred-percent-height-scrolling\" style=\"--awb-border-radius-top-left:0px;--awb-border-radius-top-right:0px;--awb-border-radius-bottom-right:0px;--awb-border-radius-bottom-left:0px;--awb-flex-wrap:wrap;\" ><div class=\"fusion-builder-row fusion-row fusion-flex-align-items-flex-start fusion-flex-content-wrap\" style=\"max-width:1289.6px;margin-left: calc(-4% \/ 2 );margin-right: calc(-4% \/ 2 );\"><div class=\"fusion-layout-column fusion_builder_column fusion-builder-column-0 fusion_builder_column_1_1 1_1 fusion-flex-column\" style=\"--awb-bg-size:cover;--awb-width-large:100%;--awb-margin-top-large:0px;--awb-spacing-right-large:1.92%;--awb-margin-bottom-large:20px;--awb-spacing-left-large:1.92%;--awb-width-medium:100%;--awb-order-medium:0;--awb-spacing-right-medium:1.92%;--awb-spacing-left-medium:1.92%;--awb-width-small:100%;--awb-order-small:0;--awb-spacing-right-small:1.92%;--awb-spacing-left-small:1.92%;\"><div class=\"fusion-column-wrapper fusion-column-has-shadow fusion-flex-justify-content-flex-start fusion-content-layout-column\"><div class=\"fusion-text fusion-text-1\"><p style=\"color: var(--awb-custom_color_3);\">El GIR Cambio Global y Enfermedades Forestales &#8211; GLOBE &#8211; es un Grupo de Investigaci\u00f3n Reconocido con una trayectoria consolidada en investigaci\u00f3n forestal, hist\u00f3ricamente caracterizado por una din\u00e1mica colaborativa s\u00f3lida entre sus miembros. El grupo mantiene actividad relevante, reflejada en su participaci\u00f3n en proyectos recientes y en producci\u00f3n cient\u00edfica actual.<\/p>\n<p style=\"color: var(--awb-custom_color_3);\">A nivel institucional, destaca su posicionamiento internacional. La coordinaci\u00f3n del GIR participa como representante auton\u00f3mico en el comit\u00e9 cient\u00edfico MaB de UNESCO, ha ejercido funciones de secretar\u00eda en el Instituto Europeo del Bosque Cultivado y actualmente ostenta responsabilidades en IUFRO, coordinando el grupo de Patolog\u00eda Forestal adem\u00e1s de numerosos proyectos y colaboraciones.<\/p>\n<\/div><\/div><\/div><\/div><\/div><div class=\"fusion-fullwidth fullwidth-box fusion-builder-row-2 fusion-flex-container has-pattern-background has-mask-background nonhundred-percent-fullwidth non-hundred-percent-height-scrolling\" style=\"--awb-border-radius-top-left:0px;--awb-border-radius-top-right:0px;--awb-border-radius-bottom-right:0px;--awb-border-radius-bottom-left:0px;--awb-flex-wrap:wrap;\" ><div class=\"fusion-builder-row fusion-row fusion-flex-align-items-flex-start fusion-flex-content-wrap\" style=\"max-width:1289.6px;margin-left: calc(-4% \/ 2 );margin-right: calc(-4% \/ 2 );\"><div class=\"fusion-layout-column fusion_builder_column fusion-builder-column-1 fusion_builder_column_1_1 1_1 fusion-flex-column\" style=\"--awb-bg-size:cover;--awb-width-large:100%;--awb-margin-top-large:0px;--awb-spacing-right-large:1.92%;--awb-margin-bottom-large:20px;--awb-spacing-left-large:1.92%;--awb-width-medium:100%;--awb-order-medium:0;--awb-spacing-right-medium:1.92%;--awb-spacing-left-medium:1.92%;--awb-width-small:100%;--awb-order-small:0;--awb-spacing-right-small:1.92%;--awb-spacing-left-small:1.92%;\"><div class=\"fusion-column-wrapper fusion-column-has-shadow fusion-flex-justify-content-flex-start fusion-content-layout-column\"><div class=\"fusion-title title fusion-title-1 fusion-sep-none fusion-title-text fusion-title-size-two\" style=\"--awb-text-color:var(--awb-color4);--awb-margin-top:0px;--awb-margin-bottom:0px;--awb-font-size:1.6rem;\"><h2 class=\"fusion-title-heading title-heading-left fusion-responsive-typography-calculated\" style=\"margin:0;font-size:1em;--fontSize:32;line-height:var(--awb-typography1-line-height);\">L\u00cdNEAS DE INVESTIGACI\u00d3N<\/h2><\/div><div class=\"fusion-text fusion-text-2\" style=\"--awb-text-color:var(--awb-custom_color_3);\"><ul>\n<li>Diagn\u00f3stico y epidemiolog\u00eda de pat\u00f3genos forestales emergentes.<\/li>\n<li>Impacto del cambio clim\u00e1tico en la sanidad forestal y din\u00e1mica hu\u00e9sped\u2013pat\u00f3geno.<\/li>\n<li>Biocontrol y biotecnolog\u00eda aplicada (virus, ARNi, dsRNA, microorganismos antagonistas).<\/li>\n<li>Metaviroma y diversidad microbiana en bosques en decaimiento. Aplicaci\u00f3n de herramientas de IA en el estudio de bigDATA.<\/li>\n<li>Evaluaci\u00f3n integral de decaimientos forestales y propuestas de gesti\u00f3n adaptativa.<\/li>\n<li>Monitorizaci\u00f3n avanzada del estr\u00e9s forestal y modelizaci\u00f3n predictiva mediante sensores, datos ecofisiol\u00f3gicos y algoritmos de inteligencia artificial.<\/li>\n<\/ul>\n<\/div><\/div><\/div><\/div><\/div><div class=\"fusion-fullwidth fullwidth-box fusion-builder-row-3 fusion-flex-container has-pattern-background has-mask-background nonhundred-percent-fullwidth non-hundred-percent-height-scrolling\" style=\"--awb-border-radius-top-left:0px;--awb-border-radius-top-right:0px;--awb-border-radius-bottom-right:0px;--awb-border-radius-bottom-left:0px;--awb-flex-wrap:wrap;\" ><div class=\"fusion-builder-row fusion-row fusion-flex-align-items-flex-start fusion-flex-content-wrap\" style=\"max-width:1289.6px;margin-left: calc(-4% \/ 2 );margin-right: calc(-4% \/ 2 );\"><div class=\"fusion-layout-column fusion_builder_column fusion-builder-column-2 fusion_builder_column_1_2 1_2 fusion-flex-column\" style=\"--awb-bg-size:cover;--awb-width-large:50%;--awb-margin-top-large:0px;--awb-spacing-right-large:3.84%;--awb-margin-bottom-large:20px;--awb-spacing-left-large:3.84%;--awb-width-medium:50%;--awb-order-medium:0;--awb-spacing-right-medium:3.84%;--awb-spacing-left-medium:3.84%;--awb-width-small:100%;--awb-order-small:0;--awb-spacing-right-small:1.92%;--awb-spacing-left-small:1.92%;\"><div class=\"fusion-column-wrapper fusion-column-has-shadow fusion-flex-justify-content-flex-start fusion-content-layout-column\"><div class=\"fusion-image-element \" style=\"--awb-aspect-ratio:4 \/ 3;--awb-caption-title-font-family:var(--h2_typography-font-family);--awb-caption-title-font-weight:var(--h2_typography-font-weight);--awb-caption-title-font-style:var(--h2_typography-font-style);--awb-caption-title-size:var(--h2_typography-font-size);--awb-caption-title-transform:var(--h2_typography-text-transform);--awb-caption-title-line-height:var(--h2_typography-line-height);--awb-caption-title-letter-spacing:var(--h2_typography-letter-spacing);\"><span class=\" fusion-imageframe imageframe-none imageframe-1 hover-type-none has-aspect-ratio\"><img fetchpriority=\"high\" fetchpriority=\"high\" decoding=\"async\" width=\"2560\" height=\"1837\" title=\"iuFOR_GIR_CGYEF\" src=\"https:\/\/www.programador.online\/uifor\/wp-content\/uploads\/2026\/03\/iuFOR_GIR_CGYEF-scaled.jpg\" class=\"img-responsive wp-image-16575 img-with-aspect-ratio\" data-parent-fit=\"cover\" data-parent-container=\".fusion-image-element\" alt srcset=\"https:\/\/www.programador.online\/uifor\/wp-content\/uploads\/2026\/03\/iuFOR_GIR_CGYEF-200x144.jpg 200w, https:\/\/www.programador.online\/uifor\/wp-content\/uploads\/2026\/03\/iuFOR_GIR_CGYEF-400x287.jpg 400w, https:\/\/www.programador.online\/uifor\/wp-content\/uploads\/2026\/03\/iuFOR_GIR_CGYEF-600x431.jpg 600w, https:\/\/www.programador.online\/uifor\/wp-content\/uploads\/2026\/03\/iuFOR_GIR_CGYEF-800x574.jpg 800w, https:\/\/www.programador.online\/uifor\/wp-content\/uploads\/2026\/03\/iuFOR_GIR_CGYEF-1200x861.jpg 1200w, https:\/\/www.programador.online\/uifor\/wp-content\/uploads\/2026\/03\/iuFOR_GIR_CGYEF-scaled.jpg 2560w\" sizes=\"(max-width: 640px) 100vw, 600px\" \/><\/span><\/div><\/div><\/div><div class=\"fusion-layout-column fusion_builder_column fusion-builder-column-3 fusion_builder_column_1_2 1_2 fusion-flex-column\" style=\"--awb-bg-size:cover;--awb-width-large:50%;--awb-margin-top-large:0px;--awb-spacing-right-large:3.84%;--awb-margin-bottom-large:20px;--awb-spacing-left-large:3.84%;--awb-width-medium:50%;--awb-order-medium:0;--awb-spacing-right-medium:3.84%;--awb-spacing-left-medium:3.84%;--awb-width-small:100%;--awb-order-small:0;--awb-spacing-right-small:1.92%;--awb-spacing-left-small:1.92%;\"><div class=\"fusion-column-wrapper fusion-column-has-shadow fusion-flex-justify-content-flex-start fusion-content-layout-column\"><div class=\"fusion-title title fusion-title-2 fusion-sep-none fusion-title-text fusion-title-size-two\" style=\"--awb-text-color:var(--awb-color4);--awb-margin-top:0px;--awb-margin-bottom:20px;--awb-font-size:1.6rem;\"><h2 class=\"fusion-title-heading title-heading-left fusion-responsive-typography-calculated\" style=\"margin:0;font-size:1em;--fontSize:32;line-height:var(--awb-typography1-line-height);\">MIEMBROS<\/h2><\/div><div class=\"fusion-text fusion-text-3\" style=\"--awb-text-color:var(--awb-custom_color_3);\"><div class=\"c-persona-card__nombre\">\n<p><strong><span style=\"background-color: rgba(0, 0, 0, 0);\">Coordinador<\/span><\/strong><br \/>\n<span style=\"background-color: rgba(0, 0, 0, 0);\">Diez Casero, Julio Javier<\/span><\/p>\n<p><strong><span style=\"background-color: rgba(0, 0, 0, 0);\">Miembros ordinarios<\/span><\/strong><br \/>\n<span style=\"background-color: rgba(0, 0, 0, 0);\">Fernando Manuel <\/span>Alves Santos<br \/>\n<span style=\"background-color: rgba(0, 0, 0, 0);\">Mar\u00eda Teresa <\/span>Ramos Garc\u00eda<\/p>\n<p><strong><span style=\"background-color: rgba(0, 0, 0, 0);\">Miembros Asociados (UVa)<\/span><\/strong><br \/>\n<span style=\"background-color: rgba(0, 0, 0, 0);\">Alba Diez Gal\u00e1n<\/span><br \/>\n<span style=\"background-color: rgba(0, 0, 0, 0);\">Eduardo Pastor Dur\u00e1ntez<\/span><br \/>\n<span style=\"background-color: rgba(0, 0, 0, 0);\">Huma Amin<\/span><br \/>\n<span style=\"background-color: rgba(0, 0, 0, 0);\">Mariano Rodr\u00edguez Rey<\/span><br \/>\n<span style=\"background-color: rgba(0, 0, 0, 0);\">Lucia Fern\u00e1ndez Toral<\/span><br \/>\n<span style=\"background-color: rgba(0, 0, 0, 0);\">Genevieve Kuyanyim Adeyiga<\/span><br \/>\n<span style=\"background-color: rgba(0, 0, 0, 0);\">\u00c1lvaro Benito Delgado<\/span><br \/>\n<span style=\"background-color: rgba(0, 0, 0, 0);\">Raquel del Campo Calvo<\/span><br \/>\n<span style=\"background-color: rgba(0, 0, 0, 0);\">Alfredo Benavente Mart\u00ednez<\/span><\/p>\n<p><strong><span style=\"background-color: rgba(0, 0, 0, 0);\">Miembros Asociados (No<\/span><\/strong><br \/>\n<strong><span style=\"background-color: rgba(0, 0, 0, 0);\">UVa)<\/span><\/strong><br \/>\n<span style=\"background-color: rgba(0, 0, 0, 0);\">Irene Teresa Bocos Asenjo<\/span><br \/>\n<span style=\"background-color: rgba(0, 0, 0, 0);\">Mar\u00eda Dolores Cristobal Sanchez<\/span><br \/>\n<span style=\"background-color: rgba(0, 0, 0, 0);\">Juan Carlos Dom\u00ednguez Alonso<\/span><br \/>\n<span style=\"background-color: rgba(0, 0, 0, 0);\">Maria Elena Hidalgo Rodriguez<\/span><br \/>\n<span style=\"background-color: rgba(0, 0, 0, 0);\">Ana Belen Martin Hernandez<\/span><br \/>\n<span style=\"background-color: rgba(0, 0, 0, 0);\">Gema Maria Perez Escolar<\/span><br \/>\n<span style=\"background-color: rgba(0, 0, 0, 0);\">Laura Ponce Herrero<\/span><br \/>\n<span style=\"background-color: rgba(0, 0, 0, 0);\">Alberto Sacristan Velasco<\/span><br \/>\n<span style=\"background-color: rgba(0, 0, 0, 0);\">Mar\u00eda Santos Vicente<\/span><br \/>\n<span style=\"background-color: rgba(0, 0, 0, 0);\">Sanz Sanz, Antonio<\/span><br \/>\n<span style=\"background-color: rgba(0, 0, 0, 0);\">Sara Uzquiano P\u00e9rez<\/span><br \/>\n<span style=\"background-color: rgba(0, 0, 0, 0);\">Mar\u00eda Del Pilar Valbuena Perez<\/span><br \/>\n<span style=\"background-color: rgba(0, 0, 0, 0);\">Cristina Zamora Ballesteros<\/span><br \/>\n<span style=\"background-color: rgba(0, 0, 0, 0);\">Paula Zamora Brauweiler<\/span><\/p>\n<\/div>\n<\/div><div ><a class=\"fusion-button button-flat fusion-button-default-size button-custom fusion-button-default button-1 fusion-button-default-span \" style=\"--button_accent_color:var(--awb-color4);--button_border_color:var(--awb-color4);--button_accent_hover_color:var(--awb-color8);--button_border_hover_color:var(--awb-color8);--button_gradient_top_color:#ffffff;--button_gradient_bottom_color:#ffffff;--button_gradient_top_color_hover:#ffffff;--button_gradient_bottom_color_hover:#ffffff;--button_text_transform:uppercase;--button_padding-right:0px;--button_padding-left:0px;--button_margin-top:10px;\" target=\"_blank\" rel=\"noopener noreferrer\" href=\"https:\/\/portaldelaciencia.uva.es\/grupos\/11045\/detalle\"><i class=\"fa-angle-right fas awb-button__icon awb-button__icon--default button-icon-left\" aria-hidden=\"true\"><\/i><span class=\"fusion-button-text awb-button__text awb-button__text--default\">M\u00e1s informaci\u00f3n<\/span><\/a><\/div><\/div><\/div><\/div><\/div><\/p>\n","protected":false},"excerpt":{"rendered":"","protected":false},"author":6,"featured_media":0,"parent":13482,"menu_order":0,"comment_status":"closed","ping_status":"closed","template":"","meta":{"_acf_changed":false,"footnotes":""},"class_list":["post-16571","page","type-page","status-publish","hentry"],"acf":[],"yoast_head":"<!-- This site is optimized with the Yoast SEO plugin v27.4 - https:\/\/yoast.com\/product\/yoast-seo-wordpress\/ -->\n<title>CAMBIO GLOBAL Y ENFERMEDADES FORESTALES - IUFOR<\/title>\n<meta name=\"robots\" content=\"index, follow, max-snippet:-1, max-image-preview:large, max-video-preview:-1\" \/>\n<link rel=\"canonical\" href=\"https:\/\/www.programador.online\/uifor\/investigacion\/grupos-de-investigacion\/globe\/\" \/>\n<meta property=\"og:locale\" content=\"es_ES\" \/>\n<meta property=\"og:type\" content=\"article\" \/>\n<meta property=\"og:title\" content=\"CAMBIO GLOBAL Y ENFERMEDADES FORESTALES - IUFOR\" \/>\n<meta property=\"og:url\" content=\"https:\/\/www.programador.online\/uifor\/investigacion\/grupos-de-investigacion\/globe\/\" \/>\n<meta property=\"og:site_name\" content=\"IUFOR\" \/>\n<meta property=\"article:modified_time\" content=\"2026-03-06T11:27:27+00:00\" \/>\n<meta name=\"twitter:card\" content=\"summary_large_image\" \/>\n<meta name=\"twitter:label1\" content=\"Tiempo de lectura\" \/>\n\t<meta name=\"twitter:data1\" content=\"2 minutos\" \/>\n<script type=\"application\/ld+json\" class=\"yoast-schema-graph\">{\"@context\":\"https:\\\/\\\/schema.org\",\"@graph\":[{\"@type\":\"WebPage\",\"@id\":\"https:\\\/\\\/www.programador.online\\\/uifor\\\/investigacion\\\/grupos-de-investigacion\\\/globe\\\/\",\"url\":\"https:\\\/\\\/www.programador.online\\\/uifor\\\/investigacion\\\/grupos-de-investigacion\\\/globe\\\/\",\"name\":\"CAMBIO GLOBAL Y ENFERMEDADES FORESTALES - IUFOR\",\"isPartOf\":{\"@id\":\"https:\\\/\\\/www.programador.online\\\/uifor\\\/#website\"},\"datePublished\":\"2026-03-06T10:31:04+00:00\",\"dateModified\":\"2026-03-06T11:27:27+00:00\",\"breadcrumb\":{\"@id\":\"https:\\\/\\\/www.programador.online\\\/uifor\\\/investigacion\\\/grupos-de-investigacion\\\/globe\\\/#breadcrumb\"},\"inLanguage\":\"es\",\"potentialAction\":[{\"@type\":\"ReadAction\",\"target\":[\"https:\\\/\\\/www.programador.online\\\/uifor\\\/investigacion\\\/grupos-de-investigacion\\\/globe\\\/\"]}]},{\"@type\":\"BreadcrumbList\",\"@id\":\"https:\\\/\\\/www.programador.online\\\/uifor\\\/investigacion\\\/grupos-de-investigacion\\\/globe\\\/#breadcrumb\",\"itemListElement\":[{\"@type\":\"ListItem\",\"position\":1,\"name\":\"Home\",\"item\":\"https:\\\/\\\/www.programador.online\\\/uifor\\\/\"},{\"@type\":\"ListItem\",\"position\":2,\"name\":\"Investigaci\u00f3n\",\"item\":\"https:\\\/\\\/www.programador.online\\\/uifor\\\/investigacion\\\/\"},{\"@type\":\"ListItem\",\"position\":3,\"name\":\"Grupos de investigaci\u00f3n\",\"item\":\"https:\\\/\\\/www.programador.online\\\/uifor\\\/investigacion\\\/grupos-de-investigacion\\\/\"},{\"@type\":\"ListItem\",\"position\":4,\"name\":\"CAMBIO GLOBAL Y ENFERMEDADES FORESTALES\"}]},{\"@type\":\"WebSite\",\"@id\":\"https:\\\/\\\/www.programador.online\\\/uifor\\\/#website\",\"url\":\"https:\\\/\\\/www.programador.online\\\/uifor\\\/\",\"name\":\"IUFOR\",\"description\":\"Instituto Universitario de Investigaci\u00f3n en Gesti\u00f3n Forestal Sostenible\",\"potentialAction\":[{\"@type\":\"SearchAction\",\"target\":{\"@type\":\"EntryPoint\",\"urlTemplate\":\"https:\\\/\\\/www.programador.online\\\/uifor\\\/?s={search_term_string}\"},\"query-input\":{\"@type\":\"PropertyValueSpecification\",\"valueRequired\":true,\"valueName\":\"search_term_string\"}}],\"inLanguage\":\"es\"}]}<\/script>\n<!-- \/ Yoast SEO plugin. -->","yoast_head_json":{"title":"CAMBIO GLOBAL Y ENFERMEDADES FORESTALES - IUFOR","robots":{"index":"index","follow":"follow","max-snippet":"max-snippet:-1","max-image-preview":"max-image-preview:large","max-video-preview":"max-video-preview:-1"},"canonical":"https:\/\/www.programador.online\/uifor\/investigacion\/grupos-de-investigacion\/globe\/","og_locale":"es_ES","og_type":"article","og_title":"CAMBIO GLOBAL Y ENFERMEDADES FORESTALES - IUFOR","og_url":"https:\/\/www.programador.online\/uifor\/investigacion\/grupos-de-investigacion\/globe\/","og_site_name":"IUFOR","article_modified_time":"2026-03-06T11:27:27+00:00","twitter_card":"summary_large_image","twitter_misc":{"Tiempo de lectura":"2 minutos"},"schema":{"@context":"https:\/\/schema.org","@graph":[{"@type":"WebPage","@id":"https:\/\/www.programador.online\/uifor\/investigacion\/grupos-de-investigacion\/globe\/","url":"https:\/\/www.programador.online\/uifor\/investigacion\/grupos-de-investigacion\/globe\/","name":"CAMBIO GLOBAL Y ENFERMEDADES FORESTALES - IUFOR","isPartOf":{"@id":"https:\/\/www.programador.online\/uifor\/#website"},"datePublished":"2026-03-06T10:31:04+00:00","dateModified":"2026-03-06T11:27:27+00:00","breadcrumb":{"@id":"https:\/\/www.programador.online\/uifor\/investigacion\/grupos-de-investigacion\/globe\/#breadcrumb"},"inLanguage":"es","potentialAction":[{"@type":"ReadAction","target":["https:\/\/www.programador.online\/uifor\/investigacion\/grupos-de-investigacion\/globe\/"]}]},{"@type":"BreadcrumbList","@id":"https:\/\/www.programador.online\/uifor\/investigacion\/grupos-de-investigacion\/globe\/#breadcrumb","itemListElement":[{"@type":"ListItem","position":1,"name":"Home","item":"https:\/\/www.programador.online\/uifor\/"},{"@type":"ListItem","position":2,"name":"Investigaci\u00f3n","item":"https:\/\/www.programador.online\/uifor\/investigacion\/"},{"@type":"ListItem","position":3,"name":"Grupos de investigaci\u00f3n","item":"https:\/\/www.programador.online\/uifor\/investigacion\/grupos-de-investigacion\/"},{"@type":"ListItem","position":4,"name":"CAMBIO GLOBAL Y ENFERMEDADES FORESTALES"}]},{"@type":"WebSite","@id":"https:\/\/www.programador.online\/uifor\/#website","url":"https:\/\/www.programador.online\/uifor\/","name":"IUFOR","description":"Instituto Universitario de Investigaci\u00f3n en Gesti\u00f3n Forestal Sostenible","potentialAction":[{"@type":"SearchAction","target":{"@type":"EntryPoint","urlTemplate":"https:\/\/www.programador.online\/uifor\/?s={search_term_string}"},"query-input":{"@type":"PropertyValueSpecification","valueRequired":true,"valueName":"search_term_string"}}],"inLanguage":"es"}]}},"_links":{"self":[{"href":"https:\/\/www.programador.online\/uifor\/wp-json\/wp\/v2\/pages\/16571","targetHints":{"allow":["GET"]}}],"collection":[{"href":"https:\/\/www.programador.online\/uifor\/wp-json\/wp\/v2\/pages"}],"about":[{"href":"https:\/\/www.programador.online\/uifor\/wp-json\/wp\/v2\/types\/page"}],"author":[{"embeddable":true,"href":"https:\/\/www.programador.online\/uifor\/wp-json\/wp\/v2\/users\/6"}],"replies":[{"embeddable":true,"href":"https:\/\/www.programador.online\/uifor\/wp-json\/wp\/v2\/comments?post=16571"}],"version-history":[{"count":7,"href":"https:\/\/www.programador.online\/uifor\/wp-json\/wp\/v2\/pages\/16571\/revisions"}],"predecessor-version":[{"id":16580,"href":"https:\/\/www.programador.online\/uifor\/wp-json\/wp\/v2\/pages\/16571\/revisions\/16580"}],"up":[{"embeddable":true,"href":"https:\/\/www.programador.online\/uifor\/wp-json\/wp\/v2\/pages\/13482"}],"wp:attachment":[{"href":"https:\/\/www.programador.online\/uifor\/wp-json\/wp\/v2\/media?parent=16571"}],"curies":[{"name":"wp","href":"https:\/\/api.w.org\/{rel}","templated":true}]}}