{"id":16418,"date":"2026-01-28T17:26:27","date_gmt":"2026-01-28T15:26:27","guid":{"rendered":"https:\/\/www.programador.online\/uifor\/?page_id=16418"},"modified":"2026-03-25T12:09:45","modified_gmt":"2026-03-25T10:09:45","slug":"practicas","status":"publish","type":"page","link":"https:\/\/www.programador.online\/uifor\/formacion\/practicas\/","title":{"rendered":"Pr\u00e1cticas"},"content":{"rendered":"<p><div class=\"fusion-fullwidth fullwidth-box fusion-builder-row-1 fusion-flex-container has-pattern-background has-mask-background nonhundred-percent-fullwidth non-hundred-percent-height-scrolling\" style=\"--awb-border-radius-top-left:0px;--awb-border-radius-top-right:0px;--awb-border-radius-bottom-right:0px;--awb-border-radius-bottom-left:0px;--awb-flex-wrap:wrap;\" ><div class=\"fusion-builder-row fusion-row fusion-flex-align-items-flex-start fusion-flex-content-wrap\" style=\"max-width:1289.6px;margin-left: calc(-4% \/ 2 );margin-right: calc(-4% \/ 2 );\"><div class=\"fusion-layout-column fusion_builder_column fusion-builder-column-0 fusion_builder_column_1_1 1_1 fusion-flex-column\" style=\"--awb-bg-size:cover;--awb-width-large:100%;--awb-margin-top-large:0px;--awb-spacing-right-large:1.92%;--awb-margin-bottom-large:20px;--awb-spacing-left-large:1.92%;--awb-width-medium:100%;--awb-order-medium:0;--awb-spacing-right-medium:1.92%;--awb-spacing-left-medium:1.92%;--awb-width-small:100%;--awb-order-small:0;--awb-spacing-right-small:1.92%;--awb-spacing-left-small:1.92%;\"><div class=\"fusion-column-wrapper fusion-column-has-shadow fusion-flex-justify-content-flex-start fusion-content-layout-column\"><div class=\"fusion-text fusion-text-1\"><p style=\"color: var(--awb-custom_color_3);\">El iuFOR puede ayudarte con tus pr\u00e1cticas curriculares de Grado o M\u00e1ster. Tanto si eres estudiante de la Universidad de Valladolid como si estudias en otro centro y quieres hacer tus pr\u00e1cticas con nosotros, escr\u00edbenos y te ayudaremos a gestionar los tr\u00e1mites necesarios.<\/p>\n<p style=\"color: var(--awb-custom_color_3);\">Te ofrecemos diversos temas dentro de la ciencia forestal, adem\u00e1s de oportunidades futuras, y te apoyamos para que desarrolles habilidades \u00fanicas relacionadas con tus estudios y con la investigaci\u00f3n en el \u00e1mbito medioambiental.<\/p>\n<p style=\"color: var(--awb-custom_color_3);\">La realizaci\u00f3n de pr\u00e1cticas en empresas y organismos relacionados con la Investigaci\u00f3n, el Desarrollo y la Innovaci\u00f3n Tecnol\u00f3gica potenciar\u00e1 tu perfil profesional.<\/p>\n<p style=\"color: var(--awb-custom_color_3);\">Contacto: <span style=\"color: #009746; background-color: rgba(0, 0, 0, 0);\"><a style=\"color: #009746;\" href=\"mailto:cristobal.ordonez@uva.es\">cristobal.ordonez@uva.es<\/a><\/span><\/p>\n<\/div><div class=\"fusion-title title fusion-title-1 fusion-sep-none fusion-title-text fusion-title-size-two\" style=\"--awb-text-color:#00bf62;--awb-margin-top:30px;\"><h2 class=\"fusion-title-heading title-heading-left fusion-responsive-typography-calculated\" style=\"font-family:&quot;Zilla Slab&quot;;font-style:normal;font-weight:300;margin:0;--fontSize:45;line-height:var(--awb-typography1-line-height);\">Nuestros alumnos y nuestras alumnas hablan:<\/h2><\/div><div class=\"fusion-title title fusion-title-2 fusion-sep-none fusion-title-text fusion-title-size-three\" style=\"--awb-text-color:var(--awb-custom_color_3);--awb-margin-top:0px;--awb-font-size:1.3rem;\"><h3 class=\"fusion-title-heading title-heading-left fusion-responsive-typography-calculated\" style=\"font-family:&quot;Outfit&quot;;font-style:normal;font-weight:300;margin:0;font-size:1em;--fontSize:26;--minFontSize:26;line-height:var(--awb-typography1-line-height);\">Conoce la experiencia de algunas personas que han hecho pr\u00e1cticas en el iuFOR<\/h3><\/div><\/div><\/div><\/div><\/div><div class=\"fusion-fullwidth fullwidth-box fusion-builder-row-2 fusion-flex-container nonhundred-percent-fullwidth non-hundred-percent-height-scrolling\" style=\"--awb-border-radius-top-left:0px;--awb-border-radius-top-right:0px;--awb-border-radius-bottom-right:0px;--awb-border-radius-bottom-left:0px;--awb-margin-top:26px;--awb-flex-wrap:wrap;\" ><div class=\"fusion-builder-row fusion-row fusion-flex-align-items-flex-start fusion-flex-content-wrap\" style=\"max-width:1289.6px;margin-left: calc(-4% \/ 2 );margin-right: calc(-4% \/ 2 );\"><div class=\"fusion-layout-column fusion_builder_column fusion-builder-column-1 fusion_builder_column_1_1 1_1 fusion-flex-column\" style=\"--awb-bg-size:cover;--awb-width-large:100%;--awb-margin-top-large:0px;--awb-spacing-right-large:1.92%;--awb-margin-bottom-large:20px;--awb-spacing-left-large:1.92%;--awb-width-medium:100%;--awb-order-medium:0;--awb-spacing-right-medium:1.92%;--awb-spacing-left-medium:1.92%;--awb-width-small:100%;--awb-order-small:0;--awb-spacing-right-small:1.92%;--awb-spacing-left-small:1.92%;\"><div class=\"fusion-column-wrapper fusion-column-has-shadow fusion-flex-justify-content-flex-start fusion-content-layout-column\"><div class=\"fusion-testimonials classic awb-speech-bubble-hide fusion-testimonials-1\" style=\"--awb-textcolor:var(--awb-color8);--awb-backgroundcolor:#ffffff;--awb-testimonial-border-style:solid;--awb-testimonial-border-color:var(--awb-color3);--awb-navigation-size:12px;--awb-border-top-left-radius:0px;--awb-border-top-right-radius:0px;--awb-border-bottom-left-radius:0px;--awb-border-bottom-right-radius:0px;--testimonial-border-width-top:0px;--testimonial-border-width-right:0px;--testimonial-border-width-bottom:0px;--testimonial-border-width-left:0px;\" data-random=\"0\" data-speed=\"4000\"><div class=\"reviews\"><div class=\"review active-testimonial avatar-image\" style=\"--awb-avatar-size:233px;\"><blockquote><div class=\"awb-quote awb-testimonial-icon\"><i class=\"awb-t-icon-left fa-comment-alt far\"><\/i><div class=\"awb-quote-content\">\n<p><span style=\"color: #2b2a29;\">Soy estudiante del M\u00e1ster en Gesti\u00f3n Forestal basada en Ciencia de Datos, al cual acced\u00ed gracias a la beca Iberoam\u00e9rica + Asia de la Universidad de Valladolid.<\/span><\/p>\n<p><span style=\"color: #2b2a29;\">Realic\u00e9 mis practicas en el iuFOR apoyando proyectos que relacionan m\u00e9todos dendrocronol\u00f3gicos con la gesti\u00f3n forestal. De esta manera, he desarrollado capacidades en el procesamiento de muestras, manejo de software especializado para dendrocronolog\u00eda, el ajuste de modelos de crecimiento y el an\u00e1lisis cuantitativo de masas forestales. De igual manera me he relacionado con el procesamiento de im\u00e1genes satelitales y los datos LiDAR, lo cual me ha brindado un complemento integral para mi formaci\u00f3n como ingeniero forestal.<\/span><\/p>\n<\/div><\/div><\/blockquote><div class=\"author\"><span class=\"testimonial-thumbnail\"><img fetchpriority=\"high\" decoding=\"async\" class=\"testimonial-image\" src=\"https:\/\/www.programador.online\/uifor\/wp-content\/uploads\/2026\/03\/iuFOR_Juan-Manuel-Giraldo-Salazar.jpeg\" width=\"2560\" height=\"2560\" \/><\/span><span class=\"company-name\"><strong>Juan Manuel Giraldo Salazar<\/strong><span>, <\/span><span>Pr\u00e1cticas I+D+i del M\u00e1ster en Gesti\u00f3n forestal basada en ciencia de datos<\/span><\/span><\/div><\/div><div class=\"review avatar-image\" style=\"--awb-avatar-size:233px;\"><blockquote><div class=\"awb-quote awb-testimonial-icon\"><i class=\"awb-t-icon-left fa-comment-alt far\"><\/i><div class=\"awb-quote-content\">\n<p><span style=\"color: #2b2a29;\">Soy ingeniera forestal de la Universidad del Cauca (Colombia) y actualmente curso el M\u00e1ster en Gesti\u00f3n Forestal Basada en Ciencia de Datos en la Universidad de Valladolid. Durante este proceso formativo he profundizado en el an\u00e1lisis de datos aplicado a la gesti\u00f3n forestal, la modelizaci\u00f3n y el apoyo a proyectos de investigaci\u00f3n.<\/span><\/p>\n<p><span style=\"color: #2b2a29;\">Mi experiencia profesional se ha centrado en el aprovechamiento de plantaciones forestales, y ahora deseo ampliar mis competencias hacia la geoinform\u00e1tica. Por ello me interesa realizar mis pr\u00e1cticas en iuFOR, donde puedo aprender sobre inventarios forestales con LiDAR y el an\u00e1lisis de este tipo de datos. Es un campo nuevo para m\u00ed y valoro la oportunidad de fortalecer mis habilidades con el acompa\u00f1amiento del grupo iuFOR.<\/span><\/p>\n<\/div><\/div><\/blockquote><div class=\"author\"><span class=\"testimonial-thumbnail\"><img decoding=\"async\" class=\"testimonial-image\" src=\"https:\/\/www.programador.online\/uifor\/wp-content\/uploads\/2026\/03\/Daniela-Garcia-Urrutia.jpeg\" width=\"765\" height=\"520\" \/><\/span><span class=\"company-name\"><strong>Daniela Garc\u00eda Urrutia<\/strong><span>, <\/span><span>Pr\u00e1cticas I+D+i del M\u00e1ster en Gesti\u00f3n forestal basada en ciencia de datos<\/span><\/span><\/div><\/div><div class=\"review avatar-image\" style=\"--awb-avatar-size:155px;\"><blockquote><div class=\"awb-quote awb-testimonial-icon\"><i class=\"awb-t-icon-left fa-comment-alt far\"><\/i><div class=\"awb-quote-content\">\n<p><span style=\"color: #2b2a29;\">He realizado mi primero curso del M\u00e1ster Erasmus Mundus MEDFOR en la Universitat de Lleida y actualmente estoy en el iuFOR realizando mis pr\u00e1cticas curriculares.<\/span><\/p>\n<p><span style=\"color: #2b2a29;\">Conoc\u00ed el iuFOR y a mi supervisora de pr\u00e1cticas a trav\u00e9s de una Escuela Intensiva del M\u00e1ster de un mes realizada en invierno de 2023.<\/span><\/p>\n<p><span style=\"color: #2b2a29;\">Mis pr\u00e1cticas se enmarcan en el proyecto COMFOR-SUDOE (Gesti\u00f3n integrada e inteligente de la informaci\u00f3n sobre los bosques complejos y plantaciones mixtas del suroeste europeo), principalmente en la parte relacionada con los significados sociales de los bosques y la participaci\u00f3n de la poblaci\u00f3n en la toma de decisiones en la gesti\u00f3n forestal, transformando los resultados de esta parte del proyecto en art\u00edculos cient\u00edficos.<\/span><\/p>\n<\/div><\/div><\/blockquote><div class=\"author\"><span class=\"testimonial-thumbnail\"><img decoding=\"async\" class=\"testimonial-image\" src=\"https:\/\/www.programador.online\/uifor\/wp-content\/uploads\/2023\/07\/foto-iufor-225x300.jpg\" width=\"225\" height=\"300\" \/><\/span><span class=\"company-name\"><strong>Milena Pereira Kozlowski<\/strong><span>, <\/span><span>Pr\u00e1cticas curriculares del Master Erasmus Mundus de Gesti\u00f3n de los bosques del Mediterr\u00e1neo y de los recursos naturales (MEDFOR)<\/span><\/span><\/div><\/div><div class=\"review avatar-image\" style=\"--awb-avatar-size:155px;\"><blockquote><div class=\"awb-quote awb-testimonial-icon\"><i class=\"awb-t-icon-left fa-comment-alt far\"><\/i><div class=\"awb-quote-content\">\n<p><span style=\"color: #2b2a29;\">Soy estudiante colombiano del M\u00e1ster en Gesti\u00f3n Forestal Basada en Ciencia de Datos gracias al convenio de doble titulaci\u00f3n firmado entre la Universidad de Valladolid y la Universidad Nacional de Colombia.<\/span><\/p>\n<p><span style=\"color: #2b2a29;\">Llegu\u00e9 al iuFOR gracias a uno de mis profesores en Colombia. En este momento estoy finalizando mis pr\u00e1cticas curriculares, que han sido una excelente oportunidad para mejorar y afianzar mis capacidades y adquirir otras nuevas. A lo largo de mi estancia he trabajado en temas como dendrocronolog\u00eda, desarrollo de modelos de biomasa, inventarios forestales y toma de datos con tecnolog\u00eda LIDAR. Adem\u00e1s, he podido estar en contacto con investigadores de diferentes campos y disciplinas, lo que complementa de gran manera mi formaci\u00f3n como profesional.<\/span><\/p>\n<\/div><\/div><\/blockquote><div class=\"author\"><span class=\"testimonial-thumbnail\"><img loading=\"lazy\" decoding=\"async\" class=\"testimonial-image\" src=\"https:\/\/www.programador.online\/uifor\/wp-content\/uploads\/2023\/06\/foto-1-1-225x300.jpg\" width=\"225\" height=\"300\" \/><\/span><span class=\"company-name\"><strong>Juan Sebasti\u00e1n Qui\u00f1ones Garavis<\/strong><span>, <\/span><span>Pr\u00e1cticas curriculares del M\u00e1ster DATAFOREST, UVa-UNAL<\/span><\/span><\/div><\/div><div class=\"review avatar-image\" style=\"--awb-avatar-size:155px;\"><blockquote><div class=\"awb-quote awb-testimonial-icon\"><i class=\"awb-t-icon-left fa-comment-alt far\"><\/i><div class=\"awb-quote-content\">\n<p><span style=\"color: #2b2a29;\">Soy estudiante del Grado en Estad\u00edstica de la Universidad de Valladolid, a falta de entregar el TFG para terminar.<\/span><\/p>\n<p><span style=\"color: #2b2a29;\">Uno de mis profesores del Grado me habl\u00f3 del iuFOR. Me puse en contacto y me gust\u00f3 lo que me ofrecieron hacer durante mis pr\u00e1cticas curriculares.\u00a0Mi experiencia est\u00e1 siendo muy enriquecedora y el proceso de acceso fue muy sencillo.<\/span><\/p>\n<div><span style=\"color: #2b2a29;\">Estoy trabajando en el Dpto. de Producci\u00f3n Vegetal y Recursos Forestales con datos del inventario forestal, depur\u00e1ndolos y estudiando su evoluci\u00f3n, para as\u00ed obtener gr\u00e1ficos, mapas y modelos de regresi\u00f3n. Mis directores de pr\u00e1cticas me est\u00e1n aportando conocimientos forestales y un mayor manejo del programa estad\u00edstico R.<\/span><\/div>\n<div><span style=\"color: #2b2a29;\">Estas pr\u00e1cticas me han permitido mejorar conocimientos propios de mi Grado en Estad\u00edstica, adem\u00e1s de conocer la aplicaci\u00f3n de la estad\u00edstica y la modelizaci\u00f3n en el \u00e1mbito forestal, lo que me parece muy interesante para mi futuro laboral. De hecho, una vez terminadas las pr\u00e1cticas curriculares, sigo vinculada al iuFOR mediante una beca de colaboraci\u00f3n de departamentos.<\/span><\/div>\n<\/div><\/div><\/blockquote><div class=\"author\"><span class=\"testimonial-thumbnail\"><img loading=\"lazy\" decoding=\"async\" class=\"testimonial-image\" src=\"https:\/\/www.programador.online\/uifor\/wp-content\/uploads\/2023\/06\/20230608_123529-scaled-e1765195023150-300x291.jpg\" width=\"300\" height=\"291\" \/><\/span><span class=\"company-name\"><strong>Irene Arroyo Hernantes<\/strong><span>, <\/span><span>Pr\u00e1cticas curriculares del Grado de Estad\u00edstica, Universidad de Valladolid<\/span><\/span><\/div><\/div><\/div><div class=\"testimonial-pagination\" id=\"fusion-testimonials-1\"><a href=\"#\" aria-label=\"Testimonial Pagination\"  class=\"activeSlide\"><\/a><a href=\"#\" aria-label=\"Testimonial Pagination\" ><\/a><a href=\"#\" aria-label=\"Testimonial Pagination\" ><\/a><a href=\"#\" aria-label=\"Testimonial Pagination\" ><\/a><a href=\"#\" aria-label=\"Testimonial Pagination\" ><\/a><\/div><\/div><\/div><\/div><\/div><\/div><div class=\"fusion-fullwidth fullwidth-box fusion-builder-row-3 fusion-flex-container has-pattern-background has-mask-background nonhundred-percent-fullwidth non-hundred-percent-height-scrolling\" style=\"--awb-border-radius-top-left:0px;--awb-border-radius-top-right:0px;--awb-border-radius-bottom-right:0px;--awb-border-radius-bottom-left:0px;--awb-flex-wrap:wrap;\" ><div class=\"fusion-builder-row fusion-row fusion-flex-align-items-flex-start fusion-flex-content-wrap\" style=\"max-width:1289.6px;margin-left: calc(-4% \/ 2 );margin-right: calc(-4% \/ 2 );\"><div class=\"fusion-layout-column fusion_builder_column fusion-builder-column-2 fusion_builder_column_1_1 1_1 fusion-flex-column\" style=\"--awb-bg-size:cover;--awb-width-large:100%;--awb-margin-top-large:0px;--awb-spacing-right-large:1.92%;--awb-margin-bottom-large:20px;--awb-spacing-left-large:1.92%;--awb-width-medium:100%;--awb-order-medium:0;--awb-spacing-right-medium:1.92%;--awb-spacing-left-medium:1.92%;--awb-width-small:100%;--awb-order-small:0;--awb-spacing-right-small:1.92%;--awb-spacing-left-small:1.92%;\"><div class=\"fusion-column-wrapper fusion-column-has-shadow fusion-flex-justify-content-flex-start fusion-content-layout-column\"><div class=\"fusion-title title fusion-title-3 fusion-sep-none fusion-title-text fusion-title-size-two\" style=\"--awb-text-color:#00bf62;--awb-margin-top:30px;\"><h2 class=\"fusion-title-heading title-heading-left fusion-responsive-typography-calculated\" style=\"font-family:&quot;Zilla Slab&quot;;font-style:normal;font-weight:300;margin:0;--fontSize:45;line-height:var(--awb-typography1-line-height);\">Otras personas que han hecho sus pr\u00e1cticas en el iuFOR:<\/h2><\/div><div class=\"fusion-text fusion-text-2\"><p style=\"color: var(--awb-custom_color_3);\"><span style=\"color: var(--awb-custom_color_3); background-color: rgba(0, 0, 0, 0);\">2022 (mayo \u2013 junio) <\/span><span style=\"color: #009746; background-color: rgba(0, 0, 0, 0);\"><span style=\"color: var(--awb-custom_color_3);\">\u2013<\/span> <\/span><strong><span style=\"background-color: rgba(0, 0, 0, 0); color: #009746;\">B<\/span><\/strong><b style=\"background-color: rgba(0, 0, 0, 0); color: var(--awb-color8);\">eatriz Fern\u00e1ndez <\/b><span style=\"color: var(--awb-custom_color_3); background-color: rgba(0, 0, 0, 0);\">\u2013 Pr\u00e1cticas curriculares del Grado de Estad\u00edstica, Universidad de Valladolid<\/span><\/p>\n<p style=\"color: var(--awb-custom_color_3); padding-left: 40px;\">Depur\u00f3, analiz\u00f3 y visualiz\u00f3 gran cantidad de datos de precipitaciones y temperaturas de CyL.<\/p>\n<p style=\"color: var(--awb-custom_color_3); padding-left: 40px;\">Realiz\u00f3 scripts de R para facilitar la lectura y uso de esas grandes bases de datos por parte del usuario no familiarizado con R.<\/p>\n<p style=\"color: var(--awb-custom_color_3);\"><b>2021<\/b> (mayo \u2013 junio) \u2013 <strong><span style=\"color: #009746;\">Xabier Amilibia <\/span><\/strong>\u2013 Pr\u00e1cticas curriculares del M\u00e1ster DATAFOREST<\/p>\n<p style=\"color: var(--awb-custom_color_3); padding-left: 40px;\">Colabor\u00f3 en el trabajo de campo de instalaci\u00f3n de dispositivos experimentales y mediciones, as\u00ed como en la preparaci\u00f3n de los datos recogidos y elaboraci\u00f3n de mapas y del informe de las actividades realizadas.<\/p>\n<p style=\"color: var(--awb-custom_color_3); padding-left: 40px;\">Elabor\u00f3 tambi\u00e9n scripts de lectura y an\u00e1lisis de los datos en Python y R.<\/p>\n<p style=\"color: var(--awb-custom_color_3);\"><strong>2021<\/strong> (mayo \u2013 junio) \u2013 <span style=\"color: #009746;\"><strong>Jos\u00e9 Carlos Porto<\/strong><\/span> \u2013 Pr\u00e1cticas curriculares del M\u00e1ster DATAFOREST<\/p>\n<p style=\"color: var(--awb-custom_color_3); padding-left: 40px;\">Colabor\u00f3 en el trabajo de campo de instalaci\u00f3n de dispositivos experimentales, as\u00ed como en la preparaci\u00f3n de los datos recogidos y elaboraci\u00f3n de mapas y del informe de las actividades realizadas. Elabor\u00f3 scripts de lectura y an\u00e1lisis de los datos en Python y R.<\/p>\n<p style=\"color: var(--awb-custom_color_3);\"><strong>2020<\/strong> (mayo \u2013 julio) \u2013 <span style=\"color: #009746;\"><strong>Orest Pinak<\/strong><\/span> \u2013 Pr\u00e1cticas curriculares del M\u00e1ster DATAFOREST<\/p>\n<p style=\"color: var(--awb-custom_color_3); padding-left: 40px;\">Colabor\u00f3 en el desarrollo de una nueva versi\u00f3n del simulador Simanfor, concretamente con la b\u00fasqueda y transcripci\u00f3n de modelos de crecimiento de Ucrania, escenarios de simulaci\u00f3n silv\u00edcola adecuados para esas especies y clasificaci\u00f3n de los productos de madera.<\/p>\n<p style=\"color: var(--awb-custom_color_3); padding-left: 40px;\">Ayud\u00f3 en la traducci\u00f3n de la plataforma.<\/p>\n<p style=\"color: var(--awb-custom_color_3);\"><strong>2020<\/strong> (mayo \u2013 julio) \u2013 <span style=\"color: #009746;\"><strong>Jos\u00e9 Harvey<\/strong><\/span> \u2013 Pr\u00e1cticas curriculares del M\u00e1ster DATAFOREST<\/p>\n<p style=\"color: var(--awb-custom_color_3); padding-left: 40px;\">Trabaj\u00f3 en la b\u00fasqueda de modelos de crecimiento de especies arb\u00f3reas en Colombia. Realiz\u00f3 programaci\u00f3n en Python para dichos modelos, seg\u00fan el modelos del simulador Simanfor.<\/p>\n<p style=\"color: var(--awb-custom_color_3); padding-left: 40px;\">Dise\u00f1\u00f3 escenarios silv\u00edcolas adecuados a las especies programadas y estudi\u00f3 los productos obtenidos en los escenarios para las posibles industrias.<\/p>\n<p style=\"color: var(--awb-custom_color_3);\"><strong>2019<\/strong> (marzo \u2013 junio) \u2013 <strong><span style=\"color: #009746;\">Tara Chelepis<\/span> <\/strong>\u2013 Pr\u00e1cticas curriculares del M\u00e1ster DATAFOREST<\/p>\n<p style=\"color: var(--awb-custom_color_3); padding-left: 40px;\">Se form\u00f3 en todo el proceso de dataci\u00f3n de anillos de crecimiento: recepci\u00f3n y preparaci\u00f3n de las muestras, procesado en el laboratorio y an\u00e1lisis estad\u00edstico con el paquete measuRing de R.<\/p>\n<\/div><\/div><\/div><\/div><\/div><\/p>\n","protected":false},"excerpt":{"rendered":"","protected":false},"author":6,"featured_media":0,"parent":7212,"menu_order":0,"comment_status":"closed","ping_status":"closed","template":"","meta":{"_acf_changed":false,"footnotes":""},"class_list":["post-16418","page","type-page","status-publish","hentry"],"acf":[],"yoast_head":"<!-- This site is optimized with the Yoast SEO plugin v27.4 - https:\/\/yoast.com\/product\/yoast-seo-wordpress\/ -->\n<title>Pr\u00e1cticas - IUFOR<\/title>\n<meta name=\"robots\" content=\"index, follow, max-snippet:-1, max-image-preview:large, max-video-preview:-1\" \/>\n<link rel=\"canonical\" href=\"https:\/\/www.programador.online\/uifor\/formacion\/practicas\/\" \/>\n<meta property=\"og:locale\" content=\"es_ES\" \/>\n<meta property=\"og:type\" content=\"article\" \/>\n<meta property=\"og:title\" content=\"Pr\u00e1cticas - IUFOR\" \/>\n<meta property=\"og:url\" content=\"https:\/\/www.programador.online\/uifor\/formacion\/practicas\/\" \/>\n<meta property=\"og:site_name\" content=\"IUFOR\" \/>\n<meta property=\"article:modified_time\" content=\"2026-03-25T10:09:45+00:00\" \/>\n<meta name=\"twitter:card\" content=\"summary_large_image\" \/>\n<meta name=\"twitter:label1\" content=\"Tiempo de lectura\" \/>\n\t<meta name=\"twitter:data1\" content=\"3 minutos\" \/>\n<script type=\"application\/ld+json\" class=\"yoast-schema-graph\">{\"@context\":\"https:\\\/\\\/schema.org\",\"@graph\":[{\"@type\":\"WebPage\",\"@id\":\"https:\\\/\\\/www.programador.online\\\/uifor\\\/formacion\\\/practicas\\\/\",\"url\":\"https:\\\/\\\/www.programador.online\\\/uifor\\\/formacion\\\/practicas\\\/\",\"name\":\"Pr\u00e1cticas - IUFOR\",\"isPartOf\":{\"@id\":\"https:\\\/\\\/www.programador.online\\\/uifor\\\/#website\"},\"datePublished\":\"2026-01-28T15:26:27+00:00\",\"dateModified\":\"2026-03-25T10:09:45+00:00\",\"breadcrumb\":{\"@id\":\"https:\\\/\\\/www.programador.online\\\/uifor\\\/formacion\\\/practicas\\\/#breadcrumb\"},\"inLanguage\":\"es\",\"potentialAction\":[{\"@type\":\"ReadAction\",\"target\":[\"https:\\\/\\\/www.programador.online\\\/uifor\\\/formacion\\\/practicas\\\/\"]}]},{\"@type\":\"BreadcrumbList\",\"@id\":\"https:\\\/\\\/www.programador.online\\\/uifor\\\/formacion\\\/practicas\\\/#breadcrumb\",\"itemListElement\":[{\"@type\":\"ListItem\",\"position\":1,\"name\":\"Home\",\"item\":\"https:\\\/\\\/www.programador.online\\\/uifor\\\/\"},{\"@type\":\"ListItem\",\"position\":2,\"name\":\"Formaci\u00f3n\",\"item\":\"https:\\\/\\\/www.programador.online\\\/uifor\\\/formacion\\\/\"},{\"@type\":\"ListItem\",\"position\":3,\"name\":\"Pr\u00e1cticas\"}]},{\"@type\":\"WebSite\",\"@id\":\"https:\\\/\\\/www.programador.online\\\/uifor\\\/#website\",\"url\":\"https:\\\/\\\/www.programador.online\\\/uifor\\\/\",\"name\":\"IUFOR\",\"description\":\"Instituto Universitario de Investigaci\u00f3n en Gesti\u00f3n Forestal Sostenible\",\"potentialAction\":[{\"@type\":\"SearchAction\",\"target\":{\"@type\":\"EntryPoint\",\"urlTemplate\":\"https:\\\/\\\/www.programador.online\\\/uifor\\\/?s={search_term_string}\"},\"query-input\":{\"@type\":\"PropertyValueSpecification\",\"valueRequired\":true,\"valueName\":\"search_term_string\"}}],\"inLanguage\":\"es\"}]}<\/script>\n<!-- \/ Yoast SEO plugin. -->","yoast_head_json":{"title":"Pr\u00e1cticas - IUFOR","robots":{"index":"index","follow":"follow","max-snippet":"max-snippet:-1","max-image-preview":"max-image-preview:large","max-video-preview":"max-video-preview:-1"},"canonical":"https:\/\/www.programador.online\/uifor\/formacion\/practicas\/","og_locale":"es_ES","og_type":"article","og_title":"Pr\u00e1cticas - IUFOR","og_url":"https:\/\/www.programador.online\/uifor\/formacion\/practicas\/","og_site_name":"IUFOR","article_modified_time":"2026-03-25T10:09:45+00:00","twitter_card":"summary_large_image","twitter_misc":{"Tiempo de lectura":"3 minutos"},"schema":{"@context":"https:\/\/schema.org","@graph":[{"@type":"WebPage","@id":"https:\/\/www.programador.online\/uifor\/formacion\/practicas\/","url":"https:\/\/www.programador.online\/uifor\/formacion\/practicas\/","name":"Pr\u00e1cticas - IUFOR","isPartOf":{"@id":"https:\/\/www.programador.online\/uifor\/#website"},"datePublished":"2026-01-28T15:26:27+00:00","dateModified":"2026-03-25T10:09:45+00:00","breadcrumb":{"@id":"https:\/\/www.programador.online\/uifor\/formacion\/practicas\/#breadcrumb"},"inLanguage":"es","potentialAction":[{"@type":"ReadAction","target":["https:\/\/www.programador.online\/uifor\/formacion\/practicas\/"]}]},{"@type":"BreadcrumbList","@id":"https:\/\/www.programador.online\/uifor\/formacion\/practicas\/#breadcrumb","itemListElement":[{"@type":"ListItem","position":1,"name":"Home","item":"https:\/\/www.programador.online\/uifor\/"},{"@type":"ListItem","position":2,"name":"Formaci\u00f3n","item":"https:\/\/www.programador.online\/uifor\/formacion\/"},{"@type":"ListItem","position":3,"name":"Pr\u00e1cticas"}]},{"@type":"WebSite","@id":"https:\/\/www.programador.online\/uifor\/#website","url":"https:\/\/www.programador.online\/uifor\/","name":"IUFOR","description":"Instituto Universitario de Investigaci\u00f3n en Gesti\u00f3n Forestal Sostenible","potentialAction":[{"@type":"SearchAction","target":{"@type":"EntryPoint","urlTemplate":"https:\/\/www.programador.online\/uifor\/?s={search_term_string}"},"query-input":{"@type":"PropertyValueSpecification","valueRequired":true,"valueName":"search_term_string"}}],"inLanguage":"es"}]}},"_links":{"self":[{"href":"https:\/\/www.programador.online\/uifor\/wp-json\/wp\/v2\/pages\/16418","targetHints":{"allow":["GET"]}}],"collection":[{"href":"https:\/\/www.programador.online\/uifor\/wp-json\/wp\/v2\/pages"}],"about":[{"href":"https:\/\/www.programador.online\/uifor\/wp-json\/wp\/v2\/types\/page"}],"author":[{"embeddable":true,"href":"https:\/\/www.programador.online\/uifor\/wp-json\/wp\/v2\/users\/6"}],"replies":[{"embeddable":true,"href":"https:\/\/www.programador.online\/uifor\/wp-json\/wp\/v2\/comments?post=16418"}],"version-history":[{"count":10,"href":"https:\/\/www.programador.online\/uifor\/wp-json\/wp\/v2\/pages\/16418\/revisions"}],"predecessor-version":[{"id":16943,"href":"https:\/\/www.programador.online\/uifor\/wp-json\/wp\/v2\/pages\/16418\/revisions\/16943"}],"up":[{"embeddable":true,"href":"https:\/\/www.programador.online\/uifor\/wp-json\/wp\/v2\/pages\/7212"}],"wp:attachment":[{"href":"https:\/\/www.programador.online\/uifor\/wp-json\/wp\/v2\/media?parent=16418"}],"curies":[{"name":"wp","href":"https:\/\/api.w.org\/{rel}","templated":true}]}}