{"id":15728,"date":"2025-12-08T11:23:49","date_gmt":"2025-12-08T09:23:49","guid":{"rendered":"https:\/\/www.programador.online\/uifor\/?page_id=15728"},"modified":"2026-03-24T11:42:26","modified_gmt":"2026-03-24T09:42:26","slug":"ris3","status":"publish","type":"page","link":"https:\/\/www.programador.online\/uifor\/unete-al-iufor\/ris3\/","title":{"rendered":"RIS3"},"content":{"rendered":"<p><div class=\"fusion-fullwidth fullwidth-box fusion-builder-row-1 fusion-flex-container has-pattern-background has-mask-background nonhundred-percent-fullwidth non-hundred-percent-height-scrolling\" style=\"--awb-border-radius-top-left:0px;--awb-border-radius-top-right:0px;--awb-border-radius-bottom-right:0px;--awb-border-radius-bottom-left:0px;--awb-flex-wrap:wrap;\" ><div class=\"fusion-builder-row fusion-row fusion-flex-align-items-flex-start fusion-flex-content-wrap\" style=\"max-width:1289.6px;margin-left: calc(-4% \/ 2 );margin-right: calc(-4% \/ 2 );\"><div class=\"fusion-layout-column fusion_builder_column fusion-builder-column-0 fusion_builder_column_1_1 1_1 fusion-flex-column\" style=\"--awb-bg-size:cover;--awb-width-large:100%;--awb-margin-top-large:0px;--awb-spacing-right-large:1.92%;--awb-margin-bottom-large:20px;--awb-spacing-left-large:1.92%;--awb-width-medium:100%;--awb-order-medium:0;--awb-spacing-right-medium:1.92%;--awb-spacing-left-medium:1.92%;--awb-width-small:100%;--awb-order-small:0;--awb-spacing-right-small:1.92%;--awb-spacing-left-small:1.92%;\"><div class=\"fusion-column-wrapper fusion-column-has-shadow fusion-flex-justify-content-flex-start fusion-content-layout-column\"><div class=\"fusion-text fusion-text-1\"><p><span style=\"background-color: rgba(0, 0, 0, 0); color: #2b2a29;\">Estas estrategias regionales est\u00e1n basadas en la idea de que las regiones deben identificar las \u00e1reas de especializaci\u00f3n tecnol\u00f3gicas y de conocimiento que les permitan generar actividades cada vez m\u00e1s competitivas y generadoras de riqueza y empleo.<\/span><\/p>\n<p><span style=\"color: #2b2a29;\">La l\u00ednea de investigaci\u00f3n del iuFOR se enmarca dentro de la prioridad tem\u00e1tica de \u201cAgroalimentaci\u00f3n y recursos naturales como catalizadores de la extensi\u00f3n de la innovaci\u00f3n sobre el territorio\u201d, una de las cinco l\u00edneas que plantea la Estrategia Regional de Investigaci\u00f3n e Innovaci\u00f3n para una Especializaci\u00f3n Inteligente de Castilla y Le\u00f3n para el periodo 2021-2027.<\/span><\/p>\n<p><span style=\"color: #2b2a29;\">Debido a que su objetivo es avanzar en la transformaci\u00f3n econ\u00f3mica de nuestra econom\u00eda y nuestra sociedad, el iuFOR es un instrumento clave para esa transformaci\u00f3n como espacio de formaci\u00f3n universitaria y de investigaci\u00f3n cient\u00edfico-t\u00e9cnica con una visi\u00f3n y alcance internacional. Adem\u00e1s, los retos que propone la RIS3: a) Transici\u00f3n digital y transici\u00f3n ecol\u00f3gica y b) Necesidad de hacer que Castilla y Le\u00f3n sea competitiva, sostenible y resiliente, est\u00e1n contemplados en el iuFOR dentro de las distintas l\u00edneas de investigaci\u00f3n.<\/span><\/p>\n<\/div><div class=\"fusion-text fusion-text-2\"><p><span style=\"color: rgb(43, 42, 41); background-color: rgba(0, 0, 0, 0);\">La RIS3 contempla el compromiso con la <\/span><b style=\"color: rgb(43, 42, 41); background-color: rgba(0, 0, 0, 0);\">consecuci\u00f3n de los Objetivos de Desarrollo Sostenible (ODS)<\/b><span style=\"color: rgb(43, 42, 41); background-color: rgba(0, 0, 0, 0);\"> y el iuFOR es clave para la consecuci\u00f3n de varios de ellos, como el de<\/span><b style=\"color: rgb(43, 42, 41); background-color: rgba(0, 0, 0, 0);\"> Educaci\u00f3n de calida<\/b><b style=\"color: rgb(43, 42, 41); background-color: rgba(0, 0, 0, 0);\">d<\/b><span style=\"color: rgb(43, 42, 41); background-color: rgba(0, 0, 0, 0);\">, siendo centro de referencia forestal del Sur de Europa, el de <\/span><b style=\"color: rgb(43, 42, 41); background-color: rgba(0, 0, 0, 0);\">Igualdad de g\u00e9nero<\/b><span style=\"color: rgb(43, 42, 41); background-color: rgba(0, 0, 0, 0);\">, llev\u00e1ndose a cabo importantes acciones para caminar hacia la igualdad <\/span><i style=\"color: rgb(43, 42, 41); background-color: rgba(0, 0, 0, 0);\">(ver apartado de Perspectiva de g\u00e9nero)<\/i><span style=\"color: rgb(43, 42, 41); background-color: rgba(0, 0, 0, 0);\">, el ODS de <\/span><b style=\"color: rgb(43, 42, 41); background-color: rgba(0, 0, 0, 0);\">Acci\u00f3n por el clima<\/b><span style=\"color: rgb(43, 42, 41); background-color: rgba(0, 0, 0, 0);\">, ya que las distintas l\u00edneas de investigaci\u00f3n del iuFOR tienen como marco el escenario de emergencia clim\u00e1tica y repuesta y resiliencia de los ecosistemas forestales ante el cambio clim\u00e1tico, o el de <\/span><b style=\"color: rgb(43, 42, 41); background-color: rgba(0, 0, 0, 0);\">Vida de los ecosistemas terrestres<\/b><span style=\"color: rgb(43, 42, 41); background-color: rgba(0, 0, 0, 0);\">, con varias l\u00edneas de investigaci\u00f3n en este sentido relativas a la fauna y flora silvestres y a los ecosistemas degradados.<\/span><\/p>\n<p><span style=\"color: #2b2a29;\">Adem\u00e1s, las l\u00edneas de investigaci\u00f3n del iuFOR encajan perfectamente dentro del aprovechamiento sostenible de los recursos end\u00f3genos, contemplados en el <b>IV Acuerdo Marco para la competitividad y la innovaci\u00f3n empresarial de CyL<\/b>, con una visi\u00f3n internacional, en aras de resolver las demandas internas de Castilla y Le\u00f3n de una forma multidisciplinar y a escala europea y mundial, siendo parte activa de los procesos de econom\u00eda circular en los que participan los recursos forestales.<\/span><\/p>\n<\/div><\/div><\/div><\/div><\/div><div class=\"fusion-fullwidth fullwidth-box fusion-builder-row-2 fusion-flex-container has-pattern-background has-mask-background nonhundred-percent-fullwidth non-hundred-percent-height-scrolling\" style=\"--awb-border-radius-top-left:0px;--awb-border-radius-top-right:0px;--awb-border-radius-bottom-right:0px;--awb-border-radius-bottom-left:0px;--awb-flex-wrap:wrap;\" ><div class=\"fusion-builder-row fusion-row fusion-flex-align-items-flex-start fusion-flex-content-wrap\" style=\"max-width:1289.6px;margin-left: calc(-4% \/ 2 );margin-right: calc(-4% \/ 2 );\"><div class=\"fusion-layout-column fusion_builder_column fusion-builder-column-1 fusion_builder_column_1_2 1_2 fusion-flex-column\" style=\"--awb-bg-size:cover;--awb-width-large:50%;--awb-margin-top-large:0px;--awb-spacing-right-large:3.84%;--awb-margin-bottom-large:20px;--awb-spacing-left-large:3.84%;--awb-width-medium:50%;--awb-order-medium:0;--awb-spacing-right-medium:3.84%;--awb-spacing-left-medium:3.84%;--awb-width-small:100%;--awb-order-small:0;--awb-spacing-right-small:1.92%;--awb-spacing-left-small:1.92%;\"><div class=\"fusion-column-wrapper fusion-column-has-shadow fusion-flex-justify-content-flex-start fusion-content-layout-column\"><div class=\"fusion-image-element \" style=\"text-align:left;--awb-margin-top:20px;--awb-margin-bottom:20px;--awb-caption-title-font-family:var(--h2_typography-font-family);--awb-caption-title-font-weight:var(--h2_typography-font-weight);--awb-caption-title-font-style:var(--h2_typography-font-style);--awb-caption-title-size:var(--h2_typography-font-size);--awb-caption-title-transform:var(--h2_typography-text-transform);--awb-caption-title-line-height:var(--h2_typography-line-height);--awb-caption-title-letter-spacing:var(--h2_typography-letter-spacing);\"><span class=\" fusion-imageframe imageframe-none imageframe-1 hover-type-none\"><img fetchpriority=\"high\" fetchpriority=\"high\" decoding=\"async\" width=\"673\" height=\"133\" title=\"Logo RIS3\" src=\"https:\/\/www.programador.online\/uifor\/wp-content\/uploads\/2026\/03\/Logo-RIS3-1.png\" alt class=\"img-responsive wp-image-16880\" srcset=\"https:\/\/www.programador.online\/uifor\/wp-content\/uploads\/2026\/03\/Logo-RIS3-1-200x40.png 200w, https:\/\/www.programador.online\/uifor\/wp-content\/uploads\/2026\/03\/Logo-RIS3-1-400x79.png 400w, https:\/\/www.programador.online\/uifor\/wp-content\/uploads\/2026\/03\/Logo-RIS3-1-600x119.png 600w, https:\/\/www.programador.online\/uifor\/wp-content\/uploads\/2026\/03\/Logo-RIS3-1.png 673w\" sizes=\"(max-width: 640px) 100vw, 600px\" \/><\/span><\/div><\/div><\/div><div class=\"fusion-layout-column fusion_builder_column fusion-builder-column-2 fusion_builder_column_1_2 1_2 fusion-flex-column\" style=\"--awb-padding-top:41px;--awb-bg-size:cover;--awb-width-large:50%;--awb-margin-top-large:0px;--awb-spacing-right-large:3.84%;--awb-margin-bottom-large:20px;--awb-spacing-left-large:3.84%;--awb-width-medium:50%;--awb-order-medium:0;--awb-spacing-right-medium:3.84%;--awb-spacing-left-medium:3.84%;--awb-width-small:100%;--awb-order-small:0;--awb-spacing-right-small:1.92%;--awb-spacing-left-small:1.92%;\"><div class=\"fusion-column-wrapper fusion-column-has-shadow fusion-flex-justify-content-flex-start fusion-content-layout-column\"><div style=\"text-align:center;\"><a class=\"fusion-button button-flat button-large button-custom fusion-button-default button-1 fusion-button-default-span fusion-button-default-type fusion-has-button-gradient\" style=\"--button_accent_color:var(--awb-color8);--button_border_color:var(--awb-color8);--button_accent_hover_color:var(--awb-color1);--button_border_hover_color:var(--awb-color1);--button_border_width-top:1px;--button_border_width-right:1px;--button_border_width-bottom:1px;--button_border_width-left:1px;--button_gradient_top_color:var(--awb-custom_color_1);--button_gradient_bottom_color:var(--awb-color3);--button_gradient_top_color_hover:var(--awb-color4);--button_gradient_bottom_color_hover:var(--awb-color4);\" target=\"_self\" href=\"https:\/\/www.programador.online\/uifor\/wp-content\/uploads\/2026\/03\/RIS3CyL0.pdf\"><span class=\"fusion-button-text awb-button__text awb-button__text--default fusion-button-text-right\">ESTRATEGIA DE<br \/>\nINVESTIGACI\u00d3N E INNOVACI\u00d3N PARA<br \/>\nUNA ESPECIALIZACI\u00d3N INTELIGENTE (RIS3)<br \/>\nDE CASTILLA Y LE\u00d3N 2021-2027<\/span><span class=\"fusion-button-icon-divider button-icon-divider-right\"><i class=\"fa-download fas awb-button__icon awb-button__icon--default\" aria-hidden=\"true\"><\/i><\/span><\/a><\/div><\/div><\/div><\/div><\/div><\/p>\n","protected":false},"excerpt":{"rendered":"","protected":false},"author":5,"featured_media":0,"parent":7146,"menu_order":0,"comment_status":"closed","ping_status":"closed","template":"","meta":{"_acf_changed":false,"footnotes":""},"class_list":["post-15728","page","type-page","status-publish","hentry"],"acf":[],"yoast_head":"<!-- This site is optimized with the Yoast SEO plugin v27.4 - https:\/\/yoast.com\/product\/yoast-seo-wordpress\/ -->\n<title>RIS3 - IUFOR<\/title>\n<meta name=\"robots\" content=\"index, follow, max-snippet:-1, max-image-preview:large, max-video-preview:-1\" \/>\n<link rel=\"canonical\" href=\"https:\/\/www.programador.online\/uifor\/unete-al-iufor\/ris3\/\" \/>\n<meta property=\"og:locale\" content=\"es_ES\" \/>\n<meta property=\"og:type\" content=\"article\" \/>\n<meta property=\"og:title\" content=\"RIS3 - IUFOR\" \/>\n<meta property=\"og:url\" content=\"https:\/\/www.programador.online\/uifor\/unete-al-iufor\/ris3\/\" \/>\n<meta property=\"og:site_name\" content=\"IUFOR\" \/>\n<meta property=\"article:modified_time\" content=\"2026-03-24T09:42:26+00:00\" \/>\n<meta name=\"twitter:card\" content=\"summary_large_image\" \/>\n<script type=\"application\/ld+json\" class=\"yoast-schema-graph\">{\"@context\":\"https:\\\/\\\/schema.org\",\"@graph\":[{\"@type\":\"WebPage\",\"@id\":\"https:\\\/\\\/www.programador.online\\\/uifor\\\/unete-al-iufor\\\/ris3\\\/\",\"url\":\"https:\\\/\\\/www.programador.online\\\/uifor\\\/unete-al-iufor\\\/ris3\\\/\",\"name\":\"RIS3 - IUFOR\",\"isPartOf\":{\"@id\":\"https:\\\/\\\/www.programador.online\\\/uifor\\\/#website\"},\"datePublished\":\"2025-12-08T09:23:49+00:00\",\"dateModified\":\"2026-03-24T09:42:26+00:00\",\"breadcrumb\":{\"@id\":\"https:\\\/\\\/www.programador.online\\\/uifor\\\/unete-al-iufor\\\/ris3\\\/#breadcrumb\"},\"inLanguage\":\"es\",\"potentialAction\":[{\"@type\":\"ReadAction\",\"target\":[\"https:\\\/\\\/www.programador.online\\\/uifor\\\/unete-al-iufor\\\/ris3\\\/\"]}]},{\"@type\":\"BreadcrumbList\",\"@id\":\"https:\\\/\\\/www.programador.online\\\/uifor\\\/unete-al-iufor\\\/ris3\\\/#breadcrumb\",\"itemListElement\":[{\"@type\":\"ListItem\",\"position\":1,\"name\":\"Home\",\"item\":\"https:\\\/\\\/www.programador.online\\\/uifor\\\/\"},{\"@type\":\"ListItem\",\"position\":2,\"name\":\"\u00danete al iuFOR\",\"item\":\"https:\\\/\\\/www.programador.online\\\/uifor\\\/unete-al-iufor\\\/\"},{\"@type\":\"ListItem\",\"position\":3,\"name\":\"RIS3\"}]},{\"@type\":\"WebSite\",\"@id\":\"https:\\\/\\\/www.programador.online\\\/uifor\\\/#website\",\"url\":\"https:\\\/\\\/www.programador.online\\\/uifor\\\/\",\"name\":\"IUFOR\",\"description\":\"Instituto Universitario de Investigaci\u00f3n en Gesti\u00f3n Forestal Sostenible\",\"potentialAction\":[{\"@type\":\"SearchAction\",\"target\":{\"@type\":\"EntryPoint\",\"urlTemplate\":\"https:\\\/\\\/www.programador.online\\\/uifor\\\/?s={search_term_string}\"},\"query-input\":{\"@type\":\"PropertyValueSpecification\",\"valueRequired\":true,\"valueName\":\"search_term_string\"}}],\"inLanguage\":\"es\"}]}<\/script>\n<!-- \/ Yoast SEO plugin. -->","yoast_head_json":{"title":"RIS3 - IUFOR","robots":{"index":"index","follow":"follow","max-snippet":"max-snippet:-1","max-image-preview":"max-image-preview:large","max-video-preview":"max-video-preview:-1"},"canonical":"https:\/\/www.programador.online\/uifor\/unete-al-iufor\/ris3\/","og_locale":"es_ES","og_type":"article","og_title":"RIS3 - IUFOR","og_url":"https:\/\/www.programador.online\/uifor\/unete-al-iufor\/ris3\/","og_site_name":"IUFOR","article_modified_time":"2026-03-24T09:42:26+00:00","twitter_card":"summary_large_image","schema":{"@context":"https:\/\/schema.org","@graph":[{"@type":"WebPage","@id":"https:\/\/www.programador.online\/uifor\/unete-al-iufor\/ris3\/","url":"https:\/\/www.programador.online\/uifor\/unete-al-iufor\/ris3\/","name":"RIS3 - IUFOR","isPartOf":{"@id":"https:\/\/www.programador.online\/uifor\/#website"},"datePublished":"2025-12-08T09:23:49+00:00","dateModified":"2026-03-24T09:42:26+00:00","breadcrumb":{"@id":"https:\/\/www.programador.online\/uifor\/unete-al-iufor\/ris3\/#breadcrumb"},"inLanguage":"es","potentialAction":[{"@type":"ReadAction","target":["https:\/\/www.programador.online\/uifor\/unete-al-iufor\/ris3\/"]}]},{"@type":"BreadcrumbList","@id":"https:\/\/www.programador.online\/uifor\/unete-al-iufor\/ris3\/#breadcrumb","itemListElement":[{"@type":"ListItem","position":1,"name":"Home","item":"https:\/\/www.programador.online\/uifor\/"},{"@type":"ListItem","position":2,"name":"\u00danete al iuFOR","item":"https:\/\/www.programador.online\/uifor\/unete-al-iufor\/"},{"@type":"ListItem","position":3,"name":"RIS3"}]},{"@type":"WebSite","@id":"https:\/\/www.programador.online\/uifor\/#website","url":"https:\/\/www.programador.online\/uifor\/","name":"IUFOR","description":"Instituto Universitario de Investigaci\u00f3n en Gesti\u00f3n Forestal Sostenible","potentialAction":[{"@type":"SearchAction","target":{"@type":"EntryPoint","urlTemplate":"https:\/\/www.programador.online\/uifor\/?s={search_term_string}"},"query-input":{"@type":"PropertyValueSpecification","valueRequired":true,"valueName":"search_term_string"}}],"inLanguage":"es"}]}},"_links":{"self":[{"href":"https:\/\/www.programador.online\/uifor\/wp-json\/wp\/v2\/pages\/15728","targetHints":{"allow":["GET"]}}],"collection":[{"href":"https:\/\/www.programador.online\/uifor\/wp-json\/wp\/v2\/pages"}],"about":[{"href":"https:\/\/www.programador.online\/uifor\/wp-json\/wp\/v2\/types\/page"}],"author":[{"embeddable":true,"href":"https:\/\/www.programador.online\/uifor\/wp-json\/wp\/v2\/users\/5"}],"replies":[{"embeddable":true,"href":"https:\/\/www.programador.online\/uifor\/wp-json\/wp\/v2\/comments?post=15728"}],"version-history":[{"count":3,"href":"https:\/\/www.programador.online\/uifor\/wp-json\/wp\/v2\/pages\/15728\/revisions"}],"predecessor-version":[{"id":16883,"href":"https:\/\/www.programador.online\/uifor\/wp-json\/wp\/v2\/pages\/15728\/revisions\/16883"}],"up":[{"embeddable":true,"href":"https:\/\/www.programador.online\/uifor\/wp-json\/wp\/v2\/pages\/7146"}],"wp:attachment":[{"href":"https:\/\/www.programador.online\/uifor\/wp-json\/wp\/v2\/media?parent=15728"}],"curies":[{"name":"wp","href":"https:\/\/api.w.org\/{rel}","templated":true}]}}