{"id":14935,"date":"2025-10-30T11:34:28","date_gmt":"2025-10-30T09:34:28","guid":{"rendered":"https:\/\/www.programador.online\/uifor\/?page_id=14935"},"modified":"2026-03-19T13:11:59","modified_gmt":"2026-03-19T11:11:59","slug":"ciencia-movimiento","status":"publish","type":"page","link":"https:\/\/www.programador.online\/uifor\/quienes-somos\/ciencia-movimiento\/","title":{"rendered":"Ciencia en movimiento"},"content":{"rendered":"<div class=\"fusion-fullwidth fullwidth-box fusion-builder-row-1 fusion-flex-container has-pattern-background has-mask-background nonhundred-percent-fullwidth non-hundred-percent-height-scrolling\" style=\"--awb-border-radius-top-left:0px;--awb-border-radius-top-right:0px;--awb-border-radius-bottom-right:0px;--awb-border-radius-bottom-left:0px;--awb-flex-wrap:wrap;\" ><div class=\"fusion-builder-row fusion-row fusion-flex-align-items-flex-start fusion-flex-content-wrap\" style=\"max-width:1289.6px;margin-left: calc(-4% \/ 2 );margin-right: calc(-4% \/ 2 );\"><div class=\"fusion-layout-column fusion_builder_column fusion-builder-column-0 fusion_builder_column_1_1 1_1 fusion-flex-column\" style=\"--awb-bg-size:cover;--awb-width-large:100%;--awb-margin-top-large:0px;--awb-spacing-right-large:1.92%;--awb-margin-bottom-large:20px;--awb-spacing-left-large:1.92%;--awb-width-medium:100%;--awb-order-medium:0;--awb-spacing-right-medium:1.92%;--awb-spacing-left-medium:1.92%;--awb-width-small:100%;--awb-order-small:0;--awb-spacing-right-small:1.92%;--awb-spacing-left-small:1.92%;\"><div class=\"fusion-column-wrapper fusion-column-has-shadow fusion-flex-justify-content-flex-start fusion-content-layout-column\"><div class=\"fusion-text fusion-text-1\"><p><b><span style=\"color: #2b2a29;\"><span style=\"color: #009746;\">[ PR\u00d3XIMAMENTE <\/span><\/span><span style=\"background-color: rgba(0, 0, 0, 0);\">DISPONIBLE<\/span><span style=\"background-color: rgba(0, 0, 0, 0);\"> ]<\/span><\/b><\/p>\n<p><span style=\"color: #2b2a29;\">Esta secci\u00f3n nace con la misi\u00f3n de posicionarse como la fuente de referencia en evidencia cient\u00edfica forestal, ofreciendo datos rigurosos y contrastados que sirven de base s\u00f3lida para la gesti\u00f3n forestal sostenible.<\/span><\/p>\n<p><span style=\"color: #2b2a29;\">Aqu\u00ed, la investigaci\u00f3n deja de ser est\u00e1tica para convertirse en una herramienta din\u00e1mica y verificada, proporcionando a gestores, profesionales y responsables pol\u00edticos la seguridad necesaria para una toma de decisiones informada y eficaz. A trav\u00e9s de esta secci\u00f3n el iuFOR reafirma su compromiso con la excelencia cient\u00edfica, conectando los \u00faltimos avances en ecolog\u00eda y ciencia forestal con las necesidades reales del sector forestal en particular y de la sociedad en su conjunto.<\/span><\/p>\n<\/div><\/div><\/div><\/div><\/div>\n","protected":false},"excerpt":{"rendered":"","protected":false},"author":5,"featured_media":0,"parent":14696,"menu_order":0,"comment_status":"closed","ping_status":"closed","template":"","meta":{"_acf_changed":false,"footnotes":""},"class_list":["post-14935","page","type-page","status-publish","hentry"],"acf":[],"yoast_head":"<!-- This site is optimized with the Yoast SEO plugin v27.4 - https:\/\/yoast.com\/product\/yoast-seo-wordpress\/ -->\n<title>Ciencia en movimiento - IUFOR<\/title>\n<meta name=\"robots\" content=\"index, follow, max-snippet:-1, max-image-preview:large, max-video-preview:-1\" \/>\n<link rel=\"canonical\" href=\"https:\/\/www.programador.online\/uifor\/quienes-somos\/ciencia-movimiento\/\" \/>\n<meta property=\"og:locale\" content=\"es_ES\" \/>\n<meta property=\"og:type\" content=\"article\" \/>\n<meta property=\"og:title\" content=\"Ciencia en movimiento - IUFOR\" \/>\n<meta property=\"og:url\" content=\"https:\/\/www.programador.online\/uifor\/quienes-somos\/ciencia-movimiento\/\" \/>\n<meta property=\"og:site_name\" content=\"IUFOR\" \/>\n<meta property=\"article:modified_time\" content=\"2026-03-19T11:11:59+00:00\" \/>\n<meta name=\"twitter:card\" content=\"summary_large_image\" \/>\n<meta name=\"twitter:label1\" content=\"Tiempo de lectura\" \/>\n\t<meta name=\"twitter:data1\" content=\"1 minuto\" \/>\n<script type=\"application\/ld+json\" class=\"yoast-schema-graph\">{\"@context\":\"https:\\\/\\\/schema.org\",\"@graph\":[{\"@type\":\"WebPage\",\"@id\":\"https:\\\/\\\/www.programador.online\\\/uifor\\\/quienes-somos\\\/ciencia-movimiento\\\/\",\"url\":\"https:\\\/\\\/www.programador.online\\\/uifor\\\/quienes-somos\\\/ciencia-movimiento\\\/\",\"name\":\"Ciencia en movimiento - IUFOR\",\"isPartOf\":{\"@id\":\"https:\\\/\\\/www.programador.online\\\/uifor\\\/#website\"},\"datePublished\":\"2025-10-30T09:34:28+00:00\",\"dateModified\":\"2026-03-19T11:11:59+00:00\",\"breadcrumb\":{\"@id\":\"https:\\\/\\\/www.programador.online\\\/uifor\\\/quienes-somos\\\/ciencia-movimiento\\\/#breadcrumb\"},\"inLanguage\":\"es\",\"potentialAction\":[{\"@type\":\"ReadAction\",\"target\":[\"https:\\\/\\\/www.programador.online\\\/uifor\\\/quienes-somos\\\/ciencia-movimiento\\\/\"]}]},{\"@type\":\"BreadcrumbList\",\"@id\":\"https:\\\/\\\/www.programador.online\\\/uifor\\\/quienes-somos\\\/ciencia-movimiento\\\/#breadcrumb\",\"itemListElement\":[{\"@type\":\"ListItem\",\"position\":1,\"name\":\"Home\",\"item\":\"https:\\\/\\\/www.programador.online\\\/uifor\\\/\"},{\"@type\":\"ListItem\",\"position\":2,\"name\":\"Qui\u00e9nes somos\",\"item\":\"https:\\\/\\\/www.programador.online\\\/uifor\\\/quienes-somos\\\/\"},{\"@type\":\"ListItem\",\"position\":3,\"name\":\"Ciencia en movimiento\"}]},{\"@type\":\"WebSite\",\"@id\":\"https:\\\/\\\/www.programador.online\\\/uifor\\\/#website\",\"url\":\"https:\\\/\\\/www.programador.online\\\/uifor\\\/\",\"name\":\"IUFOR\",\"description\":\"Instituto Universitario de Investigaci\u00f3n en Gesti\u00f3n Forestal Sostenible\",\"potentialAction\":[{\"@type\":\"SearchAction\",\"target\":{\"@type\":\"EntryPoint\",\"urlTemplate\":\"https:\\\/\\\/www.programador.online\\\/uifor\\\/?s={search_term_string}\"},\"query-input\":{\"@type\":\"PropertyValueSpecification\",\"valueRequired\":true,\"valueName\":\"search_term_string\"}}],\"inLanguage\":\"es\"}]}<\/script>\n<!-- \/ Yoast SEO plugin. -->","yoast_head_json":{"title":"Ciencia en movimiento - IUFOR","robots":{"index":"index","follow":"follow","max-snippet":"max-snippet:-1","max-image-preview":"max-image-preview:large","max-video-preview":"max-video-preview:-1"},"canonical":"https:\/\/www.programador.online\/uifor\/quienes-somos\/ciencia-movimiento\/","og_locale":"es_ES","og_type":"article","og_title":"Ciencia en movimiento - IUFOR","og_url":"https:\/\/www.programador.online\/uifor\/quienes-somos\/ciencia-movimiento\/","og_site_name":"IUFOR","article_modified_time":"2026-03-19T11:11:59+00:00","twitter_card":"summary_large_image","twitter_misc":{"Tiempo de lectura":"1 minuto"},"schema":{"@context":"https:\/\/schema.org","@graph":[{"@type":"WebPage","@id":"https:\/\/www.programador.online\/uifor\/quienes-somos\/ciencia-movimiento\/","url":"https:\/\/www.programador.online\/uifor\/quienes-somos\/ciencia-movimiento\/","name":"Ciencia en movimiento - IUFOR","isPartOf":{"@id":"https:\/\/www.programador.online\/uifor\/#website"},"datePublished":"2025-10-30T09:34:28+00:00","dateModified":"2026-03-19T11:11:59+00:00","breadcrumb":{"@id":"https:\/\/www.programador.online\/uifor\/quienes-somos\/ciencia-movimiento\/#breadcrumb"},"inLanguage":"es","potentialAction":[{"@type":"ReadAction","target":["https:\/\/www.programador.online\/uifor\/quienes-somos\/ciencia-movimiento\/"]}]},{"@type":"BreadcrumbList","@id":"https:\/\/www.programador.online\/uifor\/quienes-somos\/ciencia-movimiento\/#breadcrumb","itemListElement":[{"@type":"ListItem","position":1,"name":"Home","item":"https:\/\/www.programador.online\/uifor\/"},{"@type":"ListItem","position":2,"name":"Qui\u00e9nes somos","item":"https:\/\/www.programador.online\/uifor\/quienes-somos\/"},{"@type":"ListItem","position":3,"name":"Ciencia en movimiento"}]},{"@type":"WebSite","@id":"https:\/\/www.programador.online\/uifor\/#website","url":"https:\/\/www.programador.online\/uifor\/","name":"IUFOR","description":"Instituto Universitario de Investigaci\u00f3n en Gesti\u00f3n Forestal Sostenible","potentialAction":[{"@type":"SearchAction","target":{"@type":"EntryPoint","urlTemplate":"https:\/\/www.programador.online\/uifor\/?s={search_term_string}"},"query-input":{"@type":"PropertyValueSpecification","valueRequired":true,"valueName":"search_term_string"}}],"inLanguage":"es"}]}},"_links":{"self":[{"href":"https:\/\/www.programador.online\/uifor\/wp-json\/wp\/v2\/pages\/14935","targetHints":{"allow":["GET"]}}],"collection":[{"href":"https:\/\/www.programador.online\/uifor\/wp-json\/wp\/v2\/pages"}],"about":[{"href":"https:\/\/www.programador.online\/uifor\/wp-json\/wp\/v2\/types\/page"}],"author":[{"embeddable":true,"href":"https:\/\/www.programador.online\/uifor\/wp-json\/wp\/v2\/users\/5"}],"replies":[{"embeddable":true,"href":"https:\/\/www.programador.online\/uifor\/wp-json\/wp\/v2\/comments?post=14935"}],"version-history":[{"count":6,"href":"https:\/\/www.programador.online\/uifor\/wp-json\/wp\/v2\/pages\/14935\/revisions"}],"predecessor-version":[{"id":16665,"href":"https:\/\/www.programador.online\/uifor\/wp-json\/wp\/v2\/pages\/14935\/revisions\/16665"}],"up":[{"embeddable":true,"href":"https:\/\/www.programador.online\/uifor\/wp-json\/wp\/v2\/pages\/14696"}],"wp:attachment":[{"href":"https:\/\/www.programador.online\/uifor\/wp-json\/wp\/v2\/media?parent=14935"}],"curies":[{"name":"wp","href":"https:\/\/api.w.org\/{rel}","templated":true}]}}