{"id":14264,"date":"2024-06-20T10:08:58","date_gmt":"2024-06-20T08:08:58","guid":{"rendered":"https:\/\/iufor.palencia.uva.es\/?page_id=14264"},"modified":"2026-01-29T18:07:03","modified_gmt":"2026-01-29T16:07:03","slug":"jornadas-cientificas","status":"publish","type":"page","link":"https:\/\/www.programador.online\/uifor\/formacion\/eventos-y-foros\/jornadas-cientificas\/","title":{"rendered":"Jornadas cient\u00edficas"},"content":{"rendered":"<div class=\"fusion-fullwidth fullwidth-box fusion-builder-row-1 fusion-flex-container nonhundred-percent-fullwidth non-hundred-percent-height-scrolling\" style=\"--awb-border-radius-top-left:0px;--awb-border-radius-top-right:0px;--awb-border-radius-bottom-right:0px;--awb-border-radius-bottom-left:0px;--awb-flex-wrap:wrap;\" ><div class=\"fusion-builder-row fusion-row fusion-flex-align-items-flex-start fusion-flex-content-wrap\" style=\"max-width:1289.6px;margin-left: calc(-4% \/ 2 );margin-right: calc(-4% \/ 2 );\"><div class=\"fusion-layout-column fusion_builder_column fusion-builder-column-0 fusion_builder_column_1_2 1_2 fusion-flex-column\" style=\"--awb-bg-size:cover;--awb-width-large:50%;--awb-margin-top-large:0px;--awb-spacing-right-large:3.84%;--awb-margin-bottom-large:20px;--awb-spacing-left-large:3.84%;--awb-width-medium:50%;--awb-order-medium:0;--awb-spacing-right-medium:3.84%;--awb-spacing-left-medium:3.84%;--awb-width-small:100%;--awb-order-small:0;--awb-spacing-right-small:1.92%;--awb-spacing-left-small:1.92%;\"><div class=\"fusion-column-wrapper fusion-column-has-shadow fusion-flex-justify-content-flex-start fusion-content-layout-column\"><div class=\"fusion-text fusion-text-1\"><p style=\"color: var(--awb-custom_color_3); text-align: left;\">Las Jornadas Cient\u00edficas son eventos acad\u00e9micos que re\u00fanen a investigadores, estudiantes y profesionales para intercambiar conocimientos, presentar avances y discutir tendencias en diversas \u00e1reas del saber. Estas jornadas suelen incluir conferencias, ponencias, talleres y paneles de discusi\u00f3n, donde los participantes tienen la oportunidad de exponer sus trabajos de investigaci\u00f3n, recibir retroalimentaci\u00f3n y establecer colaboraciones interdisciplinarias. Adem\u00e1s, proporcionan un espacio valioso para la divulgaci\u00f3n cient\u00edfica, fomentando el di\u00e1logo entre la comunidad cient\u00edfica y el p\u00fablico general, y promoviendo el desarrollo y la innovaci\u00f3n en distintos campos de estudio.<\/p>\n<\/div><\/div><\/div><div class=\"fusion-layout-column fusion_builder_column fusion-builder-column-1 fusion_builder_column_1_2 1_2 fusion-flex-column\" style=\"--awb-bg-size:cover;--awb-width-large:50%;--awb-margin-top-large:0px;--awb-spacing-right-large:3.84%;--awb-margin-bottom-large:20px;--awb-spacing-left-large:3.84%;--awb-width-medium:50%;--awb-order-medium:0;--awb-spacing-right-medium:3.84%;--awb-spacing-left-medium:3.84%;--awb-width-small:100%;--awb-order-small:0;--awb-spacing-right-small:1.92%;--awb-spacing-left-small:1.92%;\"><div class=\"fusion-column-wrapper fusion-column-has-shadow fusion-flex-justify-content-flex-start fusion-content-layout-column\"><div class=\"fusion-image-element \" style=\"text-align:center;--awb-caption-title-font-family:var(--h2_typography-font-family);--awb-caption-title-font-weight:var(--h2_typography-font-weight);--awb-caption-title-font-style:var(--h2_typography-font-style);--awb-caption-title-size:var(--h2_typography-font-size);--awb-caption-title-transform:var(--h2_typography-text-transform);--awb-caption-title-line-height:var(--h2_typography-line-height);--awb-caption-title-letter-spacing:var(--h2_typography-letter-spacing);\"><span class=\" fusion-imageframe imageframe-none imageframe-1 hover-type-none\"><img fetchpriority=\"high\" fetchpriority=\"high\" decoding=\"async\" width=\"2000\" height=\"900\" title=\"53788579279_20282b48c1_o\" src=\"https:\/\/www.programador.online\/uifor\/wp-content\/uploads\/2026\/01\/53788579279_20282b48c1_o.jpg\" alt class=\"img-responsive wp-image-16318\" srcset=\"https:\/\/www.programador.online\/uifor\/wp-content\/uploads\/2026\/01\/53788579279_20282b48c1_o-200x90.jpg 200w, https:\/\/www.programador.online\/uifor\/wp-content\/uploads\/2026\/01\/53788579279_20282b48c1_o-400x180.jpg 400w, https:\/\/www.programador.online\/uifor\/wp-content\/uploads\/2026\/01\/53788579279_20282b48c1_o-600x270.jpg 600w, https:\/\/www.programador.online\/uifor\/wp-content\/uploads\/2026\/01\/53788579279_20282b48c1_o-800x360.jpg 800w, https:\/\/www.programador.online\/uifor\/wp-content\/uploads\/2026\/01\/53788579279_20282b48c1_o-1200x540.jpg 1200w, https:\/\/www.programador.online\/uifor\/wp-content\/uploads\/2026\/01\/53788579279_20282b48c1_o.jpg 2000w\" sizes=\"(max-width: 640px) 100vw, 600px\" \/><\/span><\/div><\/div><\/div><\/div><\/div>\n","protected":false},"excerpt":{"rendered":"","protected":false},"author":2,"featured_media":0,"parent":15026,"menu_order":0,"comment_status":"closed","ping_status":"closed","template":"","meta":{"_acf_changed":false,"footnotes":""},"class_list":["post-14264","page","type-page","status-publish","hentry"],"acf":[],"yoast_head":"<!-- This site is optimized with the Yoast SEO plugin v27.4 - https:\/\/yoast.com\/product\/yoast-seo-wordpress\/ -->\n<title>Jornadas cient\u00edficas - IUFOR<\/title>\n<meta name=\"robots\" content=\"index, follow, max-snippet:-1, max-image-preview:large, max-video-preview:-1\" \/>\n<link rel=\"canonical\" href=\"https:\/\/www.programador.online\/uifor\/formacion\/eventos-y-foros\/jornadas-cientificas\/\" \/>\n<meta property=\"og:locale\" content=\"es_ES\" \/>\n<meta property=\"og:type\" content=\"article\" \/>\n<meta property=\"og:title\" content=\"Jornadas cient\u00edficas - IUFOR\" \/>\n<meta property=\"og:url\" content=\"https:\/\/www.programador.online\/uifor\/formacion\/eventos-y-foros\/jornadas-cientificas\/\" \/>\n<meta property=\"og:site_name\" content=\"IUFOR\" \/>\n<meta property=\"article:modified_time\" content=\"2026-01-29T16:07:03+00:00\" \/>\n<meta name=\"twitter:card\" content=\"summary_large_image\" \/>\n<meta name=\"twitter:label1\" content=\"Tiempo de lectura\" \/>\n\t<meta name=\"twitter:data1\" content=\"1 minuto\" \/>\n<script type=\"application\/ld+json\" class=\"yoast-schema-graph\">{\"@context\":\"https:\\\/\\\/schema.org\",\"@graph\":[{\"@type\":\"WebPage\",\"@id\":\"https:\\\/\\\/www.programador.online\\\/uifor\\\/formacion\\\/eventos-y-foros\\\/jornadas-cientificas\\\/\",\"url\":\"https:\\\/\\\/www.programador.online\\\/uifor\\\/formacion\\\/eventos-y-foros\\\/jornadas-cientificas\\\/\",\"name\":\"Jornadas cient\u00edficas - IUFOR\",\"isPartOf\":{\"@id\":\"https:\\\/\\\/www.programador.online\\\/uifor\\\/#website\"},\"datePublished\":\"2024-06-20T08:08:58+00:00\",\"dateModified\":\"2026-01-29T16:07:03+00:00\",\"breadcrumb\":{\"@id\":\"https:\\\/\\\/www.programador.online\\\/uifor\\\/formacion\\\/eventos-y-foros\\\/jornadas-cientificas\\\/#breadcrumb\"},\"inLanguage\":\"es\",\"potentialAction\":[{\"@type\":\"ReadAction\",\"target\":[\"https:\\\/\\\/www.programador.online\\\/uifor\\\/formacion\\\/eventos-y-foros\\\/jornadas-cientificas\\\/\"]}]},{\"@type\":\"BreadcrumbList\",\"@id\":\"https:\\\/\\\/www.programador.online\\\/uifor\\\/formacion\\\/eventos-y-foros\\\/jornadas-cientificas\\\/#breadcrumb\",\"itemListElement\":[{\"@type\":\"ListItem\",\"position\":1,\"name\":\"Home\",\"item\":\"https:\\\/\\\/www.programador.online\\\/uifor\\\/\"},{\"@type\":\"ListItem\",\"position\":2,\"name\":\"Formaci\u00f3n\",\"item\":\"https:\\\/\\\/www.programador.online\\\/uifor\\\/formacion\\\/\"},{\"@type\":\"ListItem\",\"position\":3,\"name\":\"Eventos y Foros\",\"item\":\"https:\\\/\\\/www.programador.online\\\/uifor\\\/formacion\\\/eventos-y-foros\\\/\"},{\"@type\":\"ListItem\",\"position\":4,\"name\":\"Jornadas cient\u00edficas\"}]},{\"@type\":\"WebSite\",\"@id\":\"https:\\\/\\\/www.programador.online\\\/uifor\\\/#website\",\"url\":\"https:\\\/\\\/www.programador.online\\\/uifor\\\/\",\"name\":\"IUFOR\",\"description\":\"Instituto Universitario de Investigaci\u00f3n en Gesti\u00f3n Forestal Sostenible\",\"potentialAction\":[{\"@type\":\"SearchAction\",\"target\":{\"@type\":\"EntryPoint\",\"urlTemplate\":\"https:\\\/\\\/www.programador.online\\\/uifor\\\/?s={search_term_string}\"},\"query-input\":{\"@type\":\"PropertyValueSpecification\",\"valueRequired\":true,\"valueName\":\"search_term_string\"}}],\"inLanguage\":\"es\"}]}<\/script>\n<!-- \/ Yoast SEO plugin. -->","yoast_head_json":{"title":"Jornadas cient\u00edficas - IUFOR","robots":{"index":"index","follow":"follow","max-snippet":"max-snippet:-1","max-image-preview":"max-image-preview:large","max-video-preview":"max-video-preview:-1"},"canonical":"https:\/\/www.programador.online\/uifor\/formacion\/eventos-y-foros\/jornadas-cientificas\/","og_locale":"es_ES","og_type":"article","og_title":"Jornadas cient\u00edficas - IUFOR","og_url":"https:\/\/www.programador.online\/uifor\/formacion\/eventos-y-foros\/jornadas-cientificas\/","og_site_name":"IUFOR","article_modified_time":"2026-01-29T16:07:03+00:00","twitter_card":"summary_large_image","twitter_misc":{"Tiempo de lectura":"1 minuto"},"schema":{"@context":"https:\/\/schema.org","@graph":[{"@type":"WebPage","@id":"https:\/\/www.programador.online\/uifor\/formacion\/eventos-y-foros\/jornadas-cientificas\/","url":"https:\/\/www.programador.online\/uifor\/formacion\/eventos-y-foros\/jornadas-cientificas\/","name":"Jornadas cient\u00edficas - IUFOR","isPartOf":{"@id":"https:\/\/www.programador.online\/uifor\/#website"},"datePublished":"2024-06-20T08:08:58+00:00","dateModified":"2026-01-29T16:07:03+00:00","breadcrumb":{"@id":"https:\/\/www.programador.online\/uifor\/formacion\/eventos-y-foros\/jornadas-cientificas\/#breadcrumb"},"inLanguage":"es","potentialAction":[{"@type":"ReadAction","target":["https:\/\/www.programador.online\/uifor\/formacion\/eventos-y-foros\/jornadas-cientificas\/"]}]},{"@type":"BreadcrumbList","@id":"https:\/\/www.programador.online\/uifor\/formacion\/eventos-y-foros\/jornadas-cientificas\/#breadcrumb","itemListElement":[{"@type":"ListItem","position":1,"name":"Home","item":"https:\/\/www.programador.online\/uifor\/"},{"@type":"ListItem","position":2,"name":"Formaci\u00f3n","item":"https:\/\/www.programador.online\/uifor\/formacion\/"},{"@type":"ListItem","position":3,"name":"Eventos y Foros","item":"https:\/\/www.programador.online\/uifor\/formacion\/eventos-y-foros\/"},{"@type":"ListItem","position":4,"name":"Jornadas cient\u00edficas"}]},{"@type":"WebSite","@id":"https:\/\/www.programador.online\/uifor\/#website","url":"https:\/\/www.programador.online\/uifor\/","name":"IUFOR","description":"Instituto Universitario de Investigaci\u00f3n en Gesti\u00f3n Forestal Sostenible","potentialAction":[{"@type":"SearchAction","target":{"@type":"EntryPoint","urlTemplate":"https:\/\/www.programador.online\/uifor\/?s={search_term_string}"},"query-input":{"@type":"PropertyValueSpecification","valueRequired":true,"valueName":"search_term_string"}}],"inLanguage":"es"}]}},"_links":{"self":[{"href":"https:\/\/www.programador.online\/uifor\/wp-json\/wp\/v2\/pages\/14264","targetHints":{"allow":["GET"]}}],"collection":[{"href":"https:\/\/www.programador.online\/uifor\/wp-json\/wp\/v2\/pages"}],"about":[{"href":"https:\/\/www.programador.online\/uifor\/wp-json\/wp\/v2\/types\/page"}],"author":[{"embeddable":true,"href":"https:\/\/www.programador.online\/uifor\/wp-json\/wp\/v2\/users\/2"}],"replies":[{"embeddable":true,"href":"https:\/\/www.programador.online\/uifor\/wp-json\/wp\/v2\/comments?post=14264"}],"version-history":[{"count":9,"href":"https:\/\/www.programador.online\/uifor\/wp-json\/wp\/v2\/pages\/14264\/revisions"}],"predecessor-version":[{"id":16477,"href":"https:\/\/www.programador.online\/uifor\/wp-json\/wp\/v2\/pages\/14264\/revisions\/16477"}],"up":[{"embeddable":true,"href":"https:\/\/www.programador.online\/uifor\/wp-json\/wp\/v2\/pages\/15026"}],"wp:attachment":[{"href":"https:\/\/www.programador.online\/uifor\/wp-json\/wp\/v2\/media?parent=14264"}],"curies":[{"name":"wp","href":"https:\/\/api.w.org\/{rel}","templated":true}]}}